{"id":82215,"date":"2024-12-04T17:15:20","date_gmt":"2024-12-04T16:15:20","guid":{"rendered":"https:\/\/www.mesvendanges.com\/shop\/non%20class\u00e9\/muscade-du-sri-lanka-entiere-epices-shira-20gr\/"},"modified":"2025-05-01T15:44:29","modified_gmt":"2025-05-01T13:44:29","slug":"muscade-du-sri-lanka-entiere-epices-shira-20gr","status":"publish","type":"product","link":"https:\/\/www.mesvendanges.com\/fr\/boutique\/epicerie-et-accessoires\/muscade-du-sri-lanka-entiere-epices-shira-20gr\/","title":{"rendered":"MUSCADE DU SRI-LANKA &#8211; ENTIERE"},"content":{"rendered":"<p>\u00ab Harmonie de pin et de miel, la muscade d&#8217;Inde en touche finale sur vos plats \u00bb<\/p>\n<p>La noix de muscade biologique Shira provient de petites fermes traditionnelles du Kerala, en Inde o\u00f9 polyculture et biodiversit\u00e9 sont r\u00e8gle d\u2019or. Son parfum sophistiqu\u00e9 rappelle la vanille, le tabac brun, le poivre et le caramel. Au palais, on retrouve une fra\u00eecheur l\u00e9g\u00e8rement anis\u00e9e, poivr\u00e9e et bois\u00e9e. Au toucher, la noix est dure, lourde et l\u00e9g\u00e8rement grasse. Son \u00e9corce est rid\u00e9e d\u2019une couleur de bois clair et l\u2019int\u00e9rieur est parcouru de stries brunes.<\/p>\n","protected":false},"excerpt":{"rendered":"<p>\u00ab Harmonie de pin et de miel, la muscade d&#8217;Inde en touche finale sur vos plats \u00bb La noix de muscade biologique Shira provient de petites fermes traditionnelles du Kerala, en Inde o\u00f9 polyculture et biodiversit\u00e9 sont r\u00e8gle d\u2019or. Son parfum sophistiqu\u00e9 rappelle la vanille, le tabac brun, le poivre et le caramel. Au palais, [&hellip;]<\/p>\n","protected":false},"featured_media":65160,"template":"","meta":[],"product_cat":[3737],"product_tag":[],"acf":[],"yoast_head":"<!-- This site is optimized with the Yoast SEO plugin v19.3 - https:\/\/yoast.com\/wordpress\/plugins\/seo\/ -->\n<title>MUSCADE DU SRI-LANKA - ENTIERE - Mes Vendanges<\/title>\n<meta name=\"robots\" content=\"index, follow, max-snippet:-1, max-image-preview:large, max-video-preview:-1\" \/>\n<link rel=\"canonical\" href=\"https:\/\/www.mesvendanges.com\/fr\/boutique\/epicerie-et-accessoires\/muscade-du-sri-lanka-entiere-epices-shira-20gr\/\" \/>\n<meta property=\"og:locale\" content=\"fr_FR\" \/>\n<meta property=\"og:type\" content=\"article\" \/>\n<meta property=\"og:title\" content=\"MUSCADE DU SRI-LANKA - ENTIERE - Mes Vendanges\" \/>\n<meta property=\"og:description\" content=\"\u00ab Harmonie de pin et de miel, la muscade d&#8217;Inde en touche finale sur vos plats \u00bb La noix de muscade biologique Shira provient de petites fermes traditionnelles du Kerala, en Inde o\u00f9 polyculture et biodiversit\u00e9 sont r\u00e8gle d\u2019or. Son parfum sophistiqu\u00e9 rappelle la vanille, le tabac brun, le poivre et le caramel. Au palais, [&hellip;]\" \/>\n<meta property=\"og:url\" content=\"https:\/\/www.mesvendanges.com\/fr\/boutique\/epicerie-et-accessoires\/muscade-du-sri-lanka-entiere-epices-shira-20gr\/\" \/>\n<meta property=\"og:site_name\" content=\"Mes Vendanges\" \/>\n<meta property=\"article:modified_time\" content=\"2025-05-01T13:44:29+00:00\" \/>\n<meta property=\"og:image\" content=\"https:\/\/www.mesvendanges.com\/wp-content\/uploads\/2023\/06\/muscade-bio-du-kerala-jpg.jpg\" \/>\n\t<meta property=\"og:image:width\" content=\"1355\" \/>\n\t<meta property=\"og:image:height\" content=\"1500\" \/>\n\t<meta property=\"og:image:type\" content=\"image\/jpeg\" \/>\n<meta name=\"twitter:card\" content=\"summary_large_image\" \/>\n<meta name=\"twitter:label1\" content=\"Dur\u00e9e de lecture estim\u00e9e\" \/>\n\t<meta name=\"twitter:data1\" content=\"1 minute\" \/>\n<script type=\"application\/ld+json\" class=\"yoast-schema-graph\">{\"@context\":\"https:\/\/schema.org\",\"@graph\":[{\"@type\":\"Organization\",\"@id\":\"https:\/\/www.mesvendanges.com\/en\/#organization\",\"name\":\"Mes Vendanges\",\"url\":\"https:\/\/www.mesvendanges.com\/en\/\",\"sameAs\":[],\"logo\":{\"@type\":\"ImageObject\",\"inLanguage\":\"fr-FR\",\"@id\":\"https:\/\/www.mesvendanges.com\/en\/#\/schema\/logo\/image\/\",\"url\":\"https:\/\/www.mesvendanges.com\/wp-content\/uploads\/2022\/02\/logo-mesvendanges.jpg\",\"contentUrl\":\"https:\/\/www.mesvendanges.com\/wp-content\/uploads\/2022\/02\/logo-mesvendanges.jpg\",\"width\":851,\"height\":260,\"caption\":\"Mes Vendanges\"},\"image\":{\"@id\":\"https:\/\/www.mesvendanges.com\/en\/#\/schema\/logo\/image\/\"}},{\"@type\":\"WebSite\",\"@id\":\"https:\/\/www.mesvendanges.com\/en\/#website\",\"url\":\"https:\/\/www.mesvendanges.com\/en\/\",\"name\":\"Mes Vendanges\",\"description\":\"Des journ\u00e9es enti\u00e8res dans les vignes\",\"publisher\":{\"@id\":\"https:\/\/www.mesvendanges.com\/en\/#organization\"},\"potentialAction\":[{\"@type\":\"SearchAction\",\"target\":{\"@type\":\"EntryPoint\",\"urlTemplate\":\"https:\/\/www.mesvendanges.com\/en\/?s={search_term_string}\"},\"query-input\":\"required name=search_term_string\"}],\"inLanguage\":\"fr-FR\"},{\"@type\":\"ImageObject\",\"inLanguage\":\"fr-FR\",\"@id\":\"https:\/\/www.mesvendanges.com\/fr\/boutique\/epicerie-et-accessoires\/muscade-du-sri-lanka-entiere-epices-shira-20gr\/#primaryimage\",\"url\":\"https:\/\/www.mesvendanges.com\/wp-content\/uploads\/2023\/06\/muscade-bio-du-kerala-jpg.jpg\",\"contentUrl\":\"https:\/\/www.mesvendanges.com\/wp-content\/uploads\/2023\/06\/muscade-bio-du-kerala-jpg.jpg\",\"width\":1355,\"height\":1500},{\"@type\":\"WebPage\",\"@id\":\"https:\/\/www.mesvendanges.com\/fr\/boutique\/epicerie-et-accessoires\/muscade-du-sri-lanka-entiere-epices-shira-20gr\/\",\"url\":\"https:\/\/www.mesvendanges.com\/fr\/boutique\/epicerie-et-accessoires\/muscade-du-sri-lanka-entiere-epices-shira-20gr\/\",\"name\":\"MUSCADE DU SRI-LANKA - ENTIERE - Mes Vendanges\",\"isPartOf\":{\"@id\":\"https:\/\/www.mesvendanges.com\/en\/#website\"},\"primaryImageOfPage\":{\"@id\":\"https:\/\/www.mesvendanges.com\/fr\/boutique\/epicerie-et-accessoires\/muscade-du-sri-lanka-entiere-epices-shira-20gr\/#primaryimage\"},\"datePublished\":\"2024-12-04T16:15:20+00:00\",\"dateModified\":\"2025-05-01T13:44:29+00:00\",\"breadcrumb\":{\"@id\":\"https:\/\/www.mesvendanges.com\/fr\/boutique\/epicerie-et-accessoires\/muscade-du-sri-lanka-entiere-epices-shira-20gr\/#breadcrumb\"},\"inLanguage\":\"fr-FR\",\"potentialAction\":[{\"@type\":\"ReadAction\",\"target\":[\"https:\/\/www.mesvendanges.com\/fr\/boutique\/epicerie-et-accessoires\/muscade-du-sri-lanka-entiere-epices-shira-20gr\/\"]}]},{\"@type\":\"BreadcrumbList\",\"@id\":\"https:\/\/www.mesvendanges.com\/fr\/boutique\/epicerie-et-accessoires\/muscade-du-sri-lanka-entiere-epices-shira-20gr\/#breadcrumb\",\"itemListElement\":[{\"@type\":\"ListItem\",\"position\":1,\"name\":\"Accueil\",\"item\":\"https:\/\/www.mesvendanges.com\/fr\/\"},{\"@type\":\"ListItem\",\"position\":2,\"name\":\"Boutique\",\"item\":\"https:\/\/www.mesvendanges.com\/fr\/boutique\/\"},{\"@type\":\"ListItem\",\"position\":3,\"name\":\"MUSCADE DU SRI-LANKA &#8211; ENTIERE\"}]}]}<\/script>\n<!-- \/ Yoast SEO plugin. -->","yoast_head_json":{"title":"MUSCADE DU SRI-LANKA - ENTIERE - Mes Vendanges","robots":{"index":"index","follow":"follow","max-snippet":"max-snippet:-1","max-image-preview":"max-image-preview:large","max-video-preview":"max-video-preview:-1"},"canonical":"https:\/\/www.mesvendanges.com\/fr\/boutique\/epicerie-et-accessoires\/muscade-du-sri-lanka-entiere-epices-shira-20gr\/","og_locale":"fr_FR","og_type":"article","og_title":"MUSCADE DU SRI-LANKA - ENTIERE - Mes Vendanges","og_description":"\u00ab Harmonie de pin et de miel, la muscade d&#8217;Inde en touche finale sur vos plats \u00bb La noix de muscade biologique Shira provient de petites fermes traditionnelles du Kerala, en Inde o\u00f9 polyculture et biodiversit\u00e9 sont r\u00e8gle d\u2019or. Son parfum sophistiqu\u00e9 rappelle la vanille, le tabac brun, le poivre et le caramel. Au palais, [&hellip;]","og_url":"https:\/\/www.mesvendanges.com\/fr\/boutique\/epicerie-et-accessoires\/muscade-du-sri-lanka-entiere-epices-shira-20gr\/","og_site_name":"Mes Vendanges","article_modified_time":"2025-05-01T13:44:29+00:00","og_image":[{"width":1355,"height":1500,"url":"https:\/\/www.mesvendanges.com\/wp-content\/uploads\/2023\/06\/muscade-bio-du-kerala-jpg.jpg","type":"image\/jpeg"}],"twitter_card":"summary_large_image","twitter_misc":{"Dur\u00e9e de lecture estim\u00e9e":"1 minute"},"schema":{"@context":"https:\/\/schema.org","@graph":[{"@type":"Organization","@id":"https:\/\/www.mesvendanges.com\/en\/#organization","name":"Mes Vendanges","url":"https:\/\/www.mesvendanges.com\/en\/","sameAs":[],"logo":{"@type":"ImageObject","inLanguage":"fr-FR","@id":"https:\/\/www.mesvendanges.com\/en\/#\/schema\/logo\/image\/","url":"https:\/\/www.mesvendanges.com\/wp-content\/uploads\/2022\/02\/logo-mesvendanges.jpg","contentUrl":"https:\/\/www.mesvendanges.com\/wp-content\/uploads\/2022\/02\/logo-mesvendanges.jpg","width":851,"height":260,"caption":"Mes Vendanges"},"image":{"@id":"https:\/\/www.mesvendanges.com\/en\/#\/schema\/logo\/image\/"}},{"@type":"WebSite","@id":"https:\/\/www.mesvendanges.com\/en\/#website","url":"https:\/\/www.mesvendanges.com\/en\/","name":"Mes Vendanges","description":"Des journ\u00e9es enti\u00e8res dans les vignes","publisher":{"@id":"https:\/\/www.mesvendanges.com\/en\/#organization"},"potentialAction":[{"@type":"SearchAction","target":{"@type":"EntryPoint","urlTemplate":"https:\/\/www.mesvendanges.com\/en\/?s={search_term_string}"},"query-input":"required name=search_term_string"}],"inLanguage":"fr-FR"},{"@type":"ImageObject","inLanguage":"fr-FR","@id":"https:\/\/www.mesvendanges.com\/fr\/boutique\/epicerie-et-accessoires\/muscade-du-sri-lanka-entiere-epices-shira-20gr\/#primaryimage","url":"https:\/\/www.mesvendanges.com\/wp-content\/uploads\/2023\/06\/muscade-bio-du-kerala-jpg.jpg","contentUrl":"https:\/\/www.mesvendanges.com\/wp-content\/uploads\/2023\/06\/muscade-bio-du-kerala-jpg.jpg","width":1355,"height":1500},{"@type":"WebPage","@id":"https:\/\/www.mesvendanges.com\/fr\/boutique\/epicerie-et-accessoires\/muscade-du-sri-lanka-entiere-epices-shira-20gr\/","url":"https:\/\/www.mesvendanges.com\/fr\/boutique\/epicerie-et-accessoires\/muscade-du-sri-lanka-entiere-epices-shira-20gr\/","name":"MUSCADE DU SRI-LANKA - ENTIERE - Mes Vendanges","isPartOf":{"@id":"https:\/\/www.mesvendanges.com\/en\/#website"},"primaryImageOfPage":{"@id":"https:\/\/www.mesvendanges.com\/fr\/boutique\/epicerie-et-accessoires\/muscade-du-sri-lanka-entiere-epices-shira-20gr\/#primaryimage"},"datePublished":"2024-12-04T16:15:20+00:00","dateModified":"2025-05-01T13:44:29+00:00","breadcrumb":{"@id":"https:\/\/www.mesvendanges.com\/fr\/boutique\/epicerie-et-accessoires\/muscade-du-sri-lanka-entiere-epices-shira-20gr\/#breadcrumb"},"inLanguage":"fr-FR","potentialAction":[{"@type":"ReadAction","target":["https:\/\/www.mesvendanges.com\/fr\/boutique\/epicerie-et-accessoires\/muscade-du-sri-lanka-entiere-epices-shira-20gr\/"]}]},{"@type":"BreadcrumbList","@id":"https:\/\/www.mesvendanges.com\/fr\/boutique\/epicerie-et-accessoires\/muscade-du-sri-lanka-entiere-epices-shira-20gr\/#breadcrumb","itemListElement":[{"@type":"ListItem","position":1,"name":"Accueil","item":"https:\/\/www.mesvendanges.com\/fr\/"},{"@type":"ListItem","position":2,"name":"Boutique","item":"https:\/\/www.mesvendanges.com\/fr\/boutique\/"},{"@type":"ListItem","position":3,"name":"MUSCADE DU SRI-LANKA &#8211; ENTIERE"}]}]}},"_links":{"self":[{"href":"https:\/\/www.mesvendanges.com\/fr\/wp-json\/wp\/v2\/product\/82215"}],"collection":[{"href":"https:\/\/www.mesvendanges.com\/fr\/wp-json\/wp\/v2\/product"}],"about":[{"href":"https:\/\/www.mesvendanges.com\/fr\/wp-json\/wp\/v2\/types\/product"}],"wp:featuredmedia":[{"embeddable":true,"href":"https:\/\/www.mesvendanges.com\/fr\/wp-json\/wp\/v2\/media\/65160"}],"wp:attachment":[{"href":"https:\/\/www.mesvendanges.com\/fr\/wp-json\/wp\/v2\/media?parent=82215"}],"wp:term":[{"taxonomy":"product_cat","embeddable":true,"href":"https:\/\/www.mesvendanges.com\/fr\/wp-json\/wp\/v2\/product_cat?post=82215"},{"taxonomy":"product_tag","embeddable":true,"href":"https:\/\/www.mesvendanges.com\/fr\/wp-json\/wp\/v2\/product_tag?post=82215"}],"curies":[{"name":"wp","href":"https:\/\/api.w.org\/{rel}","templated":true}]}}