{"id":82333,"date":"2024-12-07T12:05:47","date_gmt":"2024-12-07T11:05:47","guid":{"rendered":"https:\/\/www.mesvendanges.com\/shop\/non%20class\u00e9\/lieu-dit-les-grandes-cotes-rp2011-2020-pierre-gerbais-75cl\/"},"modified":"2025-12-02T10:54:00","modified_gmt":"2025-12-02T09:54:00","slug":"lieu-dit-les-grandes-cotes-rp2011-2020-pierre-gerbais-75cl","status":"publish","type":"product","link":"https:\/\/www.mesvendanges.com\/fr\/boutique\/vins\/lieu-dit-les-grandes-cotes-rp2011-2020-pierre-gerbais-75cl\/","title":{"rendered":"LIEU-DIT LES GRANDES COTES (RP2011-2020)"},"content":{"rendered":"<p>L\u2019alliance de trois sols refl\u00e9tant l\u2019\u00e9quilibre et la puissance des terroirs du Portlandien et du Kimm\u00e9ridgien. 100% Pinot Noir sur le lieu-dit \u00ab LES GRANDES C\u00d4TES \u00bb<br \/>\nVignoble enracin\u00e9 sur terroir Kimm\u00e9ridgien, compos\u00e9 de marnes et de calcaires, situ\u00e9 exclusivement dans le village de Celles-sur-Ource, au coeur de la C\u00f4te des Bar.<br \/>\nR\u00e9serve perp\u00e9tuelle de 2011 \u00e0 2020\t<\/p>\n","protected":false},"excerpt":{"rendered":"<p>L\u2019alliance de trois sols refl\u00e9tant l\u2019\u00e9quilibre et la puissance des terroirs du Portlandien et du Kimm\u00e9ridgien. 100% Pinot Noir sur le lieu-dit \u00ab LES GRANDES C\u00d4TES \u00bb Vignoble enracin\u00e9 sur terroir Kimm\u00e9ridgien, compos\u00e9 de marnes et de calcaires, situ\u00e9 exclusivement dans le village de Celles-sur-Ource, au coeur de la C\u00f4te des Bar. R\u00e9serve perp\u00e9tuelle de [&hellip;]<\/p>\n","protected":false},"featured_media":58681,"template":"","meta":[],"product_cat":[3736],"product_tag":[],"acf":[],"yoast_head":"<!-- This site is optimized with the Yoast SEO plugin v19.3 - https:\/\/yoast.com\/wordpress\/plugins\/seo\/ -->\n<title>Lieu-dit Les Grandes C\u00f4tes - Champagne Pierre Gerbais<\/title>\n<meta name=\"description\" content=\"Lieu-dit Les Grandes C\u00f4tes - Champagne Pierre Gerbais, une bulle peine de finesse en direct de Celles-sur-Ource, \u00e0 d\u00e9couvrir !\" \/>\n<meta name=\"robots\" content=\"index, follow, max-snippet:-1, max-image-preview:large, max-video-preview:-1\" \/>\n<link rel=\"canonical\" href=\"https:\/\/www.mesvendanges.com\/fr\/boutique\/vins\/lieu-dit-les-grandes-cotes-rp2011-2020-pierre-gerbais-75cl\/\" \/>\n<meta property=\"og:locale\" content=\"fr_FR\" \/>\n<meta property=\"og:type\" content=\"article\" \/>\n<meta property=\"og:title\" content=\"Lieu-dit Les Grandes C\u00f4tes - Champagne Pierre Gerbais\" \/>\n<meta property=\"og:description\" content=\"Lieu-dit Les Grandes C\u00f4tes - Champagne Pierre Gerbais, une bulle peine de finesse en direct de Celles-sur-Ource, \u00e0 d\u00e9couvrir !\" \/>\n<meta property=\"og:url\" content=\"https:\/\/www.mesvendanges.com\/fr\/boutique\/vins\/lieu-dit-les-grandes-cotes-rp2011-2020-pierre-gerbais-75cl\/\" \/>\n<meta property=\"og:site_name\" content=\"Mes Vendanges\" \/>\n<meta property=\"article:modified_time\" content=\"2025-12-02T09:54:00+00:00\" \/>\n<meta property=\"og:image\" content=\"https:\/\/www.mesvendanges.com\/wp-content\/uploads\/2022\/09\/pierre-gerbais-lieu-dit-les-grandes-cotes-champagne-nm-75cl-effervescent-png.png\" \/>\n\t<meta property=\"og:image:width\" content=\"420\" \/>\n\t<meta property=\"og:image:height\" content=\"1500\" \/>\n\t<meta property=\"og:image:type\" content=\"image\/png\" \/>\n<meta name=\"twitter:card\" content=\"summary_large_image\" \/>\n<meta name=\"twitter:label1\" content=\"Dur\u00e9e de lecture estim\u00e9e\" \/>\n\t<meta name=\"twitter:data1\" content=\"1 minute\" \/>\n<script type=\"application\/ld+json\" class=\"yoast-schema-graph\">{\"@context\":\"https:\/\/schema.org\",\"@graph\":[{\"@type\":\"Organization\",\"@id\":\"https:\/\/www.mesvendanges.com\/en\/#organization\",\"name\":\"Mes Vendanges\",\"url\":\"https:\/\/www.mesvendanges.com\/en\/\",\"sameAs\":[],\"logo\":{\"@type\":\"ImageObject\",\"inLanguage\":\"fr-FR\",\"@id\":\"https:\/\/www.mesvendanges.com\/en\/#\/schema\/logo\/image\/\",\"url\":\"https:\/\/www.mesvendanges.com\/wp-content\/uploads\/2022\/02\/logo-mesvendanges.jpg\",\"contentUrl\":\"https:\/\/www.mesvendanges.com\/wp-content\/uploads\/2022\/02\/logo-mesvendanges.jpg\",\"width\":851,\"height\":260,\"caption\":\"Mes Vendanges\"},\"image\":{\"@id\":\"https:\/\/www.mesvendanges.com\/en\/#\/schema\/logo\/image\/\"}},{\"@type\":\"WebSite\",\"@id\":\"https:\/\/www.mesvendanges.com\/en\/#website\",\"url\":\"https:\/\/www.mesvendanges.com\/en\/\",\"name\":\"Mes Vendanges\",\"description\":\"Des journ\u00e9es enti\u00e8res dans les vignes\",\"publisher\":{\"@id\":\"https:\/\/www.mesvendanges.com\/en\/#organization\"},\"potentialAction\":[{\"@type\":\"SearchAction\",\"target\":{\"@type\":\"EntryPoint\",\"urlTemplate\":\"https:\/\/www.mesvendanges.com\/en\/?s={search_term_string}\"},\"query-input\":\"required name=search_term_string\"}],\"inLanguage\":\"fr-FR\"},{\"@type\":\"ImageObject\",\"inLanguage\":\"fr-FR\",\"@id\":\"https:\/\/www.mesvendanges.com\/fr\/boutique\/vins\/lieu-dit-les-grandes-cotes-rp2011-2020-pierre-gerbais-75cl\/#primaryimage\",\"url\":\"https:\/\/www.mesvendanges.com\/wp-content\/uploads\/2022\/09\/pierre-gerbais-lieu-dit-les-grandes-cotes-champagne-nm-75cl-effervescent-png.png\",\"contentUrl\":\"https:\/\/www.mesvendanges.com\/wp-content\/uploads\/2022\/09\/pierre-gerbais-lieu-dit-les-grandes-cotes-champagne-nm-75cl-effervescent-png.png\",\"width\":420,\"height\":1500},{\"@type\":\"WebPage\",\"@id\":\"https:\/\/www.mesvendanges.com\/fr\/boutique\/vins\/lieu-dit-les-grandes-cotes-rp2011-2020-pierre-gerbais-75cl\/\",\"url\":\"https:\/\/www.mesvendanges.com\/fr\/boutique\/vins\/lieu-dit-les-grandes-cotes-rp2011-2020-pierre-gerbais-75cl\/\",\"name\":\"Lieu-dit Les Grandes C\u00f4tes - Champagne Pierre Gerbais\",\"isPartOf\":{\"@id\":\"https:\/\/www.mesvendanges.com\/en\/#website\"},\"primaryImageOfPage\":{\"@id\":\"https:\/\/www.mesvendanges.com\/fr\/boutique\/vins\/lieu-dit-les-grandes-cotes-rp2011-2020-pierre-gerbais-75cl\/#primaryimage\"},\"datePublished\":\"2024-12-07T11:05:47+00:00\",\"dateModified\":\"2025-12-02T09:54:00+00:00\",\"description\":\"Lieu-dit Les Grandes C\u00f4tes - Champagne Pierre Gerbais, une bulle peine de finesse en direct de Celles-sur-Ource, \u00e0 d\u00e9couvrir !\",\"breadcrumb\":{\"@id\":\"https:\/\/www.mesvendanges.com\/fr\/boutique\/vins\/lieu-dit-les-grandes-cotes-rp2011-2020-pierre-gerbais-75cl\/#breadcrumb\"},\"inLanguage\":\"fr-FR\",\"potentialAction\":[{\"@type\":\"ReadAction\",\"target\":[\"https:\/\/www.mesvendanges.com\/fr\/boutique\/vins\/lieu-dit-les-grandes-cotes-rp2011-2020-pierre-gerbais-75cl\/\"]}]},{\"@type\":\"BreadcrumbList\",\"@id\":\"https:\/\/www.mesvendanges.com\/fr\/boutique\/vins\/lieu-dit-les-grandes-cotes-rp2011-2020-pierre-gerbais-75cl\/#breadcrumb\",\"itemListElement\":[{\"@type\":\"ListItem\",\"position\":1,\"name\":\"Accueil\",\"item\":\"https:\/\/www.mesvendanges.com\/fr\/\"},{\"@type\":\"ListItem\",\"position\":2,\"name\":\"Boutique\",\"item\":\"https:\/\/www.mesvendanges.com\/fr\/boutique\/\"},{\"@type\":\"ListItem\",\"position\":3,\"name\":\"LIEU-DIT LES GRANDES COTES (RP2011-2020)\"}]}]}<\/script>\n<!-- \/ Yoast SEO plugin. -->","yoast_head_json":{"title":"Lieu-dit Les Grandes C\u00f4tes - Champagne Pierre Gerbais","description":"Lieu-dit Les Grandes C\u00f4tes - Champagne Pierre Gerbais, une bulle peine de finesse en direct de Celles-sur-Ource, \u00e0 d\u00e9couvrir !","robots":{"index":"index","follow":"follow","max-snippet":"max-snippet:-1","max-image-preview":"max-image-preview:large","max-video-preview":"max-video-preview:-1"},"canonical":"https:\/\/www.mesvendanges.com\/fr\/boutique\/vins\/lieu-dit-les-grandes-cotes-rp2011-2020-pierre-gerbais-75cl\/","og_locale":"fr_FR","og_type":"article","og_title":"Lieu-dit Les Grandes C\u00f4tes - Champagne Pierre Gerbais","og_description":"Lieu-dit Les Grandes C\u00f4tes - Champagne Pierre Gerbais, une bulle peine de finesse en direct de Celles-sur-Ource, \u00e0 d\u00e9couvrir !","og_url":"https:\/\/www.mesvendanges.com\/fr\/boutique\/vins\/lieu-dit-les-grandes-cotes-rp2011-2020-pierre-gerbais-75cl\/","og_site_name":"Mes Vendanges","article_modified_time":"2025-12-02T09:54:00+00:00","og_image":[{"width":420,"height":1500,"url":"https:\/\/www.mesvendanges.com\/wp-content\/uploads\/2022\/09\/pierre-gerbais-lieu-dit-les-grandes-cotes-champagne-nm-75cl-effervescent-png.png","type":"image\/png"}],"twitter_card":"summary_large_image","twitter_misc":{"Dur\u00e9e de lecture estim\u00e9e":"1 minute"},"schema":{"@context":"https:\/\/schema.org","@graph":[{"@type":"Organization","@id":"https:\/\/www.mesvendanges.com\/en\/#organization","name":"Mes Vendanges","url":"https:\/\/www.mesvendanges.com\/en\/","sameAs":[],"logo":{"@type":"ImageObject","inLanguage":"fr-FR","@id":"https:\/\/www.mesvendanges.com\/en\/#\/schema\/logo\/image\/","url":"https:\/\/www.mesvendanges.com\/wp-content\/uploads\/2022\/02\/logo-mesvendanges.jpg","contentUrl":"https:\/\/www.mesvendanges.com\/wp-content\/uploads\/2022\/02\/logo-mesvendanges.jpg","width":851,"height":260,"caption":"Mes Vendanges"},"image":{"@id":"https:\/\/www.mesvendanges.com\/en\/#\/schema\/logo\/image\/"}},{"@type":"WebSite","@id":"https:\/\/www.mesvendanges.com\/en\/#website","url":"https:\/\/www.mesvendanges.com\/en\/","name":"Mes Vendanges","description":"Des journ\u00e9es enti\u00e8res dans les vignes","publisher":{"@id":"https:\/\/www.mesvendanges.com\/en\/#organization"},"potentialAction":[{"@type":"SearchAction","target":{"@type":"EntryPoint","urlTemplate":"https:\/\/www.mesvendanges.com\/en\/?s={search_term_string}"},"query-input":"required name=search_term_string"}],"inLanguage":"fr-FR"},{"@type":"ImageObject","inLanguage":"fr-FR","@id":"https:\/\/www.mesvendanges.com\/fr\/boutique\/vins\/lieu-dit-les-grandes-cotes-rp2011-2020-pierre-gerbais-75cl\/#primaryimage","url":"https:\/\/www.mesvendanges.com\/wp-content\/uploads\/2022\/09\/pierre-gerbais-lieu-dit-les-grandes-cotes-champagne-nm-75cl-effervescent-png.png","contentUrl":"https:\/\/www.mesvendanges.com\/wp-content\/uploads\/2022\/09\/pierre-gerbais-lieu-dit-les-grandes-cotes-champagne-nm-75cl-effervescent-png.png","width":420,"height":1500},{"@type":"WebPage","@id":"https:\/\/www.mesvendanges.com\/fr\/boutique\/vins\/lieu-dit-les-grandes-cotes-rp2011-2020-pierre-gerbais-75cl\/","url":"https:\/\/www.mesvendanges.com\/fr\/boutique\/vins\/lieu-dit-les-grandes-cotes-rp2011-2020-pierre-gerbais-75cl\/","name":"Lieu-dit Les Grandes C\u00f4tes - Champagne Pierre Gerbais","isPartOf":{"@id":"https:\/\/www.mesvendanges.com\/en\/#website"},"primaryImageOfPage":{"@id":"https:\/\/www.mesvendanges.com\/fr\/boutique\/vins\/lieu-dit-les-grandes-cotes-rp2011-2020-pierre-gerbais-75cl\/#primaryimage"},"datePublished":"2024-12-07T11:05:47+00:00","dateModified":"2025-12-02T09:54:00+00:00","description":"Lieu-dit Les Grandes C\u00f4tes - Champagne Pierre Gerbais, une bulle peine de finesse en direct de Celles-sur-Ource, \u00e0 d\u00e9couvrir !","breadcrumb":{"@id":"https:\/\/www.mesvendanges.com\/fr\/boutique\/vins\/lieu-dit-les-grandes-cotes-rp2011-2020-pierre-gerbais-75cl\/#breadcrumb"},"inLanguage":"fr-FR","potentialAction":[{"@type":"ReadAction","target":["https:\/\/www.mesvendanges.com\/fr\/boutique\/vins\/lieu-dit-les-grandes-cotes-rp2011-2020-pierre-gerbais-75cl\/"]}]},{"@type":"BreadcrumbList","@id":"https:\/\/www.mesvendanges.com\/fr\/boutique\/vins\/lieu-dit-les-grandes-cotes-rp2011-2020-pierre-gerbais-75cl\/#breadcrumb","itemListElement":[{"@type":"ListItem","position":1,"name":"Accueil","item":"https:\/\/www.mesvendanges.com\/fr\/"},{"@type":"ListItem","position":2,"name":"Boutique","item":"https:\/\/www.mesvendanges.com\/fr\/boutique\/"},{"@type":"ListItem","position":3,"name":"LIEU-DIT LES GRANDES COTES (RP2011-2020)"}]}]}},"_links":{"self":[{"href":"https:\/\/www.mesvendanges.com\/fr\/wp-json\/wp\/v2\/product\/82333"}],"collection":[{"href":"https:\/\/www.mesvendanges.com\/fr\/wp-json\/wp\/v2\/product"}],"about":[{"href":"https:\/\/www.mesvendanges.com\/fr\/wp-json\/wp\/v2\/types\/product"}],"wp:featuredmedia":[{"embeddable":true,"href":"https:\/\/www.mesvendanges.com\/fr\/wp-json\/wp\/v2\/media\/58681"}],"wp:attachment":[{"href":"https:\/\/www.mesvendanges.com\/fr\/wp-json\/wp\/v2\/media?parent=82333"}],"wp:term":[{"taxonomy":"product_cat","embeddable":true,"href":"https:\/\/www.mesvendanges.com\/fr\/wp-json\/wp\/v2\/product_cat?post=82333"},{"taxonomy":"product_tag","embeddable":true,"href":"https:\/\/www.mesvendanges.com\/fr\/wp-json\/wp\/v2\/product_tag?post=82333"}],"curies":[{"name":"wp","href":"https:\/\/api.w.org\/{rel}","templated":true}]}}