{"id":82448,"date":"2024-12-17T14:41:40","date_gmt":"2024-12-17T13:41:40","guid":{"rendered":"https:\/\/www.mesvendanges.com\/shop\/non%20class\u00e9\/weightless-fingers-anders-frederik-steen-2023-75cl\/"},"modified":"2026-04-08T10:45:30","modified_gmt":"2026-04-08T08:45:30","slug":"weightless-fingers-anders-frederik-steen-2023-75cl","status":"publish","type":"product","link":"https:\/\/www.mesvendanges.com\/fr\/boutique\/vins\/weightless-fingers-anders-frederik-steen-2023-75cl\/","title":{"rendered":"WEIGHTLESS FINGERS"},"content":{"rendered":"<p>Un ros\u00e9 issu des vignes de Anne Bruun Blauert et d&#8217;Anders Frederik Steen<\/p>\n<p>&#8220;Pressurage direct des raisins rouges et blancs. Pressurage vertical long et lent pendant cinq jours. Tous les raisins proviennent de nos vignobles situ\u00e9s sur le coteau au sud-est de Valvign\u00e8res &#8211; la zone appel\u00e9e Valgrand. Nous avons r\u00e9colt\u00e9 le grenache noir et le grenache blanc le m\u00eame jour et avons m\u00e9lang\u00e9 les deux vari\u00e9t\u00e9s directement dans le pressoir. La fermentation suivante a eu lieu dans une cuve en fibre de verre. L&#8217;\u00e9levage court de l&#8217;hiver et du printemps a \u00e9t\u00e9 sur les lies, ce qui explique l&#8217;amertume et le profil aromatique plus complexes. <\/p>\n<p>Comme nous le faisons souvent, les raisins ont \u00e9t\u00e9 r\u00e9colt\u00e9s tr\u00e8s m\u00fbrs. Cela donne bien s\u00fbr un alcool plus \u00e9lev\u00e9, mais en m\u00eame temps des ar\u00f4mes que l&#8217;on a moins tendance \u00e0 trouver dans les vins issus de Grenache. On pense, dans ce cas pr\u00e9cis, \u00e0 des saveurs comme le pamplemousse et les feuilles de rose. Ces ar\u00f4mes, combin\u00e9s \u00e0 la couleur ros\u00e9e tr\u00e8s claire &#8211; plus proche du blanc que du ros\u00e9 &#8211; placent notre premier Ros\u00e9 de 2023 un peu \u00e0 l&#8217;\u00e9cart de la cat\u00e9gorie Ros\u00e9 &#8211; Si vous \u00eates plus \u00e0 l&#8217;aise en l&#8217;appelant blanc plut\u00f4t que ros\u00e9, nous sommes tout \u00e0 fait d&#8217;accord. Nous avons mis le vin en bouteille en juin, directement \u00e0 partir de la cuv\u00e9e, sans faire de soutirage.&#8221; ABB &#038; AFS\t<\/p>\n","protected":false},"excerpt":{"rendered":"<p>Un ros\u00e9 issu des vignes de Anne Bruun Blauert et d&#8217;Anders Frederik Steen &#8220;Pressurage direct des raisins rouges et blancs. Pressurage vertical long et lent pendant cinq jours. Tous les raisins proviennent de nos vignobles situ\u00e9s sur le coteau au sud-est de Valvign\u00e8res &#8211; la zone appel\u00e9e Valgrand. Nous avons r\u00e9colt\u00e9 le grenache noir et [&hellip;]<\/p>\n","protected":false},"featured_media":82526,"template":"","meta":[],"product_cat":[3736],"product_tag":[],"acf":[],"yoast_head":"<!-- This site is optimized with the Yoast SEO plugin v19.3 - https:\/\/yoast.com\/wordpress\/plugins\/seo\/ -->\n<title>WEIGHTLESS FINGERS - Mes Vendanges<\/title>\n<meta name=\"robots\" content=\"index, follow, max-snippet:-1, max-image-preview:large, max-video-preview:-1\" \/>\n<link rel=\"canonical\" href=\"https:\/\/www.mesvendanges.com\/fr\/boutique\/vins\/weightless-fingers-anders-frederik-steen-2023-75cl\/\" \/>\n<meta property=\"og:locale\" content=\"fr_FR\" \/>\n<meta property=\"og:type\" content=\"article\" \/>\n<meta property=\"og:title\" content=\"WEIGHTLESS FINGERS - Mes Vendanges\" \/>\n<meta property=\"og:description\" content=\"Un ros\u00e9 issu des vignes de Anne Bruun Blauert et d&#8217;Anders Frederik Steen &#8220;Pressurage direct des raisins rouges et blancs. Pressurage vertical long et lent pendant cinq jours. Tous les raisins proviennent de nos vignobles situ\u00e9s sur le coteau au sud-est de Valvign\u00e8res &#8211; la zone appel\u00e9e Valgrand. Nous avons r\u00e9colt\u00e9 le grenache noir et [&hellip;]\" \/>\n<meta property=\"og:url\" content=\"https:\/\/www.mesvendanges.com\/fr\/boutique\/vins\/weightless-fingers-anders-frederik-steen-2023-75cl\/\" \/>\n<meta property=\"og:site_name\" content=\"Mes Vendanges\" \/>\n<meta property=\"article:modified_time\" content=\"2026-04-08T08:45:30+00:00\" \/>\n<meta property=\"og:image\" content=\"https:\/\/www.mesvendanges.com\/wp-content\/uploads\/2024\/12\/anders-frederik-steen-weightless-fingers-2023-png.png\" \/>\n\t<meta property=\"og:image:width\" content=\"393\" \/>\n\t<meta property=\"og:image:height\" content=\"1500\" \/>\n\t<meta property=\"og:image:type\" content=\"image\/png\" \/>\n<meta name=\"twitter:card\" content=\"summary_large_image\" \/>\n<meta name=\"twitter:label1\" content=\"Dur\u00e9e de lecture estim\u00e9e\" \/>\n\t<meta name=\"twitter:data1\" content=\"1 minute\" \/>\n<script type=\"application\/ld+json\" class=\"yoast-schema-graph\">{\"@context\":\"https:\/\/schema.org\",\"@graph\":[{\"@type\":\"Organization\",\"@id\":\"https:\/\/www.mesvendanges.com\/en\/#organization\",\"name\":\"Mes Vendanges\",\"url\":\"https:\/\/www.mesvendanges.com\/en\/\",\"sameAs\":[],\"logo\":{\"@type\":\"ImageObject\",\"inLanguage\":\"fr-FR\",\"@id\":\"https:\/\/www.mesvendanges.com\/en\/#\/schema\/logo\/image\/\",\"url\":\"https:\/\/www.mesvendanges.com\/wp-content\/uploads\/2022\/02\/logo-mesvendanges.jpg\",\"contentUrl\":\"https:\/\/www.mesvendanges.com\/wp-content\/uploads\/2022\/02\/logo-mesvendanges.jpg\",\"width\":851,\"height\":260,\"caption\":\"Mes Vendanges\"},\"image\":{\"@id\":\"https:\/\/www.mesvendanges.com\/en\/#\/schema\/logo\/image\/\"}},{\"@type\":\"WebSite\",\"@id\":\"https:\/\/www.mesvendanges.com\/en\/#website\",\"url\":\"https:\/\/www.mesvendanges.com\/en\/\",\"name\":\"Mes Vendanges\",\"description\":\"Des journ\u00e9es enti\u00e8res dans les vignes\",\"publisher\":{\"@id\":\"https:\/\/www.mesvendanges.com\/en\/#organization\"},\"potentialAction\":[{\"@type\":\"SearchAction\",\"target\":{\"@type\":\"EntryPoint\",\"urlTemplate\":\"https:\/\/www.mesvendanges.com\/en\/?s={search_term_string}\"},\"query-input\":\"required name=search_term_string\"}],\"inLanguage\":\"fr-FR\"},{\"@type\":\"ImageObject\",\"inLanguage\":\"fr-FR\",\"@id\":\"https:\/\/www.mesvendanges.com\/fr\/boutique\/vins\/weightless-fingers-anders-frederik-steen-2023-75cl\/#primaryimage\",\"url\":\"https:\/\/www.mesvendanges.com\/wp-content\/uploads\/2024\/12\/anders-frederik-steen-weightless-fingers-2023-png.png\",\"contentUrl\":\"https:\/\/www.mesvendanges.com\/wp-content\/uploads\/2024\/12\/anders-frederik-steen-weightless-fingers-2023-png.png\",\"width\":393,\"height\":1500},{\"@type\":\"WebPage\",\"@id\":\"https:\/\/www.mesvendanges.com\/fr\/boutique\/vins\/weightless-fingers-anders-frederik-steen-2023-75cl\/\",\"url\":\"https:\/\/www.mesvendanges.com\/fr\/boutique\/vins\/weightless-fingers-anders-frederik-steen-2023-75cl\/\",\"name\":\"WEIGHTLESS FINGERS - Mes Vendanges\",\"isPartOf\":{\"@id\":\"https:\/\/www.mesvendanges.com\/en\/#website\"},\"primaryImageOfPage\":{\"@id\":\"https:\/\/www.mesvendanges.com\/fr\/boutique\/vins\/weightless-fingers-anders-frederik-steen-2023-75cl\/#primaryimage\"},\"datePublished\":\"2024-12-17T13:41:40+00:00\",\"dateModified\":\"2026-04-08T08:45:30+00:00\",\"breadcrumb\":{\"@id\":\"https:\/\/www.mesvendanges.com\/fr\/boutique\/vins\/weightless-fingers-anders-frederik-steen-2023-75cl\/#breadcrumb\"},\"inLanguage\":\"fr-FR\",\"potentialAction\":[{\"@type\":\"ReadAction\",\"target\":[\"https:\/\/www.mesvendanges.com\/fr\/boutique\/vins\/weightless-fingers-anders-frederik-steen-2023-75cl\/\"]}]},{\"@type\":\"BreadcrumbList\",\"@id\":\"https:\/\/www.mesvendanges.com\/fr\/boutique\/vins\/weightless-fingers-anders-frederik-steen-2023-75cl\/#breadcrumb\",\"itemListElement\":[{\"@type\":\"ListItem\",\"position\":1,\"name\":\"Accueil\",\"item\":\"https:\/\/www.mesvendanges.com\/fr\/\"},{\"@type\":\"ListItem\",\"position\":2,\"name\":\"Boutique\",\"item\":\"https:\/\/www.mesvendanges.com\/fr\/boutique\/\"},{\"@type\":\"ListItem\",\"position\":3,\"name\":\"WEIGHTLESS FINGERS\"}]}]}<\/script>\n<!-- \/ Yoast SEO plugin. -->","yoast_head_json":{"title":"WEIGHTLESS FINGERS - Mes Vendanges","robots":{"index":"index","follow":"follow","max-snippet":"max-snippet:-1","max-image-preview":"max-image-preview:large","max-video-preview":"max-video-preview:-1"},"canonical":"https:\/\/www.mesvendanges.com\/fr\/boutique\/vins\/weightless-fingers-anders-frederik-steen-2023-75cl\/","og_locale":"fr_FR","og_type":"article","og_title":"WEIGHTLESS FINGERS - Mes Vendanges","og_description":"Un ros\u00e9 issu des vignes de Anne Bruun Blauert et d&#8217;Anders Frederik Steen &#8220;Pressurage direct des raisins rouges et blancs. Pressurage vertical long et lent pendant cinq jours. Tous les raisins proviennent de nos vignobles situ\u00e9s sur le coteau au sud-est de Valvign\u00e8res &#8211; la zone appel\u00e9e Valgrand. Nous avons r\u00e9colt\u00e9 le grenache noir et [&hellip;]","og_url":"https:\/\/www.mesvendanges.com\/fr\/boutique\/vins\/weightless-fingers-anders-frederik-steen-2023-75cl\/","og_site_name":"Mes Vendanges","article_modified_time":"2026-04-08T08:45:30+00:00","og_image":[{"width":393,"height":1500,"url":"https:\/\/www.mesvendanges.com\/wp-content\/uploads\/2024\/12\/anders-frederik-steen-weightless-fingers-2023-png.png","type":"image\/png"}],"twitter_card":"summary_large_image","twitter_misc":{"Dur\u00e9e de lecture estim\u00e9e":"1 minute"},"schema":{"@context":"https:\/\/schema.org","@graph":[{"@type":"Organization","@id":"https:\/\/www.mesvendanges.com\/en\/#organization","name":"Mes Vendanges","url":"https:\/\/www.mesvendanges.com\/en\/","sameAs":[],"logo":{"@type":"ImageObject","inLanguage":"fr-FR","@id":"https:\/\/www.mesvendanges.com\/en\/#\/schema\/logo\/image\/","url":"https:\/\/www.mesvendanges.com\/wp-content\/uploads\/2022\/02\/logo-mesvendanges.jpg","contentUrl":"https:\/\/www.mesvendanges.com\/wp-content\/uploads\/2022\/02\/logo-mesvendanges.jpg","width":851,"height":260,"caption":"Mes Vendanges"},"image":{"@id":"https:\/\/www.mesvendanges.com\/en\/#\/schema\/logo\/image\/"}},{"@type":"WebSite","@id":"https:\/\/www.mesvendanges.com\/en\/#website","url":"https:\/\/www.mesvendanges.com\/en\/","name":"Mes Vendanges","description":"Des journ\u00e9es enti\u00e8res dans les vignes","publisher":{"@id":"https:\/\/www.mesvendanges.com\/en\/#organization"},"potentialAction":[{"@type":"SearchAction","target":{"@type":"EntryPoint","urlTemplate":"https:\/\/www.mesvendanges.com\/en\/?s={search_term_string}"},"query-input":"required name=search_term_string"}],"inLanguage":"fr-FR"},{"@type":"ImageObject","inLanguage":"fr-FR","@id":"https:\/\/www.mesvendanges.com\/fr\/boutique\/vins\/weightless-fingers-anders-frederik-steen-2023-75cl\/#primaryimage","url":"https:\/\/www.mesvendanges.com\/wp-content\/uploads\/2024\/12\/anders-frederik-steen-weightless-fingers-2023-png.png","contentUrl":"https:\/\/www.mesvendanges.com\/wp-content\/uploads\/2024\/12\/anders-frederik-steen-weightless-fingers-2023-png.png","width":393,"height":1500},{"@type":"WebPage","@id":"https:\/\/www.mesvendanges.com\/fr\/boutique\/vins\/weightless-fingers-anders-frederik-steen-2023-75cl\/","url":"https:\/\/www.mesvendanges.com\/fr\/boutique\/vins\/weightless-fingers-anders-frederik-steen-2023-75cl\/","name":"WEIGHTLESS FINGERS - Mes Vendanges","isPartOf":{"@id":"https:\/\/www.mesvendanges.com\/en\/#website"},"primaryImageOfPage":{"@id":"https:\/\/www.mesvendanges.com\/fr\/boutique\/vins\/weightless-fingers-anders-frederik-steen-2023-75cl\/#primaryimage"},"datePublished":"2024-12-17T13:41:40+00:00","dateModified":"2026-04-08T08:45:30+00:00","breadcrumb":{"@id":"https:\/\/www.mesvendanges.com\/fr\/boutique\/vins\/weightless-fingers-anders-frederik-steen-2023-75cl\/#breadcrumb"},"inLanguage":"fr-FR","potentialAction":[{"@type":"ReadAction","target":["https:\/\/www.mesvendanges.com\/fr\/boutique\/vins\/weightless-fingers-anders-frederik-steen-2023-75cl\/"]}]},{"@type":"BreadcrumbList","@id":"https:\/\/www.mesvendanges.com\/fr\/boutique\/vins\/weightless-fingers-anders-frederik-steen-2023-75cl\/#breadcrumb","itemListElement":[{"@type":"ListItem","position":1,"name":"Accueil","item":"https:\/\/www.mesvendanges.com\/fr\/"},{"@type":"ListItem","position":2,"name":"Boutique","item":"https:\/\/www.mesvendanges.com\/fr\/boutique\/"},{"@type":"ListItem","position":3,"name":"WEIGHTLESS FINGERS"}]}]}},"_links":{"self":[{"href":"https:\/\/www.mesvendanges.com\/fr\/wp-json\/wp\/v2\/product\/82448"}],"collection":[{"href":"https:\/\/www.mesvendanges.com\/fr\/wp-json\/wp\/v2\/product"}],"about":[{"href":"https:\/\/www.mesvendanges.com\/fr\/wp-json\/wp\/v2\/types\/product"}],"wp:featuredmedia":[{"embeddable":true,"href":"https:\/\/www.mesvendanges.com\/fr\/wp-json\/wp\/v2\/media\/82526"}],"wp:attachment":[{"href":"https:\/\/www.mesvendanges.com\/fr\/wp-json\/wp\/v2\/media?parent=82448"}],"wp:term":[{"taxonomy":"product_cat","embeddable":true,"href":"https:\/\/www.mesvendanges.com\/fr\/wp-json\/wp\/v2\/product_cat?post=82448"},{"taxonomy":"product_tag","embeddable":true,"href":"https:\/\/www.mesvendanges.com\/fr\/wp-json\/wp\/v2\/product_tag?post=82448"}],"curies":[{"name":"wp","href":"https:\/\/api.w.org\/{rel}","templated":true}]}}