{"id":82458,"date":"2024-12-17T15:34:24","date_gmt":"2024-12-17T14:34:24","guid":{"rendered":"https:\/\/www.mesvendanges.com\/shop\/non%20class\u00e9\/its-the-smell-of-the-pine-trees-by-the-sea-that-i-prefer-anders-frederik-steen-2019-50cl\/"},"modified":"2025-05-01T14:06:02","modified_gmt":"2025-05-01T12:06:02","slug":"its-the-smell-of-the-pine-trees-by-the-sea-that-i-prefer-anders-frederik-steen-2019-50cl","status":"publish","type":"product","link":"https:\/\/www.mesvendanges.com\/fr\/boutique\/vins\/its-the-smell-of-the-pine-trees-by-the-sea-that-i-prefer-anders-frederik-steen-2019-50cl\/","title":{"rendered":"IT&#8217;S THE SMELL OF THE PINE TREES BY THE SEA THAT I PREFER"},"content":{"rendered":"<p>Vins issus du domaine du Bannwarth \u00e0 Obermorschwihr<\/p>\n<p>&#8220;Ce vin est un exemple rare d&#8217;assemblage de notre cave. Il a \u00e9t\u00e9 \u00e9labor\u00e9 longtemps apr\u00e8s que les raisins aient \u00e9t\u00e9 r\u00e9colt\u00e9s et press\u00e9s. Au moment de la mise en bouteille, nous avons d\u00e9cid\u00e9 d&#8217;assembler quelques barriques de vin unique, toutes de 2019, mais toutes de m\u00e9langes diff\u00e9rents. Cela nous a permis d&#8217;obtenir une expression plus \u00e9quilibr\u00e9e et complexe des diff\u00e9rentes barriques. Et un peu plus de volume que ce que les barriques individuelles pouvaient nous offrir. Nous avons fait cet assemblage en mai 2024 et nous pensons que le vin, apr\u00e8s six mois en bouteilles, est pr\u00eat \u00e0 \u00eatre bu. Comme toutes nos barriques, elles n&#8217;ont pas \u00e9t\u00e9 ouill\u00e9es et le vin a donc d\u00e9velopp\u00e9 des notes oxydatives.<br \/>\n &#8221; ABB &#038; AFS<\/p>\n","protected":false},"excerpt":{"rendered":"<p>Vins issus du domaine du Bannwarth \u00e0 Obermorschwihr &#8220;Ce vin est un exemple rare d&#8217;assemblage de notre cave. Il a \u00e9t\u00e9 \u00e9labor\u00e9 longtemps apr\u00e8s que les raisins aient \u00e9t\u00e9 r\u00e9colt\u00e9s et press\u00e9s. Au moment de la mise en bouteille, nous avons d\u00e9cid\u00e9 d&#8217;assembler quelques barriques de vin unique, toutes de 2019, mais toutes de m\u00e9langes [&hellip;]<\/p>\n","protected":false},"featured_media":82522,"template":"","meta":[],"product_cat":[3736],"product_tag":[],"acf":[],"yoast_head":"<!-- This site is optimized with the Yoast SEO plugin v19.3 - https:\/\/yoast.com\/wordpress\/plugins\/seo\/ -->\n<title>IT&#039;S THE SMELL OF THE PINE TREES BY THE SEA THAT I PREFER - Mes Vendanges<\/title>\n<meta name=\"robots\" content=\"index, follow, max-snippet:-1, max-image-preview:large, max-video-preview:-1\" \/>\n<link rel=\"canonical\" href=\"https:\/\/www.mesvendanges.com\/fr\/boutique\/vins\/its-the-smell-of-the-pine-trees-by-the-sea-that-i-prefer-anders-frederik-steen-2019-50cl\/\" \/>\n<meta property=\"og:locale\" content=\"fr_FR\" \/>\n<meta property=\"og:type\" content=\"article\" \/>\n<meta property=\"og:title\" content=\"IT&#039;S THE SMELL OF THE PINE TREES BY THE SEA THAT I PREFER - Mes Vendanges\" \/>\n<meta property=\"og:description\" content=\"Vins issus du domaine du Bannwarth \u00e0 Obermorschwihr &#8220;Ce vin est un exemple rare d&#8217;assemblage de notre cave. Il a \u00e9t\u00e9 \u00e9labor\u00e9 longtemps apr\u00e8s que les raisins aient \u00e9t\u00e9 r\u00e9colt\u00e9s et press\u00e9s. Au moment de la mise en bouteille, nous avons d\u00e9cid\u00e9 d&#8217;assembler quelques barriques de vin unique, toutes de 2019, mais toutes de m\u00e9langes [&hellip;]\" \/>\n<meta property=\"og:url\" content=\"https:\/\/www.mesvendanges.com\/fr\/boutique\/vins\/its-the-smell-of-the-pine-trees-by-the-sea-that-i-prefer-anders-frederik-steen-2019-50cl\/\" \/>\n<meta property=\"og:site_name\" content=\"Mes Vendanges\" \/>\n<meta property=\"article:modified_time\" content=\"2025-05-01T12:06:02+00:00\" \/>\n<meta property=\"og:image\" content=\"https:\/\/www.mesvendanges.com\/wp-content\/uploads\/2024\/12\/anders-frederik-steen-its-the-smell-of-the-pine-trees-by-the-sea-that-i-prefer-2019-png.png\" \/>\n\t<meta property=\"og:image:width\" content=\"464\" \/>\n\t<meta property=\"og:image:height\" content=\"1500\" \/>\n\t<meta property=\"og:image:type\" content=\"image\/png\" \/>\n<meta name=\"twitter:card\" content=\"summary_large_image\" \/>\n<meta name=\"twitter:label1\" content=\"Dur\u00e9e de lecture estim\u00e9e\" \/>\n\t<meta name=\"twitter:data1\" content=\"1 minute\" \/>\n<script type=\"application\/ld+json\" class=\"yoast-schema-graph\">{\"@context\":\"https:\/\/schema.org\",\"@graph\":[{\"@type\":\"Organization\",\"@id\":\"https:\/\/www.mesvendanges.com\/en\/#organization\",\"name\":\"Mes Vendanges\",\"url\":\"https:\/\/www.mesvendanges.com\/en\/\",\"sameAs\":[],\"logo\":{\"@type\":\"ImageObject\",\"inLanguage\":\"fr-FR\",\"@id\":\"https:\/\/www.mesvendanges.com\/en\/#\/schema\/logo\/image\/\",\"url\":\"https:\/\/www.mesvendanges.com\/wp-content\/uploads\/2022\/02\/logo-mesvendanges.jpg\",\"contentUrl\":\"https:\/\/www.mesvendanges.com\/wp-content\/uploads\/2022\/02\/logo-mesvendanges.jpg\",\"width\":851,\"height\":260,\"caption\":\"Mes Vendanges\"},\"image\":{\"@id\":\"https:\/\/www.mesvendanges.com\/en\/#\/schema\/logo\/image\/\"}},{\"@type\":\"WebSite\",\"@id\":\"https:\/\/www.mesvendanges.com\/en\/#website\",\"url\":\"https:\/\/www.mesvendanges.com\/en\/\",\"name\":\"Mes Vendanges\",\"description\":\"Des journ\u00e9es enti\u00e8res dans les vignes\",\"publisher\":{\"@id\":\"https:\/\/www.mesvendanges.com\/en\/#organization\"},\"potentialAction\":[{\"@type\":\"SearchAction\",\"target\":{\"@type\":\"EntryPoint\",\"urlTemplate\":\"https:\/\/www.mesvendanges.com\/en\/?s={search_term_string}\"},\"query-input\":\"required name=search_term_string\"}],\"inLanguage\":\"fr-FR\"},{\"@type\":\"ImageObject\",\"inLanguage\":\"fr-FR\",\"@id\":\"https:\/\/www.mesvendanges.com\/fr\/boutique\/vins\/its-the-smell-of-the-pine-trees-by-the-sea-that-i-prefer-anders-frederik-steen-2019-50cl\/#primaryimage\",\"url\":\"https:\/\/www.mesvendanges.com\/wp-content\/uploads\/2024\/12\/anders-frederik-steen-its-the-smell-of-the-pine-trees-by-the-sea-that-i-prefer-2019-png.png\",\"contentUrl\":\"https:\/\/www.mesvendanges.com\/wp-content\/uploads\/2024\/12\/anders-frederik-steen-its-the-smell-of-the-pine-trees-by-the-sea-that-i-prefer-2019-png.png\",\"width\":464,\"height\":1500},{\"@type\":\"WebPage\",\"@id\":\"https:\/\/www.mesvendanges.com\/fr\/boutique\/vins\/its-the-smell-of-the-pine-trees-by-the-sea-that-i-prefer-anders-frederik-steen-2019-50cl\/\",\"url\":\"https:\/\/www.mesvendanges.com\/fr\/boutique\/vins\/its-the-smell-of-the-pine-trees-by-the-sea-that-i-prefer-anders-frederik-steen-2019-50cl\/\",\"name\":\"IT'S THE SMELL OF THE PINE TREES BY THE SEA THAT I PREFER - Mes Vendanges\",\"isPartOf\":{\"@id\":\"https:\/\/www.mesvendanges.com\/en\/#website\"},\"primaryImageOfPage\":{\"@id\":\"https:\/\/www.mesvendanges.com\/fr\/boutique\/vins\/its-the-smell-of-the-pine-trees-by-the-sea-that-i-prefer-anders-frederik-steen-2019-50cl\/#primaryimage\"},\"datePublished\":\"2024-12-17T14:34:24+00:00\",\"dateModified\":\"2025-05-01T12:06:02+00:00\",\"breadcrumb\":{\"@id\":\"https:\/\/www.mesvendanges.com\/fr\/boutique\/vins\/its-the-smell-of-the-pine-trees-by-the-sea-that-i-prefer-anders-frederik-steen-2019-50cl\/#breadcrumb\"},\"inLanguage\":\"fr-FR\",\"potentialAction\":[{\"@type\":\"ReadAction\",\"target\":[\"https:\/\/www.mesvendanges.com\/fr\/boutique\/vins\/its-the-smell-of-the-pine-trees-by-the-sea-that-i-prefer-anders-frederik-steen-2019-50cl\/\"]}]},{\"@type\":\"BreadcrumbList\",\"@id\":\"https:\/\/www.mesvendanges.com\/fr\/boutique\/vins\/its-the-smell-of-the-pine-trees-by-the-sea-that-i-prefer-anders-frederik-steen-2019-50cl\/#breadcrumb\",\"itemListElement\":[{\"@type\":\"ListItem\",\"position\":1,\"name\":\"Accueil\",\"item\":\"https:\/\/www.mesvendanges.com\/fr\/\"},{\"@type\":\"ListItem\",\"position\":2,\"name\":\"Boutique\",\"item\":\"https:\/\/www.mesvendanges.com\/fr\/boutique\/\"},{\"@type\":\"ListItem\",\"position\":3,\"name\":\"IT&#8217;S THE SMELL OF THE PINE TREES BY THE SEA THAT I PREFER\"}]}]}<\/script>\n<!-- \/ Yoast SEO plugin. -->","yoast_head_json":{"title":"IT'S THE SMELL OF THE PINE TREES BY THE SEA THAT I PREFER - Mes Vendanges","robots":{"index":"index","follow":"follow","max-snippet":"max-snippet:-1","max-image-preview":"max-image-preview:large","max-video-preview":"max-video-preview:-1"},"canonical":"https:\/\/www.mesvendanges.com\/fr\/boutique\/vins\/its-the-smell-of-the-pine-trees-by-the-sea-that-i-prefer-anders-frederik-steen-2019-50cl\/","og_locale":"fr_FR","og_type":"article","og_title":"IT'S THE SMELL OF THE PINE TREES BY THE SEA THAT I PREFER - Mes Vendanges","og_description":"Vins issus du domaine du Bannwarth \u00e0 Obermorschwihr &#8220;Ce vin est un exemple rare d&#8217;assemblage de notre cave. Il a \u00e9t\u00e9 \u00e9labor\u00e9 longtemps apr\u00e8s que les raisins aient \u00e9t\u00e9 r\u00e9colt\u00e9s et press\u00e9s. Au moment de la mise en bouteille, nous avons d\u00e9cid\u00e9 d&#8217;assembler quelques barriques de vin unique, toutes de 2019, mais toutes de m\u00e9langes [&hellip;]","og_url":"https:\/\/www.mesvendanges.com\/fr\/boutique\/vins\/its-the-smell-of-the-pine-trees-by-the-sea-that-i-prefer-anders-frederik-steen-2019-50cl\/","og_site_name":"Mes Vendanges","article_modified_time":"2025-05-01T12:06:02+00:00","og_image":[{"width":464,"height":1500,"url":"https:\/\/www.mesvendanges.com\/wp-content\/uploads\/2024\/12\/anders-frederik-steen-its-the-smell-of-the-pine-trees-by-the-sea-that-i-prefer-2019-png.png","type":"image\/png"}],"twitter_card":"summary_large_image","twitter_misc":{"Dur\u00e9e de lecture estim\u00e9e":"1 minute"},"schema":{"@context":"https:\/\/schema.org","@graph":[{"@type":"Organization","@id":"https:\/\/www.mesvendanges.com\/en\/#organization","name":"Mes Vendanges","url":"https:\/\/www.mesvendanges.com\/en\/","sameAs":[],"logo":{"@type":"ImageObject","inLanguage":"fr-FR","@id":"https:\/\/www.mesvendanges.com\/en\/#\/schema\/logo\/image\/","url":"https:\/\/www.mesvendanges.com\/wp-content\/uploads\/2022\/02\/logo-mesvendanges.jpg","contentUrl":"https:\/\/www.mesvendanges.com\/wp-content\/uploads\/2022\/02\/logo-mesvendanges.jpg","width":851,"height":260,"caption":"Mes Vendanges"},"image":{"@id":"https:\/\/www.mesvendanges.com\/en\/#\/schema\/logo\/image\/"}},{"@type":"WebSite","@id":"https:\/\/www.mesvendanges.com\/en\/#website","url":"https:\/\/www.mesvendanges.com\/en\/","name":"Mes Vendanges","description":"Des journ\u00e9es enti\u00e8res dans les vignes","publisher":{"@id":"https:\/\/www.mesvendanges.com\/en\/#organization"},"potentialAction":[{"@type":"SearchAction","target":{"@type":"EntryPoint","urlTemplate":"https:\/\/www.mesvendanges.com\/en\/?s={search_term_string}"},"query-input":"required name=search_term_string"}],"inLanguage":"fr-FR"},{"@type":"ImageObject","inLanguage":"fr-FR","@id":"https:\/\/www.mesvendanges.com\/fr\/boutique\/vins\/its-the-smell-of-the-pine-trees-by-the-sea-that-i-prefer-anders-frederik-steen-2019-50cl\/#primaryimage","url":"https:\/\/www.mesvendanges.com\/wp-content\/uploads\/2024\/12\/anders-frederik-steen-its-the-smell-of-the-pine-trees-by-the-sea-that-i-prefer-2019-png.png","contentUrl":"https:\/\/www.mesvendanges.com\/wp-content\/uploads\/2024\/12\/anders-frederik-steen-its-the-smell-of-the-pine-trees-by-the-sea-that-i-prefer-2019-png.png","width":464,"height":1500},{"@type":"WebPage","@id":"https:\/\/www.mesvendanges.com\/fr\/boutique\/vins\/its-the-smell-of-the-pine-trees-by-the-sea-that-i-prefer-anders-frederik-steen-2019-50cl\/","url":"https:\/\/www.mesvendanges.com\/fr\/boutique\/vins\/its-the-smell-of-the-pine-trees-by-the-sea-that-i-prefer-anders-frederik-steen-2019-50cl\/","name":"IT'S THE SMELL OF THE PINE TREES BY THE SEA THAT I PREFER - Mes Vendanges","isPartOf":{"@id":"https:\/\/www.mesvendanges.com\/en\/#website"},"primaryImageOfPage":{"@id":"https:\/\/www.mesvendanges.com\/fr\/boutique\/vins\/its-the-smell-of-the-pine-trees-by-the-sea-that-i-prefer-anders-frederik-steen-2019-50cl\/#primaryimage"},"datePublished":"2024-12-17T14:34:24+00:00","dateModified":"2025-05-01T12:06:02+00:00","breadcrumb":{"@id":"https:\/\/www.mesvendanges.com\/fr\/boutique\/vins\/its-the-smell-of-the-pine-trees-by-the-sea-that-i-prefer-anders-frederik-steen-2019-50cl\/#breadcrumb"},"inLanguage":"fr-FR","potentialAction":[{"@type":"ReadAction","target":["https:\/\/www.mesvendanges.com\/fr\/boutique\/vins\/its-the-smell-of-the-pine-trees-by-the-sea-that-i-prefer-anders-frederik-steen-2019-50cl\/"]}]},{"@type":"BreadcrumbList","@id":"https:\/\/www.mesvendanges.com\/fr\/boutique\/vins\/its-the-smell-of-the-pine-trees-by-the-sea-that-i-prefer-anders-frederik-steen-2019-50cl\/#breadcrumb","itemListElement":[{"@type":"ListItem","position":1,"name":"Accueil","item":"https:\/\/www.mesvendanges.com\/fr\/"},{"@type":"ListItem","position":2,"name":"Boutique","item":"https:\/\/www.mesvendanges.com\/fr\/boutique\/"},{"@type":"ListItem","position":3,"name":"IT&#8217;S THE SMELL OF THE PINE TREES BY THE SEA THAT I PREFER"}]}]}},"_links":{"self":[{"href":"https:\/\/www.mesvendanges.com\/fr\/wp-json\/wp\/v2\/product\/82458"}],"collection":[{"href":"https:\/\/www.mesvendanges.com\/fr\/wp-json\/wp\/v2\/product"}],"about":[{"href":"https:\/\/www.mesvendanges.com\/fr\/wp-json\/wp\/v2\/types\/product"}],"wp:featuredmedia":[{"embeddable":true,"href":"https:\/\/www.mesvendanges.com\/fr\/wp-json\/wp\/v2\/media\/82522"}],"wp:attachment":[{"href":"https:\/\/www.mesvendanges.com\/fr\/wp-json\/wp\/v2\/media?parent=82458"}],"wp:term":[{"taxonomy":"product_cat","embeddable":true,"href":"https:\/\/www.mesvendanges.com\/fr\/wp-json\/wp\/v2\/product_cat?post=82458"},{"taxonomy":"product_tag","embeddable":true,"href":"https:\/\/www.mesvendanges.com\/fr\/wp-json\/wp\/v2\/product_tag?post=82458"}],"curies":[{"name":"wp","href":"https:\/\/api.w.org\/{rel}","templated":true}]}}