{"id":84713,"date":"2025-02-04T15:20:19","date_gmt":"2025-02-04T14:20:19","guid":{"rendered":"https:\/\/www.mesvendanges.com\/shop\/non%20class\u00e9\/pierre-berardete-de-cuvee-terre-ferme-dne-de-1962-75cl\/"},"modified":"2025-09-17T08:21:56","modified_gmt":"2025-09-17T06:21:56","slug":"pierre-berard-tete-de-cuvee-terre-ferme-dne-de-1962-75cl","status":"publish","type":"product","link":"https:\/\/www.mesvendanges.com\/fr\/boutique\/vins\/pierre-berard-tete-de-cuvee-terre-ferme-dne-de-1962-75cl\/","title":{"rendered":"PIERRE BERARD TETE DE CUVEE"},"content":{"rendered":"<p>Pierre B\u00e9rard vendit son domaine au Ch\u00e2teau La Nerthe en 1991. Figure d&#8217;anthologie de Ch\u00e2teauneuf, nous avons d\u00e9couvert ses vins gr\u00e2ce \u00e0 Christophe Tassan, un des plus fins connaisseurs de l&#8217;appellation. Pierre B\u00e9rard travaillait ses vins de mani\u00e8re traditionnelle, avec des \u00e9levages longs en foudres, mais sans pour autant d\u00e9velopper la rusticit\u00e9 de certains crus de l&#8217;\u00e9poque, bien au contraire leur texture soyeuse et profonde n&#8217;\u00e9tait pas sans \u00e9voquer la Bourgogne, Robert Parker rapprochait ses vins de ceux de Volnay. C&#8217;est un peu de cette m\u00e9moire, de cet univers m\u00e9ridional que l&#8217;on retrouve dans cette grande bouteille de Ch\u00e2teauneuf : un grand vin dans toute sa typicit\u00e9, mais sans l&#8217;exag\u00e9ration qui n&#8217;est en fait que l&#8217;image d&#8217;Epinal de la Provence, masquant trop souvent la finesse et la justesse d&#8217;esprit !<br \/>\nLes T\u00eates de Cuv\u00e9e Pierre B\u00e9rard sont issus d&#8217;achats de raisins ou de jus soigneusement s\u00e9lectionn\u00e9s par Pierre B\u00e9rard, il achetait d&#8217;ailleurs souvent \u00e0 Pierre Andr\u00e9, avant que ce dernier ne mette lui m\u00eame ses vins en bouteille<\/p>\n","protected":false},"excerpt":{"rendered":"<p>Pierre B\u00e9rard vendit son domaine au Ch\u00e2teau La Nerthe en 1991. Figure d&#8217;anthologie de Ch\u00e2teauneuf, nous avons d\u00e9couvert ses vins gr\u00e2ce \u00e0 Christophe Tassan, un des plus fins connaisseurs de l&#8217;appellation. Pierre B\u00e9rard travaillait ses vins de mani\u00e8re traditionnelle, avec des \u00e9levages longs en foudres, mais sans pour autant d\u00e9velopper la rusticit\u00e9 de certains crus [&hellip;]<\/p>\n","protected":false},"featured_media":88332,"template":"","meta":[],"product_cat":[3736],"product_tag":[],"acf":[],"yoast_head":"<!-- This site is optimized with the Yoast SEO plugin v19.3 - https:\/\/yoast.com\/wordpress\/plugins\/seo\/ -->\n<title>PIERRE BERARD TETE DE CUVEE - Mes Vendanges<\/title>\n<meta name=\"robots\" content=\"index, follow, max-snippet:-1, max-image-preview:large, max-video-preview:-1\" \/>\n<link rel=\"canonical\" href=\"https:\/\/www.mesvendanges.com\/fr\/boutique\/vins\/pierre-berard-tete-de-cuvee-terre-ferme-dne-de-1962-75cl\/\" \/>\n<meta property=\"og:locale\" content=\"fr_FR\" \/>\n<meta property=\"og:type\" content=\"article\" \/>\n<meta property=\"og:title\" content=\"PIERRE BERARD TETE DE CUVEE - Mes Vendanges\" \/>\n<meta property=\"og:description\" content=\"Pierre B\u00e9rard vendit son domaine au Ch\u00e2teau La Nerthe en 1991. Figure d&#8217;anthologie de Ch\u00e2teauneuf, nous avons d\u00e9couvert ses vins gr\u00e2ce \u00e0 Christophe Tassan, un des plus fins connaisseurs de l&#8217;appellation. Pierre B\u00e9rard travaillait ses vins de mani\u00e8re traditionnelle, avec des \u00e9levages longs en foudres, mais sans pour autant d\u00e9velopper la rusticit\u00e9 de certains crus [&hellip;]\" \/>\n<meta property=\"og:url\" content=\"https:\/\/www.mesvendanges.com\/fr\/boutique\/vins\/pierre-berard-tete-de-cuvee-terre-ferme-dne-de-1962-75cl\/\" \/>\n<meta property=\"og:site_name\" content=\"Mes Vendanges\" \/>\n<meta property=\"article:modified_time\" content=\"2025-09-17T06:21:56+00:00\" \/>\n<meta property=\"og:image\" content=\"https:\/\/www.mesvendanges.com\/wp-content\/uploads\/2025\/06\/pierre-berard-chateauneuf-du-pape-1962-png.png\" \/>\n\t<meta property=\"og:image:width\" content=\"445\" \/>\n\t<meta property=\"og:image:height\" content=\"1500\" \/>\n\t<meta property=\"og:image:type\" content=\"image\/png\" \/>\n<meta name=\"twitter:card\" content=\"summary_large_image\" \/>\n<meta name=\"twitter:label1\" content=\"Dur\u00e9e de lecture estim\u00e9e\" \/>\n\t<meta name=\"twitter:data1\" content=\"1 minute\" \/>\n<script type=\"application\/ld+json\" class=\"yoast-schema-graph\">{\"@context\":\"https:\/\/schema.org\",\"@graph\":[{\"@type\":\"Organization\",\"@id\":\"https:\/\/www.mesvendanges.com\/en\/#organization\",\"name\":\"Mes Vendanges\",\"url\":\"https:\/\/www.mesvendanges.com\/en\/\",\"sameAs\":[],\"logo\":{\"@type\":\"ImageObject\",\"inLanguage\":\"fr-FR\",\"@id\":\"https:\/\/www.mesvendanges.com\/en\/#\/schema\/logo\/image\/\",\"url\":\"https:\/\/www.mesvendanges.com\/wp-content\/uploads\/2022\/02\/logo-mesvendanges.jpg\",\"contentUrl\":\"https:\/\/www.mesvendanges.com\/wp-content\/uploads\/2022\/02\/logo-mesvendanges.jpg\",\"width\":851,\"height\":260,\"caption\":\"Mes Vendanges\"},\"image\":{\"@id\":\"https:\/\/www.mesvendanges.com\/en\/#\/schema\/logo\/image\/\"}},{\"@type\":\"WebSite\",\"@id\":\"https:\/\/www.mesvendanges.com\/en\/#website\",\"url\":\"https:\/\/www.mesvendanges.com\/en\/\",\"name\":\"Mes Vendanges\",\"description\":\"Des journ\u00e9es enti\u00e8res dans les vignes\",\"publisher\":{\"@id\":\"https:\/\/www.mesvendanges.com\/en\/#organization\"},\"potentialAction\":[{\"@type\":\"SearchAction\",\"target\":{\"@type\":\"EntryPoint\",\"urlTemplate\":\"https:\/\/www.mesvendanges.com\/en\/?s={search_term_string}\"},\"query-input\":\"required name=search_term_string\"}],\"inLanguage\":\"fr-FR\"},{\"@type\":\"ImageObject\",\"inLanguage\":\"fr-FR\",\"@id\":\"https:\/\/www.mesvendanges.com\/fr\/boutique\/vins\/pierre-berard-tete-de-cuvee-terre-ferme-dne-de-1962-75cl\/#primaryimage\",\"url\":\"https:\/\/www.mesvendanges.com\/wp-content\/uploads\/2025\/06\/pierre-berard-chateauneuf-du-pape-1962-png.png\",\"contentUrl\":\"https:\/\/www.mesvendanges.com\/wp-content\/uploads\/2025\/06\/pierre-berard-chateauneuf-du-pape-1962-png.png\",\"width\":445,\"height\":1500},{\"@type\":\"WebPage\",\"@id\":\"https:\/\/www.mesvendanges.com\/fr\/boutique\/vins\/pierre-berard-tete-de-cuvee-terre-ferme-dne-de-1962-75cl\/\",\"url\":\"https:\/\/www.mesvendanges.com\/fr\/boutique\/vins\/pierre-berard-tete-de-cuvee-terre-ferme-dne-de-1962-75cl\/\",\"name\":\"PIERRE BERARD TETE DE CUVEE - Mes Vendanges\",\"isPartOf\":{\"@id\":\"https:\/\/www.mesvendanges.com\/en\/#website\"},\"primaryImageOfPage\":{\"@id\":\"https:\/\/www.mesvendanges.com\/fr\/boutique\/vins\/pierre-berard-tete-de-cuvee-terre-ferme-dne-de-1962-75cl\/#primaryimage\"},\"datePublished\":\"2025-02-04T14:20:19+00:00\",\"dateModified\":\"2025-09-17T06:21:56+00:00\",\"breadcrumb\":{\"@id\":\"https:\/\/www.mesvendanges.com\/fr\/boutique\/vins\/pierre-berard-tete-de-cuvee-terre-ferme-dne-de-1962-75cl\/#breadcrumb\"},\"inLanguage\":\"fr-FR\",\"potentialAction\":[{\"@type\":\"ReadAction\",\"target\":[\"https:\/\/www.mesvendanges.com\/fr\/boutique\/vins\/pierre-berard-tete-de-cuvee-terre-ferme-dne-de-1962-75cl\/\"]}]},{\"@type\":\"BreadcrumbList\",\"@id\":\"https:\/\/www.mesvendanges.com\/fr\/boutique\/vins\/pierre-berard-tete-de-cuvee-terre-ferme-dne-de-1962-75cl\/#breadcrumb\",\"itemListElement\":[{\"@type\":\"ListItem\",\"position\":1,\"name\":\"Accueil\",\"item\":\"https:\/\/www.mesvendanges.com\/fr\/\"},{\"@type\":\"ListItem\",\"position\":2,\"name\":\"Boutique\",\"item\":\"https:\/\/www.mesvendanges.com\/fr\/boutique\/\"},{\"@type\":\"ListItem\",\"position\":3,\"name\":\"PIERRE BERARD TETE DE CUVEE\"}]}]}<\/script>\n<!-- \/ Yoast SEO plugin. -->","yoast_head_json":{"title":"PIERRE BERARD TETE DE CUVEE - Mes Vendanges","robots":{"index":"index","follow":"follow","max-snippet":"max-snippet:-1","max-image-preview":"max-image-preview:large","max-video-preview":"max-video-preview:-1"},"canonical":"https:\/\/www.mesvendanges.com\/fr\/boutique\/vins\/pierre-berard-tete-de-cuvee-terre-ferme-dne-de-1962-75cl\/","og_locale":"fr_FR","og_type":"article","og_title":"PIERRE BERARD TETE DE CUVEE - Mes Vendanges","og_description":"Pierre B\u00e9rard vendit son domaine au Ch\u00e2teau La Nerthe en 1991. Figure d&#8217;anthologie de Ch\u00e2teauneuf, nous avons d\u00e9couvert ses vins gr\u00e2ce \u00e0 Christophe Tassan, un des plus fins connaisseurs de l&#8217;appellation. Pierre B\u00e9rard travaillait ses vins de mani\u00e8re traditionnelle, avec des \u00e9levages longs en foudres, mais sans pour autant d\u00e9velopper la rusticit\u00e9 de certains crus [&hellip;]","og_url":"https:\/\/www.mesvendanges.com\/fr\/boutique\/vins\/pierre-berard-tete-de-cuvee-terre-ferme-dne-de-1962-75cl\/","og_site_name":"Mes Vendanges","article_modified_time":"2025-09-17T06:21:56+00:00","og_image":[{"width":445,"height":1500,"url":"https:\/\/www.mesvendanges.com\/wp-content\/uploads\/2025\/06\/pierre-berard-chateauneuf-du-pape-1962-png.png","type":"image\/png"}],"twitter_card":"summary_large_image","twitter_misc":{"Dur\u00e9e de lecture estim\u00e9e":"1 minute"},"schema":{"@context":"https:\/\/schema.org","@graph":[{"@type":"Organization","@id":"https:\/\/www.mesvendanges.com\/en\/#organization","name":"Mes Vendanges","url":"https:\/\/www.mesvendanges.com\/en\/","sameAs":[],"logo":{"@type":"ImageObject","inLanguage":"fr-FR","@id":"https:\/\/www.mesvendanges.com\/en\/#\/schema\/logo\/image\/","url":"https:\/\/www.mesvendanges.com\/wp-content\/uploads\/2022\/02\/logo-mesvendanges.jpg","contentUrl":"https:\/\/www.mesvendanges.com\/wp-content\/uploads\/2022\/02\/logo-mesvendanges.jpg","width":851,"height":260,"caption":"Mes Vendanges"},"image":{"@id":"https:\/\/www.mesvendanges.com\/en\/#\/schema\/logo\/image\/"}},{"@type":"WebSite","@id":"https:\/\/www.mesvendanges.com\/en\/#website","url":"https:\/\/www.mesvendanges.com\/en\/","name":"Mes Vendanges","description":"Des journ\u00e9es enti\u00e8res dans les vignes","publisher":{"@id":"https:\/\/www.mesvendanges.com\/en\/#organization"},"potentialAction":[{"@type":"SearchAction","target":{"@type":"EntryPoint","urlTemplate":"https:\/\/www.mesvendanges.com\/en\/?s={search_term_string}"},"query-input":"required name=search_term_string"}],"inLanguage":"fr-FR"},{"@type":"ImageObject","inLanguage":"fr-FR","@id":"https:\/\/www.mesvendanges.com\/fr\/boutique\/vins\/pierre-berard-tete-de-cuvee-terre-ferme-dne-de-1962-75cl\/#primaryimage","url":"https:\/\/www.mesvendanges.com\/wp-content\/uploads\/2025\/06\/pierre-berard-chateauneuf-du-pape-1962-png.png","contentUrl":"https:\/\/www.mesvendanges.com\/wp-content\/uploads\/2025\/06\/pierre-berard-chateauneuf-du-pape-1962-png.png","width":445,"height":1500},{"@type":"WebPage","@id":"https:\/\/www.mesvendanges.com\/fr\/boutique\/vins\/pierre-berard-tete-de-cuvee-terre-ferme-dne-de-1962-75cl\/","url":"https:\/\/www.mesvendanges.com\/fr\/boutique\/vins\/pierre-berard-tete-de-cuvee-terre-ferme-dne-de-1962-75cl\/","name":"PIERRE BERARD TETE DE CUVEE - Mes Vendanges","isPartOf":{"@id":"https:\/\/www.mesvendanges.com\/en\/#website"},"primaryImageOfPage":{"@id":"https:\/\/www.mesvendanges.com\/fr\/boutique\/vins\/pierre-berard-tete-de-cuvee-terre-ferme-dne-de-1962-75cl\/#primaryimage"},"datePublished":"2025-02-04T14:20:19+00:00","dateModified":"2025-09-17T06:21:56+00:00","breadcrumb":{"@id":"https:\/\/www.mesvendanges.com\/fr\/boutique\/vins\/pierre-berard-tete-de-cuvee-terre-ferme-dne-de-1962-75cl\/#breadcrumb"},"inLanguage":"fr-FR","potentialAction":[{"@type":"ReadAction","target":["https:\/\/www.mesvendanges.com\/fr\/boutique\/vins\/pierre-berard-tete-de-cuvee-terre-ferme-dne-de-1962-75cl\/"]}]},{"@type":"BreadcrumbList","@id":"https:\/\/www.mesvendanges.com\/fr\/boutique\/vins\/pierre-berard-tete-de-cuvee-terre-ferme-dne-de-1962-75cl\/#breadcrumb","itemListElement":[{"@type":"ListItem","position":1,"name":"Accueil","item":"https:\/\/www.mesvendanges.com\/fr\/"},{"@type":"ListItem","position":2,"name":"Boutique","item":"https:\/\/www.mesvendanges.com\/fr\/boutique\/"},{"@type":"ListItem","position":3,"name":"PIERRE BERARD TETE DE CUVEE"}]}]}},"_links":{"self":[{"href":"https:\/\/www.mesvendanges.com\/fr\/wp-json\/wp\/v2\/product\/84713"}],"collection":[{"href":"https:\/\/www.mesvendanges.com\/fr\/wp-json\/wp\/v2\/product"}],"about":[{"href":"https:\/\/www.mesvendanges.com\/fr\/wp-json\/wp\/v2\/types\/product"}],"wp:featuredmedia":[{"embeddable":true,"href":"https:\/\/www.mesvendanges.com\/fr\/wp-json\/wp\/v2\/media\/88332"}],"wp:attachment":[{"href":"https:\/\/www.mesvendanges.com\/fr\/wp-json\/wp\/v2\/media?parent=84713"}],"wp:term":[{"taxonomy":"product_cat","embeddable":true,"href":"https:\/\/www.mesvendanges.com\/fr\/wp-json\/wp\/v2\/product_cat?post=84713"},{"taxonomy":"product_tag","embeddable":true,"href":"https:\/\/www.mesvendanges.com\/fr\/wp-json\/wp\/v2\/product_tag?post=84713"}],"curies":[{"name":"wp","href":"https:\/\/api.w.org\/{rel}","templated":true}]}}