{"id":85242,"date":"2025-03-31T14:15:28","date_gmt":"2025-03-31T12:15:28","guid":{"rendered":"https:\/\/www.mesvendanges.com\/shop\/non%20class\u00e9\/chablis-mise-tardive-magnum-domaine-pattes-loup-2022-150cl\/"},"modified":"2026-02-27T11:04:23","modified_gmt":"2026-02-27T10:04:23","slug":"chablis-mise-tardive-magnum-domaine-pattes-loup-2022-150cl","status":"publish","type":"product","link":"https:\/\/www.mesvendanges.com\/fr\/boutique\/vins\/chablis-mise-tardive-magnum-domaine-pattes-loup-2022-150cl\/","title":{"rendered":"CHABLIS MISE TARDIVE MAGNUM"},"content":{"rendered":"<p>Le Chablis Mise Tardive du Domaine Pattes Loup est un chablis &#8220;village&#8221; d&#8217;une rare complexit\u00e9, issu d&#8217;un \u00e9levage prolong\u00e9 de 3 ans. Au fil des ans Thomas Pico a d\u00e9cid\u00e9 de prolonger ses \u00e9levages afin d&#8217;apporter un surcroit de profondeur \u00e0 ses vins et aussi de les doter d&#8217;une force int\u00e9rieure leur permettant d&#8217;affronter le temps en cave tout en s&#8217;affranchissant de doses de soufre importantes, tradition bien chablisienne malheureusement. Cette cuv\u00e9e est port\u00e9e par la min\u00e9ralit\u00e9 des sols du kimmeridgien, qui vient jouer avec une belle maturit\u00e9 de la vendanges. Ainsi le vin est \u00e0 la fois salivant, avec de l&#8217;allonge, mais aussi plein, avec de la chair et de la force. Tr\u00e8s belle bouteille.<\/p>\n<p>Thomas Pico est la figure de proue de la jeune g\u00e9n\u00e9ration chablisienne. R\u00e9solument tourn\u00e9 vers des vins produits de mani\u00e8re plus naturelle, il offre une nouvelle lecture des terroirs de Chablis, il privil\u00e9gie la maturit\u00e9, la pl\u00e9nitude du fruit, des \u00e9levages prolong\u00e9s mais reste tr\u00e8s vigilant sur le niveau des acidit\u00e9s afin d&#8217;avoir des vins de grand \u00e9quilibre.<\/p>\n","protected":false},"excerpt":{"rendered":"<p>Le Chablis Mise Tardive du Domaine Pattes Loup est un chablis &#8220;village&#8221; d&#8217;une rare complexit\u00e9, issu d&#8217;un \u00e9levage prolong\u00e9 de 3 ans. Au fil des ans Thomas Pico a d\u00e9cid\u00e9 de prolonger ses \u00e9levages afin d&#8217;apporter un surcroit de profondeur \u00e0 ses vins et aussi de les doter d&#8217;une force int\u00e9rieure leur permettant d&#8217;affronter le [&hellip;]<\/p>\n","protected":false},"featured_media":10408,"template":"","meta":[],"product_cat":[3736],"product_tag":[],"acf":[],"yoast_head":"<!-- This site is optimized with the Yoast SEO plugin v19.3 - https:\/\/yoast.com\/wordpress\/plugins\/seo\/ -->\n<title>CHABLIS MISE TARDIVE MAGNUM - Mes Vendanges<\/title>\n<meta name=\"robots\" content=\"index, follow, max-snippet:-1, max-image-preview:large, max-video-preview:-1\" \/>\n<link rel=\"canonical\" href=\"https:\/\/www.mesvendanges.com\/fr\/boutique\/vins\/chablis-mise-tardive-magnum-domaine-pattes-loup-2022-150cl\/\" \/>\n<meta property=\"og:locale\" content=\"fr_FR\" \/>\n<meta property=\"og:type\" content=\"article\" \/>\n<meta property=\"og:title\" content=\"CHABLIS MISE TARDIVE MAGNUM - Mes Vendanges\" \/>\n<meta property=\"og:description\" content=\"Le Chablis Mise Tardive du Domaine Pattes Loup est un chablis &#8220;village&#8221; d&#8217;une rare complexit\u00e9, issu d&#8217;un \u00e9levage prolong\u00e9 de 3 ans. Au fil des ans Thomas Pico a d\u00e9cid\u00e9 de prolonger ses \u00e9levages afin d&#8217;apporter un surcroit de profondeur \u00e0 ses vins et aussi de les doter d&#8217;une force int\u00e9rieure leur permettant d&#8217;affronter le [&hellip;]\" \/>\n<meta property=\"og:url\" content=\"https:\/\/www.mesvendanges.com\/fr\/boutique\/vins\/chablis-mise-tardive-magnum-domaine-pattes-loup-2022-150cl\/\" \/>\n<meta property=\"og:site_name\" content=\"Mes Vendanges\" \/>\n<meta property=\"article:modified_time\" content=\"2026-02-27T10:04:23+00:00\" \/>\n<meta property=\"og:image\" content=\"https:\/\/www.mesvendanges.com\/wp-content\/uploads\/2022\/06\/domaine-pattes-loup-thomas-pico-chablis-2017-magnum-png.png\" \/>\n\t<meta property=\"og:image:width\" content=\"443\" \/>\n\t<meta property=\"og:image:height\" content=\"1500\" \/>\n\t<meta property=\"og:image:type\" content=\"image\/png\" \/>\n<meta name=\"twitter:card\" content=\"summary_large_image\" \/>\n<meta name=\"twitter:label1\" content=\"Dur\u00e9e de lecture estim\u00e9e\" \/>\n\t<meta name=\"twitter:data1\" content=\"1 minute\" \/>\n<script type=\"application\/ld+json\" class=\"yoast-schema-graph\">{\"@context\":\"https:\/\/schema.org\",\"@graph\":[{\"@type\":\"Organization\",\"@id\":\"https:\/\/www.mesvendanges.com\/en\/#organization\",\"name\":\"Mes Vendanges\",\"url\":\"https:\/\/www.mesvendanges.com\/en\/\",\"sameAs\":[],\"logo\":{\"@type\":\"ImageObject\",\"inLanguage\":\"fr-FR\",\"@id\":\"https:\/\/www.mesvendanges.com\/en\/#\/schema\/logo\/image\/\",\"url\":\"https:\/\/www.mesvendanges.com\/wp-content\/uploads\/2022\/02\/logo-mesvendanges.jpg\",\"contentUrl\":\"https:\/\/www.mesvendanges.com\/wp-content\/uploads\/2022\/02\/logo-mesvendanges.jpg\",\"width\":851,\"height\":260,\"caption\":\"Mes Vendanges\"},\"image\":{\"@id\":\"https:\/\/www.mesvendanges.com\/en\/#\/schema\/logo\/image\/\"}},{\"@type\":\"WebSite\",\"@id\":\"https:\/\/www.mesvendanges.com\/en\/#website\",\"url\":\"https:\/\/www.mesvendanges.com\/en\/\",\"name\":\"Mes Vendanges\",\"description\":\"Des journ\u00e9es enti\u00e8res dans les vignes\",\"publisher\":{\"@id\":\"https:\/\/www.mesvendanges.com\/en\/#organization\"},\"potentialAction\":[{\"@type\":\"SearchAction\",\"target\":{\"@type\":\"EntryPoint\",\"urlTemplate\":\"https:\/\/www.mesvendanges.com\/en\/?s={search_term_string}\"},\"query-input\":\"required name=search_term_string\"}],\"inLanguage\":\"fr-FR\"},{\"@type\":\"ImageObject\",\"inLanguage\":\"fr-FR\",\"@id\":\"https:\/\/www.mesvendanges.com\/fr\/boutique\/vins\/chablis-mise-tardive-magnum-domaine-pattes-loup-2022-150cl\/#primaryimage\",\"url\":\"https:\/\/www.mesvendanges.com\/wp-content\/uploads\/2022\/06\/domaine-pattes-loup-thomas-pico-chablis-2017-magnum-png.png\",\"contentUrl\":\"https:\/\/www.mesvendanges.com\/wp-content\/uploads\/2022\/06\/domaine-pattes-loup-thomas-pico-chablis-2017-magnum-png.png\",\"width\":443,\"height\":1500},{\"@type\":\"WebPage\",\"@id\":\"https:\/\/www.mesvendanges.com\/fr\/boutique\/vins\/chablis-mise-tardive-magnum-domaine-pattes-loup-2022-150cl\/\",\"url\":\"https:\/\/www.mesvendanges.com\/fr\/boutique\/vins\/chablis-mise-tardive-magnum-domaine-pattes-loup-2022-150cl\/\",\"name\":\"CHABLIS MISE TARDIVE MAGNUM - Mes Vendanges\",\"isPartOf\":{\"@id\":\"https:\/\/www.mesvendanges.com\/en\/#website\"},\"primaryImageOfPage\":{\"@id\":\"https:\/\/www.mesvendanges.com\/fr\/boutique\/vins\/chablis-mise-tardive-magnum-domaine-pattes-loup-2022-150cl\/#primaryimage\"},\"datePublished\":\"2025-03-31T12:15:28+00:00\",\"dateModified\":\"2026-02-27T10:04:23+00:00\",\"breadcrumb\":{\"@id\":\"https:\/\/www.mesvendanges.com\/fr\/boutique\/vins\/chablis-mise-tardive-magnum-domaine-pattes-loup-2022-150cl\/#breadcrumb\"},\"inLanguage\":\"fr-FR\",\"potentialAction\":[{\"@type\":\"ReadAction\",\"target\":[\"https:\/\/www.mesvendanges.com\/fr\/boutique\/vins\/chablis-mise-tardive-magnum-domaine-pattes-loup-2022-150cl\/\"]}]},{\"@type\":\"BreadcrumbList\",\"@id\":\"https:\/\/www.mesvendanges.com\/fr\/boutique\/vins\/chablis-mise-tardive-magnum-domaine-pattes-loup-2022-150cl\/#breadcrumb\",\"itemListElement\":[{\"@type\":\"ListItem\",\"position\":1,\"name\":\"Accueil\",\"item\":\"https:\/\/www.mesvendanges.com\/fr\/\"},{\"@type\":\"ListItem\",\"position\":2,\"name\":\"Boutique\",\"item\":\"https:\/\/www.mesvendanges.com\/fr\/boutique\/\"},{\"@type\":\"ListItem\",\"position\":3,\"name\":\"CHABLIS MISE TARDIVE MAGNUM\"}]}]}<\/script>\n<!-- \/ Yoast SEO plugin. -->","yoast_head_json":{"title":"CHABLIS MISE TARDIVE MAGNUM - Mes Vendanges","robots":{"index":"index","follow":"follow","max-snippet":"max-snippet:-1","max-image-preview":"max-image-preview:large","max-video-preview":"max-video-preview:-1"},"canonical":"https:\/\/www.mesvendanges.com\/fr\/boutique\/vins\/chablis-mise-tardive-magnum-domaine-pattes-loup-2022-150cl\/","og_locale":"fr_FR","og_type":"article","og_title":"CHABLIS MISE TARDIVE MAGNUM - Mes Vendanges","og_description":"Le Chablis Mise Tardive du Domaine Pattes Loup est un chablis &#8220;village&#8221; d&#8217;une rare complexit\u00e9, issu d&#8217;un \u00e9levage prolong\u00e9 de 3 ans. Au fil des ans Thomas Pico a d\u00e9cid\u00e9 de prolonger ses \u00e9levages afin d&#8217;apporter un surcroit de profondeur \u00e0 ses vins et aussi de les doter d&#8217;une force int\u00e9rieure leur permettant d&#8217;affronter le [&hellip;]","og_url":"https:\/\/www.mesvendanges.com\/fr\/boutique\/vins\/chablis-mise-tardive-magnum-domaine-pattes-loup-2022-150cl\/","og_site_name":"Mes Vendanges","article_modified_time":"2026-02-27T10:04:23+00:00","og_image":[{"width":443,"height":1500,"url":"https:\/\/www.mesvendanges.com\/wp-content\/uploads\/2022\/06\/domaine-pattes-loup-thomas-pico-chablis-2017-magnum-png.png","type":"image\/png"}],"twitter_card":"summary_large_image","twitter_misc":{"Dur\u00e9e de lecture estim\u00e9e":"1 minute"},"schema":{"@context":"https:\/\/schema.org","@graph":[{"@type":"Organization","@id":"https:\/\/www.mesvendanges.com\/en\/#organization","name":"Mes Vendanges","url":"https:\/\/www.mesvendanges.com\/en\/","sameAs":[],"logo":{"@type":"ImageObject","inLanguage":"fr-FR","@id":"https:\/\/www.mesvendanges.com\/en\/#\/schema\/logo\/image\/","url":"https:\/\/www.mesvendanges.com\/wp-content\/uploads\/2022\/02\/logo-mesvendanges.jpg","contentUrl":"https:\/\/www.mesvendanges.com\/wp-content\/uploads\/2022\/02\/logo-mesvendanges.jpg","width":851,"height":260,"caption":"Mes Vendanges"},"image":{"@id":"https:\/\/www.mesvendanges.com\/en\/#\/schema\/logo\/image\/"}},{"@type":"WebSite","@id":"https:\/\/www.mesvendanges.com\/en\/#website","url":"https:\/\/www.mesvendanges.com\/en\/","name":"Mes Vendanges","description":"Des journ\u00e9es enti\u00e8res dans les vignes","publisher":{"@id":"https:\/\/www.mesvendanges.com\/en\/#organization"},"potentialAction":[{"@type":"SearchAction","target":{"@type":"EntryPoint","urlTemplate":"https:\/\/www.mesvendanges.com\/en\/?s={search_term_string}"},"query-input":"required name=search_term_string"}],"inLanguage":"fr-FR"},{"@type":"ImageObject","inLanguage":"fr-FR","@id":"https:\/\/www.mesvendanges.com\/fr\/boutique\/vins\/chablis-mise-tardive-magnum-domaine-pattes-loup-2022-150cl\/#primaryimage","url":"https:\/\/www.mesvendanges.com\/wp-content\/uploads\/2022\/06\/domaine-pattes-loup-thomas-pico-chablis-2017-magnum-png.png","contentUrl":"https:\/\/www.mesvendanges.com\/wp-content\/uploads\/2022\/06\/domaine-pattes-loup-thomas-pico-chablis-2017-magnum-png.png","width":443,"height":1500},{"@type":"WebPage","@id":"https:\/\/www.mesvendanges.com\/fr\/boutique\/vins\/chablis-mise-tardive-magnum-domaine-pattes-loup-2022-150cl\/","url":"https:\/\/www.mesvendanges.com\/fr\/boutique\/vins\/chablis-mise-tardive-magnum-domaine-pattes-loup-2022-150cl\/","name":"CHABLIS MISE TARDIVE MAGNUM - Mes Vendanges","isPartOf":{"@id":"https:\/\/www.mesvendanges.com\/en\/#website"},"primaryImageOfPage":{"@id":"https:\/\/www.mesvendanges.com\/fr\/boutique\/vins\/chablis-mise-tardive-magnum-domaine-pattes-loup-2022-150cl\/#primaryimage"},"datePublished":"2025-03-31T12:15:28+00:00","dateModified":"2026-02-27T10:04:23+00:00","breadcrumb":{"@id":"https:\/\/www.mesvendanges.com\/fr\/boutique\/vins\/chablis-mise-tardive-magnum-domaine-pattes-loup-2022-150cl\/#breadcrumb"},"inLanguage":"fr-FR","potentialAction":[{"@type":"ReadAction","target":["https:\/\/www.mesvendanges.com\/fr\/boutique\/vins\/chablis-mise-tardive-magnum-domaine-pattes-loup-2022-150cl\/"]}]},{"@type":"BreadcrumbList","@id":"https:\/\/www.mesvendanges.com\/fr\/boutique\/vins\/chablis-mise-tardive-magnum-domaine-pattes-loup-2022-150cl\/#breadcrumb","itemListElement":[{"@type":"ListItem","position":1,"name":"Accueil","item":"https:\/\/www.mesvendanges.com\/fr\/"},{"@type":"ListItem","position":2,"name":"Boutique","item":"https:\/\/www.mesvendanges.com\/fr\/boutique\/"},{"@type":"ListItem","position":3,"name":"CHABLIS MISE TARDIVE MAGNUM"}]}]}},"_links":{"self":[{"href":"https:\/\/www.mesvendanges.com\/fr\/wp-json\/wp\/v2\/product\/85242"}],"collection":[{"href":"https:\/\/www.mesvendanges.com\/fr\/wp-json\/wp\/v2\/product"}],"about":[{"href":"https:\/\/www.mesvendanges.com\/fr\/wp-json\/wp\/v2\/types\/product"}],"wp:featuredmedia":[{"embeddable":true,"href":"https:\/\/www.mesvendanges.com\/fr\/wp-json\/wp\/v2\/media\/10408"}],"wp:attachment":[{"href":"https:\/\/www.mesvendanges.com\/fr\/wp-json\/wp\/v2\/media?parent=85242"}],"wp:term":[{"taxonomy":"product_cat","embeddable":true,"href":"https:\/\/www.mesvendanges.com\/fr\/wp-json\/wp\/v2\/product_cat?post=85242"},{"taxonomy":"product_tag","embeddable":true,"href":"https:\/\/www.mesvendanges.com\/fr\/wp-json\/wp\/v2\/product_tag?post=85242"}],"curies":[{"name":"wp","href":"https:\/\/api.w.org\/{rel}","templated":true}]}}