{"id":85248,"date":"2025-03-31T14:47:52","date_gmt":"2025-03-31T12:47:52","guid":{"rendered":"https:\/\/www.mesvendanges.com\/shop\/non%20class\u00e9\/nuova-descriptio-alice-et-olivier-de-moor-2023-75cl\/"},"modified":"2026-04-24T11:59:52","modified_gmt":"2026-04-24T09:59:52","slug":"nuova-descriptio-alice-et-olivier-de-moor-2023-75cl","status":"publish","type":"product","link":"https:\/\/www.mesvendanges.com\/fr\/boutique\/vins\/nuova-descriptio-alice-et-olivier-de-moor-2023-75cl\/","title":{"rendered":"NUOVA DESCRIPTIO"},"content":{"rendered":"<p>Nouvelle cuv\u00e9e du domaine Alice &#038; Olivier De Moor, Nuova Descriptio est un assemblage de trois c\u00e9pages :<br \/>\nSauvignon de Saint-Bris, \u2019une petite<br \/>\ncuv\u00e9e d\u2019Aligot\u00e9 en mac\u00e9ration et 3 f\u00fbts<br \/>\nde Chardonnay .<br \/>\nCette cuv\u00e9e est l&#8217;expression de la recherche d&#8217;Alice et Olivier face aux changements climatiques. L&#8217;assemblage leur semble une voie propice \u00e0 l&#8217;\u00e9laboration de grands vins d&#8217;\u00e9quilibre sans perdre l&#8217;expression du terroir<\/p>\n","protected":false},"excerpt":{"rendered":"<p>Nouvelle cuv\u00e9e du domaine Alice &#038; Olivier De Moor, Nuova Descriptio est un assemblage de trois c\u00e9pages : Sauvignon de Saint-Bris, \u2019une petite cuv\u00e9e d\u2019Aligot\u00e9 en mac\u00e9ration et 3 f\u00fbts de Chardonnay . Cette cuv\u00e9e est l&#8217;expression de la recherche d&#8217;Alice et Olivier face aux changements climatiques. L&#8217;assemblage leur semble une voie propice \u00e0 l&#8217;\u00e9laboration [&hellip;]<\/p>\n","protected":false},"featured_media":86203,"template":"","meta":[],"product_cat":[3736],"product_tag":[],"acf":[],"yoast_head":"<!-- This site is optimized with the Yoast SEO plugin v19.3 - https:\/\/yoast.com\/wordpress\/plugins\/seo\/ -->\n<title>NUOVA DESCRIPTIO - Mes Vendanges<\/title>\n<meta name=\"robots\" content=\"index, follow, max-snippet:-1, max-image-preview:large, max-video-preview:-1\" \/>\n<link rel=\"canonical\" href=\"https:\/\/www.mesvendanges.com\/fr\/boutique\/vins\/nuova-descriptio-alice-et-olivier-de-moor-2023-75cl\/\" \/>\n<meta property=\"og:locale\" content=\"fr_FR\" \/>\n<meta property=\"og:type\" content=\"article\" \/>\n<meta property=\"og:title\" content=\"NUOVA DESCRIPTIO - Mes Vendanges\" \/>\n<meta property=\"og:description\" content=\"Nouvelle cuv\u00e9e du domaine Alice &#038; Olivier De Moor, Nuova Descriptio est un assemblage de trois c\u00e9pages : Sauvignon de Saint-Bris, \u2019une petite cuv\u00e9e d\u2019Aligot\u00e9 en mac\u00e9ration et 3 f\u00fbts de Chardonnay . Cette cuv\u00e9e est l&#8217;expression de la recherche d&#8217;Alice et Olivier face aux changements climatiques. L&#8217;assemblage leur semble une voie propice \u00e0 l&#8217;\u00e9laboration [&hellip;]\" \/>\n<meta property=\"og:url\" content=\"https:\/\/www.mesvendanges.com\/fr\/boutique\/vins\/nuova-descriptio-alice-et-olivier-de-moor-2023-75cl\/\" \/>\n<meta property=\"og:site_name\" content=\"Mes Vendanges\" \/>\n<meta property=\"article:modified_time\" content=\"2026-04-24T09:59:52+00:00\" \/>\n<meta property=\"og:image\" content=\"https:\/\/www.mesvendanges.com\/wp-content\/uploads\/2025\/04\/de-moor-nuova-descriptio-2023-png.png\" \/>\n\t<meta property=\"og:image:width\" content=\"421\" \/>\n\t<meta property=\"og:image:height\" content=\"1500\" \/>\n\t<meta property=\"og:image:type\" content=\"image\/png\" \/>\n<meta name=\"twitter:card\" content=\"summary_large_image\" \/>\n<script type=\"application\/ld+json\" class=\"yoast-schema-graph\">{\"@context\":\"https:\/\/schema.org\",\"@graph\":[{\"@type\":\"Organization\",\"@id\":\"https:\/\/www.mesvendanges.com\/en\/#organization\",\"name\":\"Mes Vendanges\",\"url\":\"https:\/\/www.mesvendanges.com\/en\/\",\"sameAs\":[],\"logo\":{\"@type\":\"ImageObject\",\"inLanguage\":\"fr-FR\",\"@id\":\"https:\/\/www.mesvendanges.com\/en\/#\/schema\/logo\/image\/\",\"url\":\"https:\/\/www.mesvendanges.com\/wp-content\/uploads\/2022\/02\/logo-mesvendanges.jpg\",\"contentUrl\":\"https:\/\/www.mesvendanges.com\/wp-content\/uploads\/2022\/02\/logo-mesvendanges.jpg\",\"width\":851,\"height\":260,\"caption\":\"Mes Vendanges\"},\"image\":{\"@id\":\"https:\/\/www.mesvendanges.com\/en\/#\/schema\/logo\/image\/\"}},{\"@type\":\"WebSite\",\"@id\":\"https:\/\/www.mesvendanges.com\/en\/#website\",\"url\":\"https:\/\/www.mesvendanges.com\/en\/\",\"name\":\"Mes Vendanges\",\"description\":\"Des journ\u00e9es enti\u00e8res dans les vignes\",\"publisher\":{\"@id\":\"https:\/\/www.mesvendanges.com\/en\/#organization\"},\"potentialAction\":[{\"@type\":\"SearchAction\",\"target\":{\"@type\":\"EntryPoint\",\"urlTemplate\":\"https:\/\/www.mesvendanges.com\/en\/?s={search_term_string}\"},\"query-input\":\"required name=search_term_string\"}],\"inLanguage\":\"fr-FR\"},{\"@type\":\"ImageObject\",\"inLanguage\":\"fr-FR\",\"@id\":\"https:\/\/www.mesvendanges.com\/fr\/boutique\/vins\/nuova-descriptio-alice-et-olivier-de-moor-2023-75cl\/#primaryimage\",\"url\":\"https:\/\/www.mesvendanges.com\/wp-content\/uploads\/2025\/04\/de-moor-nuova-descriptio-2023-png.png\",\"contentUrl\":\"https:\/\/www.mesvendanges.com\/wp-content\/uploads\/2025\/04\/de-moor-nuova-descriptio-2023-png.png\",\"width\":421,\"height\":1500},{\"@type\":\"WebPage\",\"@id\":\"https:\/\/www.mesvendanges.com\/fr\/boutique\/vins\/nuova-descriptio-alice-et-olivier-de-moor-2023-75cl\/\",\"url\":\"https:\/\/www.mesvendanges.com\/fr\/boutique\/vins\/nuova-descriptio-alice-et-olivier-de-moor-2023-75cl\/\",\"name\":\"NUOVA DESCRIPTIO - Mes Vendanges\",\"isPartOf\":{\"@id\":\"https:\/\/www.mesvendanges.com\/en\/#website\"},\"primaryImageOfPage\":{\"@id\":\"https:\/\/www.mesvendanges.com\/fr\/boutique\/vins\/nuova-descriptio-alice-et-olivier-de-moor-2023-75cl\/#primaryimage\"},\"datePublished\":\"2025-03-31T12:47:52+00:00\",\"dateModified\":\"2026-04-24T09:59:52+00:00\",\"breadcrumb\":{\"@id\":\"https:\/\/www.mesvendanges.com\/fr\/boutique\/vins\/nuova-descriptio-alice-et-olivier-de-moor-2023-75cl\/#breadcrumb\"},\"inLanguage\":\"fr-FR\",\"potentialAction\":[{\"@type\":\"ReadAction\",\"target\":[\"https:\/\/www.mesvendanges.com\/fr\/boutique\/vins\/nuova-descriptio-alice-et-olivier-de-moor-2023-75cl\/\"]}]},{\"@type\":\"BreadcrumbList\",\"@id\":\"https:\/\/www.mesvendanges.com\/fr\/boutique\/vins\/nuova-descriptio-alice-et-olivier-de-moor-2023-75cl\/#breadcrumb\",\"itemListElement\":[{\"@type\":\"ListItem\",\"position\":1,\"name\":\"Accueil\",\"item\":\"https:\/\/www.mesvendanges.com\/fr\/\"},{\"@type\":\"ListItem\",\"position\":2,\"name\":\"Boutique\",\"item\":\"https:\/\/www.mesvendanges.com\/fr\/boutique\/\"},{\"@type\":\"ListItem\",\"position\":3,\"name\":\"NUOVA DESCRIPTIO\"}]}]}<\/script>\n<!-- \/ Yoast SEO plugin. -->","yoast_head_json":{"title":"NUOVA DESCRIPTIO - Mes Vendanges","robots":{"index":"index","follow":"follow","max-snippet":"max-snippet:-1","max-image-preview":"max-image-preview:large","max-video-preview":"max-video-preview:-1"},"canonical":"https:\/\/www.mesvendanges.com\/fr\/boutique\/vins\/nuova-descriptio-alice-et-olivier-de-moor-2023-75cl\/","og_locale":"fr_FR","og_type":"article","og_title":"NUOVA DESCRIPTIO - Mes Vendanges","og_description":"Nouvelle cuv\u00e9e du domaine Alice &#038; Olivier De Moor, Nuova Descriptio est un assemblage de trois c\u00e9pages : Sauvignon de Saint-Bris, \u2019une petite cuv\u00e9e d\u2019Aligot\u00e9 en mac\u00e9ration et 3 f\u00fbts de Chardonnay . Cette cuv\u00e9e est l&#8217;expression de la recherche d&#8217;Alice et Olivier face aux changements climatiques. L&#8217;assemblage leur semble une voie propice \u00e0 l&#8217;\u00e9laboration [&hellip;]","og_url":"https:\/\/www.mesvendanges.com\/fr\/boutique\/vins\/nuova-descriptio-alice-et-olivier-de-moor-2023-75cl\/","og_site_name":"Mes Vendanges","article_modified_time":"2026-04-24T09:59:52+00:00","og_image":[{"width":421,"height":1500,"url":"https:\/\/www.mesvendanges.com\/wp-content\/uploads\/2025\/04\/de-moor-nuova-descriptio-2023-png.png","type":"image\/png"}],"twitter_card":"summary_large_image","schema":{"@context":"https:\/\/schema.org","@graph":[{"@type":"Organization","@id":"https:\/\/www.mesvendanges.com\/en\/#organization","name":"Mes Vendanges","url":"https:\/\/www.mesvendanges.com\/en\/","sameAs":[],"logo":{"@type":"ImageObject","inLanguage":"fr-FR","@id":"https:\/\/www.mesvendanges.com\/en\/#\/schema\/logo\/image\/","url":"https:\/\/www.mesvendanges.com\/wp-content\/uploads\/2022\/02\/logo-mesvendanges.jpg","contentUrl":"https:\/\/www.mesvendanges.com\/wp-content\/uploads\/2022\/02\/logo-mesvendanges.jpg","width":851,"height":260,"caption":"Mes Vendanges"},"image":{"@id":"https:\/\/www.mesvendanges.com\/en\/#\/schema\/logo\/image\/"}},{"@type":"WebSite","@id":"https:\/\/www.mesvendanges.com\/en\/#website","url":"https:\/\/www.mesvendanges.com\/en\/","name":"Mes Vendanges","description":"Des journ\u00e9es enti\u00e8res dans les vignes","publisher":{"@id":"https:\/\/www.mesvendanges.com\/en\/#organization"},"potentialAction":[{"@type":"SearchAction","target":{"@type":"EntryPoint","urlTemplate":"https:\/\/www.mesvendanges.com\/en\/?s={search_term_string}"},"query-input":"required name=search_term_string"}],"inLanguage":"fr-FR"},{"@type":"ImageObject","inLanguage":"fr-FR","@id":"https:\/\/www.mesvendanges.com\/fr\/boutique\/vins\/nuova-descriptio-alice-et-olivier-de-moor-2023-75cl\/#primaryimage","url":"https:\/\/www.mesvendanges.com\/wp-content\/uploads\/2025\/04\/de-moor-nuova-descriptio-2023-png.png","contentUrl":"https:\/\/www.mesvendanges.com\/wp-content\/uploads\/2025\/04\/de-moor-nuova-descriptio-2023-png.png","width":421,"height":1500},{"@type":"WebPage","@id":"https:\/\/www.mesvendanges.com\/fr\/boutique\/vins\/nuova-descriptio-alice-et-olivier-de-moor-2023-75cl\/","url":"https:\/\/www.mesvendanges.com\/fr\/boutique\/vins\/nuova-descriptio-alice-et-olivier-de-moor-2023-75cl\/","name":"NUOVA DESCRIPTIO - Mes Vendanges","isPartOf":{"@id":"https:\/\/www.mesvendanges.com\/en\/#website"},"primaryImageOfPage":{"@id":"https:\/\/www.mesvendanges.com\/fr\/boutique\/vins\/nuova-descriptio-alice-et-olivier-de-moor-2023-75cl\/#primaryimage"},"datePublished":"2025-03-31T12:47:52+00:00","dateModified":"2026-04-24T09:59:52+00:00","breadcrumb":{"@id":"https:\/\/www.mesvendanges.com\/fr\/boutique\/vins\/nuova-descriptio-alice-et-olivier-de-moor-2023-75cl\/#breadcrumb"},"inLanguage":"fr-FR","potentialAction":[{"@type":"ReadAction","target":["https:\/\/www.mesvendanges.com\/fr\/boutique\/vins\/nuova-descriptio-alice-et-olivier-de-moor-2023-75cl\/"]}]},{"@type":"BreadcrumbList","@id":"https:\/\/www.mesvendanges.com\/fr\/boutique\/vins\/nuova-descriptio-alice-et-olivier-de-moor-2023-75cl\/#breadcrumb","itemListElement":[{"@type":"ListItem","position":1,"name":"Accueil","item":"https:\/\/www.mesvendanges.com\/fr\/"},{"@type":"ListItem","position":2,"name":"Boutique","item":"https:\/\/www.mesvendanges.com\/fr\/boutique\/"},{"@type":"ListItem","position":3,"name":"NUOVA DESCRIPTIO"}]}]}},"_links":{"self":[{"href":"https:\/\/www.mesvendanges.com\/fr\/wp-json\/wp\/v2\/product\/85248"}],"collection":[{"href":"https:\/\/www.mesvendanges.com\/fr\/wp-json\/wp\/v2\/product"}],"about":[{"href":"https:\/\/www.mesvendanges.com\/fr\/wp-json\/wp\/v2\/types\/product"}],"wp:featuredmedia":[{"embeddable":true,"href":"https:\/\/www.mesvendanges.com\/fr\/wp-json\/wp\/v2\/media\/86203"}],"wp:attachment":[{"href":"https:\/\/www.mesvendanges.com\/fr\/wp-json\/wp\/v2\/media?parent=85248"}],"wp:term":[{"taxonomy":"product_cat","embeddable":true,"href":"https:\/\/www.mesvendanges.com\/fr\/wp-json\/wp\/v2\/product_cat?post=85248"},{"taxonomy":"product_tag","embeddable":true,"href":"https:\/\/www.mesvendanges.com\/fr\/wp-json\/wp\/v2\/product_tag?post=85248"}],"curies":[{"name":"wp","href":"https:\/\/api.w.org\/{rel}","templated":true}]}}