{"id":85377,"date":"2025-04-03T11:25:01","date_gmt":"2025-04-03T09:25:01","guid":{"rendered":"https:\/\/www.mesvendanges.com\/shop\/non%20class\u00e9\/fendant-de-la-liaudisaz-chappaz-marie-therese-2023-75cl\/"},"modified":"2026-05-04T10:17:31","modified_gmt":"2026-05-04T08:17:31","slug":"fendant-de-la-liaudisaz-chappaz-marie-therese-2023-75cl","status":"publish","type":"product","link":"https:\/\/www.mesvendanges.com\/fr\/boutique\/vins\/fendant-de-la-liaudisaz-chappaz-marie-therese-2023-75cl\/","title":{"rendered":"FENDANT DE LA LIAUDISAZ"},"content":{"rendered":"<p>Terroir de loess sur granit<br \/>\nissu de vignes de chasselas plant\u00e9es sur plusieurs terroirs granitiques entre Fully et Martigny, ce Fendant est \u00e9lev\u00e9 en cuve, sur lies, pendant 8 mois environ. Le premier nez \u00e9voque le ch\u00e8vrefeuille et la pierre chaude. Ces premi\u00e8res impressions laissent ensuite la place \u00e0 une jolie note anis\u00e9e. La bouche est salivante avec une attaque ample et charnelle qui s\u2019\u00e9tend sur des saveurs discr\u00e8tes de fruit blanc. C\u2019est un vin qui sans aucun doute saura ouvrir l\u2019app\u00e9tit au moment de l\u2019ap\u00e9ritif.<\/p>\n","protected":false},"excerpt":{"rendered":"<p>Terroir de loess sur granit issu de vignes de chasselas plant\u00e9es sur plusieurs terroirs granitiques entre Fully et Martigny, ce Fendant est \u00e9lev\u00e9 en cuve, sur lies, pendant 8 mois environ. Le premier nez \u00e9voque le ch\u00e8vrefeuille et la pierre chaude. Ces premi\u00e8res impressions laissent ensuite la place \u00e0 une jolie note anis\u00e9e. La bouche [&hellip;]<\/p>\n","protected":false},"featured_media":86586,"template":"","meta":[],"product_cat":[3736],"product_tag":[],"acf":[],"yoast_head":"<!-- This site is optimized with the Yoast SEO plugin v19.3 - https:\/\/yoast.com\/wordpress\/plugins\/seo\/ -->\n<title>FENDANT DE LA LIAUDISAZ - Mes Vendanges<\/title>\n<meta name=\"robots\" content=\"index, follow, max-snippet:-1, max-image-preview:large, max-video-preview:-1\" \/>\n<link rel=\"canonical\" href=\"https:\/\/www.mesvendanges.com\/fr\/boutique\/vins\/fendant-de-la-liaudisaz-chappaz-marie-therese-2023-75cl\/\" \/>\n<meta property=\"og:locale\" content=\"fr_FR\" \/>\n<meta property=\"og:type\" content=\"article\" \/>\n<meta property=\"og:title\" content=\"FENDANT DE LA LIAUDISAZ - Mes Vendanges\" \/>\n<meta property=\"og:description\" content=\"Terroir de loess sur granit issu de vignes de chasselas plant\u00e9es sur plusieurs terroirs granitiques entre Fully et Martigny, ce Fendant est \u00e9lev\u00e9 en cuve, sur lies, pendant 8 mois environ. Le premier nez \u00e9voque le ch\u00e8vrefeuille et la pierre chaude. Ces premi\u00e8res impressions laissent ensuite la place \u00e0 une jolie note anis\u00e9e. La bouche [&hellip;]\" \/>\n<meta property=\"og:url\" content=\"https:\/\/www.mesvendanges.com\/fr\/boutique\/vins\/fendant-de-la-liaudisaz-chappaz-marie-therese-2023-75cl\/\" \/>\n<meta property=\"og:site_name\" content=\"Mes Vendanges\" \/>\n<meta property=\"article:modified_time\" content=\"2026-05-04T08:17:31+00:00\" \/>\n<meta property=\"og:image\" content=\"https:\/\/www.mesvendanges.com\/wp-content\/uploads\/2025\/05\/marie-therese-chappaz-fendant-de-la-liaudisaz-2023-png.png\" \/>\n\t<meta property=\"og:image:width\" content=\"438\" \/>\n\t<meta property=\"og:image:height\" content=\"1500\" \/>\n\t<meta property=\"og:image:type\" content=\"image\/png\" \/>\n<meta name=\"twitter:card\" content=\"summary_large_image\" \/>\n<script type=\"application\/ld+json\" class=\"yoast-schema-graph\">{\"@context\":\"https:\/\/schema.org\",\"@graph\":[{\"@type\":\"Organization\",\"@id\":\"https:\/\/www.mesvendanges.com\/en\/#organization\",\"name\":\"Mes Vendanges\",\"url\":\"https:\/\/www.mesvendanges.com\/en\/\",\"sameAs\":[],\"logo\":{\"@type\":\"ImageObject\",\"inLanguage\":\"fr-FR\",\"@id\":\"https:\/\/www.mesvendanges.com\/en\/#\/schema\/logo\/image\/\",\"url\":\"https:\/\/www.mesvendanges.com\/wp-content\/uploads\/2022\/02\/logo-mesvendanges.jpg\",\"contentUrl\":\"https:\/\/www.mesvendanges.com\/wp-content\/uploads\/2022\/02\/logo-mesvendanges.jpg\",\"width\":851,\"height\":260,\"caption\":\"Mes Vendanges\"},\"image\":{\"@id\":\"https:\/\/www.mesvendanges.com\/en\/#\/schema\/logo\/image\/\"}},{\"@type\":\"WebSite\",\"@id\":\"https:\/\/www.mesvendanges.com\/en\/#website\",\"url\":\"https:\/\/www.mesvendanges.com\/en\/\",\"name\":\"Mes Vendanges\",\"description\":\"Des journ\u00e9es enti\u00e8res dans les vignes\",\"publisher\":{\"@id\":\"https:\/\/www.mesvendanges.com\/en\/#organization\"},\"potentialAction\":[{\"@type\":\"SearchAction\",\"target\":{\"@type\":\"EntryPoint\",\"urlTemplate\":\"https:\/\/www.mesvendanges.com\/en\/?s={search_term_string}\"},\"query-input\":\"required name=search_term_string\"}],\"inLanguage\":\"fr-FR\"},{\"@type\":\"ImageObject\",\"inLanguage\":\"fr-FR\",\"@id\":\"https:\/\/www.mesvendanges.com\/fr\/boutique\/vins\/fendant-de-la-liaudisaz-chappaz-marie-therese-2023-75cl\/#primaryimage\",\"url\":\"https:\/\/www.mesvendanges.com\/wp-content\/uploads\/2025\/05\/marie-therese-chappaz-fendant-de-la-liaudisaz-2023-png.png\",\"contentUrl\":\"https:\/\/www.mesvendanges.com\/wp-content\/uploads\/2025\/05\/marie-therese-chappaz-fendant-de-la-liaudisaz-2023-png.png\",\"width\":438,\"height\":1500},{\"@type\":\"WebPage\",\"@id\":\"https:\/\/www.mesvendanges.com\/fr\/boutique\/vins\/fendant-de-la-liaudisaz-chappaz-marie-therese-2023-75cl\/\",\"url\":\"https:\/\/www.mesvendanges.com\/fr\/boutique\/vins\/fendant-de-la-liaudisaz-chappaz-marie-therese-2023-75cl\/\",\"name\":\"FENDANT DE LA LIAUDISAZ - Mes Vendanges\",\"isPartOf\":{\"@id\":\"https:\/\/www.mesvendanges.com\/en\/#website\"},\"primaryImageOfPage\":{\"@id\":\"https:\/\/www.mesvendanges.com\/fr\/boutique\/vins\/fendant-de-la-liaudisaz-chappaz-marie-therese-2023-75cl\/#primaryimage\"},\"datePublished\":\"2025-04-03T09:25:01+00:00\",\"dateModified\":\"2026-05-04T08:17:31+00:00\",\"breadcrumb\":{\"@id\":\"https:\/\/www.mesvendanges.com\/fr\/boutique\/vins\/fendant-de-la-liaudisaz-chappaz-marie-therese-2023-75cl\/#breadcrumb\"},\"inLanguage\":\"fr-FR\",\"potentialAction\":[{\"@type\":\"ReadAction\",\"target\":[\"https:\/\/www.mesvendanges.com\/fr\/boutique\/vins\/fendant-de-la-liaudisaz-chappaz-marie-therese-2023-75cl\/\"]}]},{\"@type\":\"BreadcrumbList\",\"@id\":\"https:\/\/www.mesvendanges.com\/fr\/boutique\/vins\/fendant-de-la-liaudisaz-chappaz-marie-therese-2023-75cl\/#breadcrumb\",\"itemListElement\":[{\"@type\":\"ListItem\",\"position\":1,\"name\":\"Accueil\",\"item\":\"https:\/\/www.mesvendanges.com\/fr\/\"},{\"@type\":\"ListItem\",\"position\":2,\"name\":\"Boutique\",\"item\":\"https:\/\/www.mesvendanges.com\/fr\/boutique\/\"},{\"@type\":\"ListItem\",\"position\":3,\"name\":\"FENDANT DE LA LIAUDISAZ\"}]}]}<\/script>\n<!-- \/ Yoast SEO plugin. -->","yoast_head_json":{"title":"FENDANT DE LA LIAUDISAZ - Mes Vendanges","robots":{"index":"index","follow":"follow","max-snippet":"max-snippet:-1","max-image-preview":"max-image-preview:large","max-video-preview":"max-video-preview:-1"},"canonical":"https:\/\/www.mesvendanges.com\/fr\/boutique\/vins\/fendant-de-la-liaudisaz-chappaz-marie-therese-2023-75cl\/","og_locale":"fr_FR","og_type":"article","og_title":"FENDANT DE LA LIAUDISAZ - Mes Vendanges","og_description":"Terroir de loess sur granit issu de vignes de chasselas plant\u00e9es sur plusieurs terroirs granitiques entre Fully et Martigny, ce Fendant est \u00e9lev\u00e9 en cuve, sur lies, pendant 8 mois environ. Le premier nez \u00e9voque le ch\u00e8vrefeuille et la pierre chaude. Ces premi\u00e8res impressions laissent ensuite la place \u00e0 une jolie note anis\u00e9e. La bouche [&hellip;]","og_url":"https:\/\/www.mesvendanges.com\/fr\/boutique\/vins\/fendant-de-la-liaudisaz-chappaz-marie-therese-2023-75cl\/","og_site_name":"Mes Vendanges","article_modified_time":"2026-05-04T08:17:31+00:00","og_image":[{"width":438,"height":1500,"url":"https:\/\/www.mesvendanges.com\/wp-content\/uploads\/2025\/05\/marie-therese-chappaz-fendant-de-la-liaudisaz-2023-png.png","type":"image\/png"}],"twitter_card":"summary_large_image","schema":{"@context":"https:\/\/schema.org","@graph":[{"@type":"Organization","@id":"https:\/\/www.mesvendanges.com\/en\/#organization","name":"Mes Vendanges","url":"https:\/\/www.mesvendanges.com\/en\/","sameAs":[],"logo":{"@type":"ImageObject","inLanguage":"fr-FR","@id":"https:\/\/www.mesvendanges.com\/en\/#\/schema\/logo\/image\/","url":"https:\/\/www.mesvendanges.com\/wp-content\/uploads\/2022\/02\/logo-mesvendanges.jpg","contentUrl":"https:\/\/www.mesvendanges.com\/wp-content\/uploads\/2022\/02\/logo-mesvendanges.jpg","width":851,"height":260,"caption":"Mes Vendanges"},"image":{"@id":"https:\/\/www.mesvendanges.com\/en\/#\/schema\/logo\/image\/"}},{"@type":"WebSite","@id":"https:\/\/www.mesvendanges.com\/en\/#website","url":"https:\/\/www.mesvendanges.com\/en\/","name":"Mes Vendanges","description":"Des journ\u00e9es enti\u00e8res dans les vignes","publisher":{"@id":"https:\/\/www.mesvendanges.com\/en\/#organization"},"potentialAction":[{"@type":"SearchAction","target":{"@type":"EntryPoint","urlTemplate":"https:\/\/www.mesvendanges.com\/en\/?s={search_term_string}"},"query-input":"required name=search_term_string"}],"inLanguage":"fr-FR"},{"@type":"ImageObject","inLanguage":"fr-FR","@id":"https:\/\/www.mesvendanges.com\/fr\/boutique\/vins\/fendant-de-la-liaudisaz-chappaz-marie-therese-2023-75cl\/#primaryimage","url":"https:\/\/www.mesvendanges.com\/wp-content\/uploads\/2025\/05\/marie-therese-chappaz-fendant-de-la-liaudisaz-2023-png.png","contentUrl":"https:\/\/www.mesvendanges.com\/wp-content\/uploads\/2025\/05\/marie-therese-chappaz-fendant-de-la-liaudisaz-2023-png.png","width":438,"height":1500},{"@type":"WebPage","@id":"https:\/\/www.mesvendanges.com\/fr\/boutique\/vins\/fendant-de-la-liaudisaz-chappaz-marie-therese-2023-75cl\/","url":"https:\/\/www.mesvendanges.com\/fr\/boutique\/vins\/fendant-de-la-liaudisaz-chappaz-marie-therese-2023-75cl\/","name":"FENDANT DE LA LIAUDISAZ - Mes Vendanges","isPartOf":{"@id":"https:\/\/www.mesvendanges.com\/en\/#website"},"primaryImageOfPage":{"@id":"https:\/\/www.mesvendanges.com\/fr\/boutique\/vins\/fendant-de-la-liaudisaz-chappaz-marie-therese-2023-75cl\/#primaryimage"},"datePublished":"2025-04-03T09:25:01+00:00","dateModified":"2026-05-04T08:17:31+00:00","breadcrumb":{"@id":"https:\/\/www.mesvendanges.com\/fr\/boutique\/vins\/fendant-de-la-liaudisaz-chappaz-marie-therese-2023-75cl\/#breadcrumb"},"inLanguage":"fr-FR","potentialAction":[{"@type":"ReadAction","target":["https:\/\/www.mesvendanges.com\/fr\/boutique\/vins\/fendant-de-la-liaudisaz-chappaz-marie-therese-2023-75cl\/"]}]},{"@type":"BreadcrumbList","@id":"https:\/\/www.mesvendanges.com\/fr\/boutique\/vins\/fendant-de-la-liaudisaz-chappaz-marie-therese-2023-75cl\/#breadcrumb","itemListElement":[{"@type":"ListItem","position":1,"name":"Accueil","item":"https:\/\/www.mesvendanges.com\/fr\/"},{"@type":"ListItem","position":2,"name":"Boutique","item":"https:\/\/www.mesvendanges.com\/fr\/boutique\/"},{"@type":"ListItem","position":3,"name":"FENDANT DE LA LIAUDISAZ"}]}]}},"_links":{"self":[{"href":"https:\/\/www.mesvendanges.com\/fr\/wp-json\/wp\/v2\/product\/85377"}],"collection":[{"href":"https:\/\/www.mesvendanges.com\/fr\/wp-json\/wp\/v2\/product"}],"about":[{"href":"https:\/\/www.mesvendanges.com\/fr\/wp-json\/wp\/v2\/types\/product"}],"wp:featuredmedia":[{"embeddable":true,"href":"https:\/\/www.mesvendanges.com\/fr\/wp-json\/wp\/v2\/media\/86586"}],"wp:attachment":[{"href":"https:\/\/www.mesvendanges.com\/fr\/wp-json\/wp\/v2\/media?parent=85377"}],"wp:term":[{"taxonomy":"product_cat","embeddable":true,"href":"https:\/\/www.mesvendanges.com\/fr\/wp-json\/wp\/v2\/product_cat?post=85377"},{"taxonomy":"product_tag","embeddable":true,"href":"https:\/\/www.mesvendanges.com\/fr\/wp-json\/wp\/v2\/product_tag?post=85377"}],"curies":[{"name":"wp","href":"https:\/\/api.w.org\/{rel}","templated":true}]}}