{"id":85421,"date":"2025-04-03T12:05:55","date_gmt":"2025-04-03T10:05:55","guid":{"rendered":"https:\/\/www.mesvendanges.com\/shop\/non%20class\u00e9\/grain-pinot-les-dahrres-chappaz-marie-therese-2023-75cl\/"},"modified":"2026-03-18T10:00:59","modified_gmt":"2026-03-18T09:00:59","slug":"grain-pinot-les-dahrres-chappaz-marie-therese-2023-75cl","status":"publish","type":"product","link":"https:\/\/www.mesvendanges.com\/fr\/boutique\/vins\/grain-pinot-les-dahrres-chappaz-marie-therese-2023-75cl\/","title":{"rendered":"GRAIN PINOT LES DAHRRES"},"content":{"rendered":"<p>direction la rive droite du Rh\u00f4ne \u00e0 la d\u00e9couverte de ce pinot noir \u00e9lev\u00e9 pendant 8 mois en pi\u00e8ces bourguignonnes. Ce mill\u00e9sime 2023 ne d\u00e9note pas au style d\u00e9sormais bien \u00e9tabli de ce vin qui r\u00e9v\u00e8le d\u00e8s le premier nez ces notes flatteuses et gourmandes, l\u00e9g\u00e8rement fum\u00e9es. La fraise des bois et la framboise restent les marqueurs de ce vin. La bouche est un vrai velours avec des tanins tr\u00e8s fins. <\/p>\n","protected":false},"excerpt":{"rendered":"<p>direction la rive droite du Rh\u00f4ne \u00e0 la d\u00e9couverte de ce pinot noir \u00e9lev\u00e9 pendant 8 mois en pi\u00e8ces bourguignonnes. Ce mill\u00e9sime 2023 ne d\u00e9note pas au style d\u00e9sormais bien \u00e9tabli de ce vin qui r\u00e9v\u00e8le d\u00e8s le premier nez ces notes flatteuses et gourmandes, l\u00e9g\u00e8rement fum\u00e9es. La fraise des bois et la framboise restent [&hellip;]<\/p>\n","protected":false},"featured_media":86662,"template":"","meta":[],"product_cat":[3736],"product_tag":[],"acf":[],"yoast_head":"<!-- This site is optimized with the Yoast SEO plugin v19.3 - https:\/\/yoast.com\/wordpress\/plugins\/seo\/ -->\n<title>GRAIN PINOT LES DAHRRES - Mes Vendanges<\/title>\n<meta name=\"robots\" content=\"index, follow, max-snippet:-1, max-image-preview:large, max-video-preview:-1\" \/>\n<link rel=\"canonical\" href=\"https:\/\/www.mesvendanges.com\/fr\/boutique\/vins\/grain-pinot-les-dahrres-chappaz-marie-therese-2023-75cl\/\" \/>\n<meta property=\"og:locale\" content=\"fr_FR\" \/>\n<meta property=\"og:type\" content=\"article\" \/>\n<meta property=\"og:title\" content=\"GRAIN PINOT LES DAHRRES - Mes Vendanges\" \/>\n<meta property=\"og:description\" content=\"direction la rive droite du Rh\u00f4ne \u00e0 la d\u00e9couverte de ce pinot noir \u00e9lev\u00e9 pendant 8 mois en pi\u00e8ces bourguignonnes. Ce mill\u00e9sime 2023 ne d\u00e9note pas au style d\u00e9sormais bien \u00e9tabli de ce vin qui r\u00e9v\u00e8le d\u00e8s le premier nez ces notes flatteuses et gourmandes, l\u00e9g\u00e8rement fum\u00e9es. La fraise des bois et la framboise restent [&hellip;]\" \/>\n<meta property=\"og:url\" content=\"https:\/\/www.mesvendanges.com\/fr\/boutique\/vins\/grain-pinot-les-dahrres-chappaz-marie-therese-2023-75cl\/\" \/>\n<meta property=\"og:site_name\" content=\"Mes Vendanges\" \/>\n<meta property=\"article:modified_time\" content=\"2026-03-18T09:00:59+00:00\" \/>\n<meta property=\"og:image\" content=\"https:\/\/www.mesvendanges.com\/wp-content\/uploads\/2025\/05\/marie-therese-chappaz-grain-pinot-les-dahrres-2023-png.png\" \/>\n\t<meta property=\"og:image:width\" content=\"416\" \/>\n\t<meta property=\"og:image:height\" content=\"1500\" \/>\n\t<meta property=\"og:image:type\" content=\"image\/png\" \/>\n<meta name=\"twitter:card\" content=\"summary_large_image\" \/>\n<script type=\"application\/ld+json\" class=\"yoast-schema-graph\">{\"@context\":\"https:\/\/schema.org\",\"@graph\":[{\"@type\":\"Organization\",\"@id\":\"https:\/\/www.mesvendanges.com\/en\/#organization\",\"name\":\"Mes Vendanges\",\"url\":\"https:\/\/www.mesvendanges.com\/en\/\",\"sameAs\":[],\"logo\":{\"@type\":\"ImageObject\",\"inLanguage\":\"fr-FR\",\"@id\":\"https:\/\/www.mesvendanges.com\/en\/#\/schema\/logo\/image\/\",\"url\":\"https:\/\/www.mesvendanges.com\/wp-content\/uploads\/2022\/02\/logo-mesvendanges.jpg\",\"contentUrl\":\"https:\/\/www.mesvendanges.com\/wp-content\/uploads\/2022\/02\/logo-mesvendanges.jpg\",\"width\":851,\"height\":260,\"caption\":\"Mes Vendanges\"},\"image\":{\"@id\":\"https:\/\/www.mesvendanges.com\/en\/#\/schema\/logo\/image\/\"}},{\"@type\":\"WebSite\",\"@id\":\"https:\/\/www.mesvendanges.com\/en\/#website\",\"url\":\"https:\/\/www.mesvendanges.com\/en\/\",\"name\":\"Mes Vendanges\",\"description\":\"Des journ\u00e9es enti\u00e8res dans les vignes\",\"publisher\":{\"@id\":\"https:\/\/www.mesvendanges.com\/en\/#organization\"},\"potentialAction\":[{\"@type\":\"SearchAction\",\"target\":{\"@type\":\"EntryPoint\",\"urlTemplate\":\"https:\/\/www.mesvendanges.com\/en\/?s={search_term_string}\"},\"query-input\":\"required name=search_term_string\"}],\"inLanguage\":\"fr-FR\"},{\"@type\":\"ImageObject\",\"inLanguage\":\"fr-FR\",\"@id\":\"https:\/\/www.mesvendanges.com\/fr\/boutique\/vins\/grain-pinot-les-dahrres-chappaz-marie-therese-2023-75cl\/#primaryimage\",\"url\":\"https:\/\/www.mesvendanges.com\/wp-content\/uploads\/2025\/05\/marie-therese-chappaz-grain-pinot-les-dahrres-2023-png.png\",\"contentUrl\":\"https:\/\/www.mesvendanges.com\/wp-content\/uploads\/2025\/05\/marie-therese-chappaz-grain-pinot-les-dahrres-2023-png.png\",\"width\":416,\"height\":1500},{\"@type\":\"WebPage\",\"@id\":\"https:\/\/www.mesvendanges.com\/fr\/boutique\/vins\/grain-pinot-les-dahrres-chappaz-marie-therese-2023-75cl\/\",\"url\":\"https:\/\/www.mesvendanges.com\/fr\/boutique\/vins\/grain-pinot-les-dahrres-chappaz-marie-therese-2023-75cl\/\",\"name\":\"GRAIN PINOT LES DAHRRES - Mes Vendanges\",\"isPartOf\":{\"@id\":\"https:\/\/www.mesvendanges.com\/en\/#website\"},\"primaryImageOfPage\":{\"@id\":\"https:\/\/www.mesvendanges.com\/fr\/boutique\/vins\/grain-pinot-les-dahrres-chappaz-marie-therese-2023-75cl\/#primaryimage\"},\"datePublished\":\"2025-04-03T10:05:55+00:00\",\"dateModified\":\"2026-03-18T09:00:59+00:00\",\"breadcrumb\":{\"@id\":\"https:\/\/www.mesvendanges.com\/fr\/boutique\/vins\/grain-pinot-les-dahrres-chappaz-marie-therese-2023-75cl\/#breadcrumb\"},\"inLanguage\":\"fr-FR\",\"potentialAction\":[{\"@type\":\"ReadAction\",\"target\":[\"https:\/\/www.mesvendanges.com\/fr\/boutique\/vins\/grain-pinot-les-dahrres-chappaz-marie-therese-2023-75cl\/\"]}]},{\"@type\":\"BreadcrumbList\",\"@id\":\"https:\/\/www.mesvendanges.com\/fr\/boutique\/vins\/grain-pinot-les-dahrres-chappaz-marie-therese-2023-75cl\/#breadcrumb\",\"itemListElement\":[{\"@type\":\"ListItem\",\"position\":1,\"name\":\"Accueil\",\"item\":\"https:\/\/www.mesvendanges.com\/fr\/\"},{\"@type\":\"ListItem\",\"position\":2,\"name\":\"Boutique\",\"item\":\"https:\/\/www.mesvendanges.com\/fr\/boutique\/\"},{\"@type\":\"ListItem\",\"position\":3,\"name\":\"GRAIN PINOT LES DAHRRES\"}]}]}<\/script>\n<!-- \/ Yoast SEO plugin. -->","yoast_head_json":{"title":"GRAIN PINOT LES DAHRRES - Mes Vendanges","robots":{"index":"index","follow":"follow","max-snippet":"max-snippet:-1","max-image-preview":"max-image-preview:large","max-video-preview":"max-video-preview:-1"},"canonical":"https:\/\/www.mesvendanges.com\/fr\/boutique\/vins\/grain-pinot-les-dahrres-chappaz-marie-therese-2023-75cl\/","og_locale":"fr_FR","og_type":"article","og_title":"GRAIN PINOT LES DAHRRES - Mes Vendanges","og_description":"direction la rive droite du Rh\u00f4ne \u00e0 la d\u00e9couverte de ce pinot noir \u00e9lev\u00e9 pendant 8 mois en pi\u00e8ces bourguignonnes. Ce mill\u00e9sime 2023 ne d\u00e9note pas au style d\u00e9sormais bien \u00e9tabli de ce vin qui r\u00e9v\u00e8le d\u00e8s le premier nez ces notes flatteuses et gourmandes, l\u00e9g\u00e8rement fum\u00e9es. La fraise des bois et la framboise restent [&hellip;]","og_url":"https:\/\/www.mesvendanges.com\/fr\/boutique\/vins\/grain-pinot-les-dahrres-chappaz-marie-therese-2023-75cl\/","og_site_name":"Mes Vendanges","article_modified_time":"2026-03-18T09:00:59+00:00","og_image":[{"width":416,"height":1500,"url":"https:\/\/www.mesvendanges.com\/wp-content\/uploads\/2025\/05\/marie-therese-chappaz-grain-pinot-les-dahrres-2023-png.png","type":"image\/png"}],"twitter_card":"summary_large_image","schema":{"@context":"https:\/\/schema.org","@graph":[{"@type":"Organization","@id":"https:\/\/www.mesvendanges.com\/en\/#organization","name":"Mes Vendanges","url":"https:\/\/www.mesvendanges.com\/en\/","sameAs":[],"logo":{"@type":"ImageObject","inLanguage":"fr-FR","@id":"https:\/\/www.mesvendanges.com\/en\/#\/schema\/logo\/image\/","url":"https:\/\/www.mesvendanges.com\/wp-content\/uploads\/2022\/02\/logo-mesvendanges.jpg","contentUrl":"https:\/\/www.mesvendanges.com\/wp-content\/uploads\/2022\/02\/logo-mesvendanges.jpg","width":851,"height":260,"caption":"Mes Vendanges"},"image":{"@id":"https:\/\/www.mesvendanges.com\/en\/#\/schema\/logo\/image\/"}},{"@type":"WebSite","@id":"https:\/\/www.mesvendanges.com\/en\/#website","url":"https:\/\/www.mesvendanges.com\/en\/","name":"Mes Vendanges","description":"Des journ\u00e9es enti\u00e8res dans les vignes","publisher":{"@id":"https:\/\/www.mesvendanges.com\/en\/#organization"},"potentialAction":[{"@type":"SearchAction","target":{"@type":"EntryPoint","urlTemplate":"https:\/\/www.mesvendanges.com\/en\/?s={search_term_string}"},"query-input":"required name=search_term_string"}],"inLanguage":"fr-FR"},{"@type":"ImageObject","inLanguage":"fr-FR","@id":"https:\/\/www.mesvendanges.com\/fr\/boutique\/vins\/grain-pinot-les-dahrres-chappaz-marie-therese-2023-75cl\/#primaryimage","url":"https:\/\/www.mesvendanges.com\/wp-content\/uploads\/2025\/05\/marie-therese-chappaz-grain-pinot-les-dahrres-2023-png.png","contentUrl":"https:\/\/www.mesvendanges.com\/wp-content\/uploads\/2025\/05\/marie-therese-chappaz-grain-pinot-les-dahrres-2023-png.png","width":416,"height":1500},{"@type":"WebPage","@id":"https:\/\/www.mesvendanges.com\/fr\/boutique\/vins\/grain-pinot-les-dahrres-chappaz-marie-therese-2023-75cl\/","url":"https:\/\/www.mesvendanges.com\/fr\/boutique\/vins\/grain-pinot-les-dahrres-chappaz-marie-therese-2023-75cl\/","name":"GRAIN PINOT LES DAHRRES - Mes Vendanges","isPartOf":{"@id":"https:\/\/www.mesvendanges.com\/en\/#website"},"primaryImageOfPage":{"@id":"https:\/\/www.mesvendanges.com\/fr\/boutique\/vins\/grain-pinot-les-dahrres-chappaz-marie-therese-2023-75cl\/#primaryimage"},"datePublished":"2025-04-03T10:05:55+00:00","dateModified":"2026-03-18T09:00:59+00:00","breadcrumb":{"@id":"https:\/\/www.mesvendanges.com\/fr\/boutique\/vins\/grain-pinot-les-dahrres-chappaz-marie-therese-2023-75cl\/#breadcrumb"},"inLanguage":"fr-FR","potentialAction":[{"@type":"ReadAction","target":["https:\/\/www.mesvendanges.com\/fr\/boutique\/vins\/grain-pinot-les-dahrres-chappaz-marie-therese-2023-75cl\/"]}]},{"@type":"BreadcrumbList","@id":"https:\/\/www.mesvendanges.com\/fr\/boutique\/vins\/grain-pinot-les-dahrres-chappaz-marie-therese-2023-75cl\/#breadcrumb","itemListElement":[{"@type":"ListItem","position":1,"name":"Accueil","item":"https:\/\/www.mesvendanges.com\/fr\/"},{"@type":"ListItem","position":2,"name":"Boutique","item":"https:\/\/www.mesvendanges.com\/fr\/boutique\/"},{"@type":"ListItem","position":3,"name":"GRAIN PINOT LES DAHRRES"}]}]}},"_links":{"self":[{"href":"https:\/\/www.mesvendanges.com\/fr\/wp-json\/wp\/v2\/product\/85421"}],"collection":[{"href":"https:\/\/www.mesvendanges.com\/fr\/wp-json\/wp\/v2\/product"}],"about":[{"href":"https:\/\/www.mesvendanges.com\/fr\/wp-json\/wp\/v2\/types\/product"}],"wp:featuredmedia":[{"embeddable":true,"href":"https:\/\/www.mesvendanges.com\/fr\/wp-json\/wp\/v2\/media\/86662"}],"wp:attachment":[{"href":"https:\/\/www.mesvendanges.com\/fr\/wp-json\/wp\/v2\/media?parent=85421"}],"wp:term":[{"taxonomy":"product_cat","embeddable":true,"href":"https:\/\/www.mesvendanges.com\/fr\/wp-json\/wp\/v2\/product_cat?post=85421"},{"taxonomy":"product_tag","embeddable":true,"href":"https:\/\/www.mesvendanges.com\/fr\/wp-json\/wp\/v2\/product_tag?post=85421"}],"curies":[{"name":"wp","href":"https:\/\/api.w.org\/{rel}","templated":true}]}}