{"id":88384,"date":"2025-06-04T11:38:24","date_gmt":"2025-06-04T09:38:24","guid":{"rendered":"https:\/\/www.mesvendanges.com\/shop\/non%20class\u00e9\/cave-vinum-mas-de-libian-2024-75cl\/"},"modified":"2025-06-12T14:35:59","modified_gmt":"2025-06-12T12:35:59","slug":"cave-vinum-mas-de-libian-2024-75cl","status":"publish","type":"product","link":"https:\/\/www.mesvendanges.com\/fr\/boutique\/vins\/cave-vinum-mas-de-libian-2024-75cl\/","title":{"rendered":"CAVE VINUM"},"content":{"rendered":"<p>Terroir: Argilo-calcaire<br \/>\nRendement: 35 Hl\/Ha<br \/>\nTaille: gobelet et palissage sur viognier<br \/>\nR\u00e9colte: Enti\u00e8rement manuelle avec un tri s\u00e9v\u00e8re \u00e0 la parcelle. Vinification: Pressurage pneumatique. D\u00e9bourbage au froid 12 \u00e0 14\u00b0C pendant 12 heures. Soutirage avec r\u00e9incorporation des lies fines. Fermentation \u00e0 basses temp\u00e9ratures (16 \u00e020\u00b0C) Au d\u00e9part de la fermentation, mise en demi-muids neufs de 20% du mo\u00fbt, le reste fermentera en cuve. FML pour la partie en f\u00fbt. Assemblage puis mise en bouteilles.<\/p>\n","protected":false},"excerpt":{"rendered":"<p>Terroir: Argilo-calcaire Rendement: 35 Hl\/Ha Taille: gobelet et palissage sur viognier R\u00e9colte: Enti\u00e8rement manuelle avec un tri s\u00e9v\u00e8re \u00e0 la parcelle. Vinification: Pressurage pneumatique. D\u00e9bourbage au froid 12 \u00e0 14\u00b0C pendant 12 heures. Soutirage avec r\u00e9incorporation des lies fines. Fermentation \u00e0 basses temp\u00e9ratures (16 \u00e020\u00b0C) Au d\u00e9part de la fermentation, mise en demi-muids neufs de [&hellip;]<\/p>\n","protected":false},"featured_media":88386,"template":"","meta":[],"product_cat":[3736],"product_tag":[],"acf":[],"yoast_head":"<!-- This site is optimized with the Yoast SEO plugin v19.3 - https:\/\/yoast.com\/wordpress\/plugins\/seo\/ -->\n<title>CAVE VINUM - Mes Vendanges<\/title>\n<meta name=\"robots\" content=\"index, follow, max-snippet:-1, max-image-preview:large, max-video-preview:-1\" \/>\n<link rel=\"canonical\" href=\"https:\/\/www.mesvendanges.com\/fr\/boutique\/vins\/cave-vinum-mas-de-libian-2024-75cl\/\" \/>\n<meta property=\"og:locale\" content=\"fr_FR\" \/>\n<meta property=\"og:type\" content=\"article\" \/>\n<meta property=\"og:title\" content=\"CAVE VINUM - Mes Vendanges\" \/>\n<meta property=\"og:description\" content=\"Terroir: Argilo-calcaire Rendement: 35 Hl\/Ha Taille: gobelet et palissage sur viognier R\u00e9colte: Enti\u00e8rement manuelle avec un tri s\u00e9v\u00e8re \u00e0 la parcelle. Vinification: Pressurage pneumatique. D\u00e9bourbage au froid 12 \u00e0 14\u00b0C pendant 12 heures. Soutirage avec r\u00e9incorporation des lies fines. Fermentation \u00e0 basses temp\u00e9ratures (16 \u00e020\u00b0C) Au d\u00e9part de la fermentation, mise en demi-muids neufs de [&hellip;]\" \/>\n<meta property=\"og:url\" content=\"https:\/\/www.mesvendanges.com\/fr\/boutique\/vins\/cave-vinum-mas-de-libian-2024-75cl\/\" \/>\n<meta property=\"og:site_name\" content=\"Mes Vendanges\" \/>\n<meta property=\"article:modified_time\" content=\"2025-06-12T12:35:59+00:00\" \/>\n<meta property=\"og:image\" content=\"https:\/\/www.mesvendanges.com\/wp-content\/uploads\/2025\/06\/mas-de-libian-cave-vinum-cotes-du-rhone-blanc-2024-png.png\" \/>\n\t<meta property=\"og:image:width\" content=\"477\" \/>\n\t<meta property=\"og:image:height\" content=\"1500\" \/>\n\t<meta property=\"og:image:type\" content=\"image\/png\" \/>\n<meta name=\"twitter:card\" content=\"summary_large_image\" \/>\n<script type=\"application\/ld+json\" class=\"yoast-schema-graph\">{\"@context\":\"https:\/\/schema.org\",\"@graph\":[{\"@type\":\"Organization\",\"@id\":\"https:\/\/www.mesvendanges.com\/en\/#organization\",\"name\":\"Mes Vendanges\",\"url\":\"https:\/\/www.mesvendanges.com\/en\/\",\"sameAs\":[],\"logo\":{\"@type\":\"ImageObject\",\"inLanguage\":\"fr-FR\",\"@id\":\"https:\/\/www.mesvendanges.com\/en\/#\/schema\/logo\/image\/\",\"url\":\"https:\/\/www.mesvendanges.com\/wp-content\/uploads\/2022\/02\/logo-mesvendanges.jpg\",\"contentUrl\":\"https:\/\/www.mesvendanges.com\/wp-content\/uploads\/2022\/02\/logo-mesvendanges.jpg\",\"width\":851,\"height\":260,\"caption\":\"Mes Vendanges\"},\"image\":{\"@id\":\"https:\/\/www.mesvendanges.com\/en\/#\/schema\/logo\/image\/\"}},{\"@type\":\"WebSite\",\"@id\":\"https:\/\/www.mesvendanges.com\/en\/#website\",\"url\":\"https:\/\/www.mesvendanges.com\/en\/\",\"name\":\"Mes Vendanges\",\"description\":\"Des journ\u00e9es enti\u00e8res dans les vignes\",\"publisher\":{\"@id\":\"https:\/\/www.mesvendanges.com\/en\/#organization\"},\"potentialAction\":[{\"@type\":\"SearchAction\",\"target\":{\"@type\":\"EntryPoint\",\"urlTemplate\":\"https:\/\/www.mesvendanges.com\/en\/?s={search_term_string}\"},\"query-input\":\"required name=search_term_string\"}],\"inLanguage\":\"fr-FR\"},{\"@type\":\"ImageObject\",\"inLanguage\":\"fr-FR\",\"@id\":\"https:\/\/www.mesvendanges.com\/fr\/boutique\/vins\/cave-vinum-mas-de-libian-2024-75cl\/#primaryimage\",\"url\":\"https:\/\/www.mesvendanges.com\/wp-content\/uploads\/2025\/06\/mas-de-libian-cave-vinum-cotes-du-rhone-blanc-2024-png.png\",\"contentUrl\":\"https:\/\/www.mesvendanges.com\/wp-content\/uploads\/2025\/06\/mas-de-libian-cave-vinum-cotes-du-rhone-blanc-2024-png.png\",\"width\":477,\"height\":1500},{\"@type\":\"WebPage\",\"@id\":\"https:\/\/www.mesvendanges.com\/fr\/boutique\/vins\/cave-vinum-mas-de-libian-2024-75cl\/\",\"url\":\"https:\/\/www.mesvendanges.com\/fr\/boutique\/vins\/cave-vinum-mas-de-libian-2024-75cl\/\",\"name\":\"CAVE VINUM - Mes Vendanges\",\"isPartOf\":{\"@id\":\"https:\/\/www.mesvendanges.com\/en\/#website\"},\"primaryImageOfPage\":{\"@id\":\"https:\/\/www.mesvendanges.com\/fr\/boutique\/vins\/cave-vinum-mas-de-libian-2024-75cl\/#primaryimage\"},\"datePublished\":\"2025-06-04T09:38:24+00:00\",\"dateModified\":\"2025-06-12T12:35:59+00:00\",\"breadcrumb\":{\"@id\":\"https:\/\/www.mesvendanges.com\/fr\/boutique\/vins\/cave-vinum-mas-de-libian-2024-75cl\/#breadcrumb\"},\"inLanguage\":\"fr-FR\",\"potentialAction\":[{\"@type\":\"ReadAction\",\"target\":[\"https:\/\/www.mesvendanges.com\/fr\/boutique\/vins\/cave-vinum-mas-de-libian-2024-75cl\/\"]}]},{\"@type\":\"BreadcrumbList\",\"@id\":\"https:\/\/www.mesvendanges.com\/fr\/boutique\/vins\/cave-vinum-mas-de-libian-2024-75cl\/#breadcrumb\",\"itemListElement\":[{\"@type\":\"ListItem\",\"position\":1,\"name\":\"Accueil\",\"item\":\"https:\/\/www.mesvendanges.com\/fr\/\"},{\"@type\":\"ListItem\",\"position\":2,\"name\":\"Boutique\",\"item\":\"https:\/\/www.mesvendanges.com\/fr\/boutique\/\"},{\"@type\":\"ListItem\",\"position\":3,\"name\":\"CAVE VINUM\"}]}]}<\/script>\n<!-- \/ Yoast SEO plugin. -->","yoast_head_json":{"title":"CAVE VINUM - Mes Vendanges","robots":{"index":"index","follow":"follow","max-snippet":"max-snippet:-1","max-image-preview":"max-image-preview:large","max-video-preview":"max-video-preview:-1"},"canonical":"https:\/\/www.mesvendanges.com\/fr\/boutique\/vins\/cave-vinum-mas-de-libian-2024-75cl\/","og_locale":"fr_FR","og_type":"article","og_title":"CAVE VINUM - Mes Vendanges","og_description":"Terroir: Argilo-calcaire Rendement: 35 Hl\/Ha Taille: gobelet et palissage sur viognier R\u00e9colte: Enti\u00e8rement manuelle avec un tri s\u00e9v\u00e8re \u00e0 la parcelle. Vinification: Pressurage pneumatique. D\u00e9bourbage au froid 12 \u00e0 14\u00b0C pendant 12 heures. Soutirage avec r\u00e9incorporation des lies fines. Fermentation \u00e0 basses temp\u00e9ratures (16 \u00e020\u00b0C) Au d\u00e9part de la fermentation, mise en demi-muids neufs de [&hellip;]","og_url":"https:\/\/www.mesvendanges.com\/fr\/boutique\/vins\/cave-vinum-mas-de-libian-2024-75cl\/","og_site_name":"Mes Vendanges","article_modified_time":"2025-06-12T12:35:59+00:00","og_image":[{"width":477,"height":1500,"url":"https:\/\/www.mesvendanges.com\/wp-content\/uploads\/2025\/06\/mas-de-libian-cave-vinum-cotes-du-rhone-blanc-2024-png.png","type":"image\/png"}],"twitter_card":"summary_large_image","schema":{"@context":"https:\/\/schema.org","@graph":[{"@type":"Organization","@id":"https:\/\/www.mesvendanges.com\/en\/#organization","name":"Mes Vendanges","url":"https:\/\/www.mesvendanges.com\/en\/","sameAs":[],"logo":{"@type":"ImageObject","inLanguage":"fr-FR","@id":"https:\/\/www.mesvendanges.com\/en\/#\/schema\/logo\/image\/","url":"https:\/\/www.mesvendanges.com\/wp-content\/uploads\/2022\/02\/logo-mesvendanges.jpg","contentUrl":"https:\/\/www.mesvendanges.com\/wp-content\/uploads\/2022\/02\/logo-mesvendanges.jpg","width":851,"height":260,"caption":"Mes Vendanges"},"image":{"@id":"https:\/\/www.mesvendanges.com\/en\/#\/schema\/logo\/image\/"}},{"@type":"WebSite","@id":"https:\/\/www.mesvendanges.com\/en\/#website","url":"https:\/\/www.mesvendanges.com\/en\/","name":"Mes Vendanges","description":"Des journ\u00e9es enti\u00e8res dans les vignes","publisher":{"@id":"https:\/\/www.mesvendanges.com\/en\/#organization"},"potentialAction":[{"@type":"SearchAction","target":{"@type":"EntryPoint","urlTemplate":"https:\/\/www.mesvendanges.com\/en\/?s={search_term_string}"},"query-input":"required name=search_term_string"}],"inLanguage":"fr-FR"},{"@type":"ImageObject","inLanguage":"fr-FR","@id":"https:\/\/www.mesvendanges.com\/fr\/boutique\/vins\/cave-vinum-mas-de-libian-2024-75cl\/#primaryimage","url":"https:\/\/www.mesvendanges.com\/wp-content\/uploads\/2025\/06\/mas-de-libian-cave-vinum-cotes-du-rhone-blanc-2024-png.png","contentUrl":"https:\/\/www.mesvendanges.com\/wp-content\/uploads\/2025\/06\/mas-de-libian-cave-vinum-cotes-du-rhone-blanc-2024-png.png","width":477,"height":1500},{"@type":"WebPage","@id":"https:\/\/www.mesvendanges.com\/fr\/boutique\/vins\/cave-vinum-mas-de-libian-2024-75cl\/","url":"https:\/\/www.mesvendanges.com\/fr\/boutique\/vins\/cave-vinum-mas-de-libian-2024-75cl\/","name":"CAVE VINUM - Mes Vendanges","isPartOf":{"@id":"https:\/\/www.mesvendanges.com\/en\/#website"},"primaryImageOfPage":{"@id":"https:\/\/www.mesvendanges.com\/fr\/boutique\/vins\/cave-vinum-mas-de-libian-2024-75cl\/#primaryimage"},"datePublished":"2025-06-04T09:38:24+00:00","dateModified":"2025-06-12T12:35:59+00:00","breadcrumb":{"@id":"https:\/\/www.mesvendanges.com\/fr\/boutique\/vins\/cave-vinum-mas-de-libian-2024-75cl\/#breadcrumb"},"inLanguage":"fr-FR","potentialAction":[{"@type":"ReadAction","target":["https:\/\/www.mesvendanges.com\/fr\/boutique\/vins\/cave-vinum-mas-de-libian-2024-75cl\/"]}]},{"@type":"BreadcrumbList","@id":"https:\/\/www.mesvendanges.com\/fr\/boutique\/vins\/cave-vinum-mas-de-libian-2024-75cl\/#breadcrumb","itemListElement":[{"@type":"ListItem","position":1,"name":"Accueil","item":"https:\/\/www.mesvendanges.com\/fr\/"},{"@type":"ListItem","position":2,"name":"Boutique","item":"https:\/\/www.mesvendanges.com\/fr\/boutique\/"},{"@type":"ListItem","position":3,"name":"CAVE VINUM"}]}]}},"_links":{"self":[{"href":"https:\/\/www.mesvendanges.com\/fr\/wp-json\/wp\/v2\/product\/88384"}],"collection":[{"href":"https:\/\/www.mesvendanges.com\/fr\/wp-json\/wp\/v2\/product"}],"about":[{"href":"https:\/\/www.mesvendanges.com\/fr\/wp-json\/wp\/v2\/types\/product"}],"wp:featuredmedia":[{"embeddable":true,"href":"https:\/\/www.mesvendanges.com\/fr\/wp-json\/wp\/v2\/media\/88386"}],"wp:attachment":[{"href":"https:\/\/www.mesvendanges.com\/fr\/wp-json\/wp\/v2\/media?parent=88384"}],"wp:term":[{"taxonomy":"product_cat","embeddable":true,"href":"https:\/\/www.mesvendanges.com\/fr\/wp-json\/wp\/v2\/product_cat?post=88384"},{"taxonomy":"product_tag","embeddable":true,"href":"https:\/\/www.mesvendanges.com\/fr\/wp-json\/wp\/v2\/product_tag?post=88384"}],"curies":[{"name":"wp","href":"https:\/\/api.w.org\/{rel}","templated":true}]}}