{"id":88433,"date":"2025-06-09T12:46:55","date_gmt":"2025-06-09T10:46:55","guid":{"rendered":"https:\/\/www.mesvendanges.com\/shop\/non%20class\u00e9\/montagne-de-strass-domaine-des-trouilleres-2023-75cl\/"},"modified":"2025-12-17T11:14:15","modified_gmt":"2025-12-17T10:14:15","slug":"montagne-de-strass-domaine-des-trouilleres-2023-75cl","status":"publish","type":"product","link":"https:\/\/www.mesvendanges.com\/fr\/boutique\/vins\/montagne-de-strass-domaine-des-trouilleres-2023-75cl\/","title":{"rendered":"MONTAGNE DE STRASS"},"content":{"rendered":"<p>Voici la cuv\u00e9e de rouge embl\u00e9matique du domaine, issue d&#8217;un assemblage gamay\/ pinot. On retrouve toute la magie du domaine des Trouill\u00e8res : \u00e9l\u00e9gance, caract\u00e8re a\u00e9rien, infus\u00e9, profondeur aromatique<\/p>\n<p>Parcelles : Chemin des Martres, La Reina<br \/>\nSitu\u00e9es sur le versant sud-est du puy de Marmant et le versant sud du puy de Corent entre 400 et 500m d\u2019altitude<br \/>\nTerroir : Colluvions basaltiques et argilo calcaire<br \/>\nfermentation en cuve b\u00e9ton, \u00e9levage de 12 mois en barrique (225 l. et 500 l.) et en jarre en gr\u00e8s de 1000 l.<br \/>\nSans sulfites ajout\u00e9s.<\/p>\n","protected":false},"excerpt":{"rendered":"<p>Voici la cuv\u00e9e de rouge embl\u00e9matique du domaine, issue d&#8217;un assemblage gamay\/ pinot. On retrouve toute la magie du domaine des Trouill\u00e8res : \u00e9l\u00e9gance, caract\u00e8re a\u00e9rien, infus\u00e9, profondeur aromatique Parcelles : Chemin des Martres, La Reina Situ\u00e9es sur le versant sud-est du puy de Marmant et le versant sud du puy de Corent entre 400 [&hellip;]<\/p>\n","protected":false},"featured_media":88435,"template":"","meta":[],"product_cat":[3736],"product_tag":[],"acf":[],"yoast_head":"<!-- This site is optimized with the Yoast SEO plugin v19.3 - https:\/\/yoast.com\/wordpress\/plugins\/seo\/ -->\n<title>MONTAGNE DE STRASS - Mes Vendanges<\/title>\n<meta name=\"robots\" content=\"index, follow, max-snippet:-1, max-image-preview:large, max-video-preview:-1\" \/>\n<link rel=\"canonical\" href=\"https:\/\/www.mesvendanges.com\/fr\/boutique\/vins\/montagne-de-strass-domaine-des-trouilleres-2023-75cl\/\" \/>\n<meta property=\"og:locale\" content=\"fr_FR\" \/>\n<meta property=\"og:type\" content=\"article\" \/>\n<meta property=\"og:title\" content=\"MONTAGNE DE STRASS - Mes Vendanges\" \/>\n<meta property=\"og:description\" content=\"Voici la cuv\u00e9e de rouge embl\u00e9matique du domaine, issue d&#8217;un assemblage gamay\/ pinot. On retrouve toute la magie du domaine des Trouill\u00e8res : \u00e9l\u00e9gance, caract\u00e8re a\u00e9rien, infus\u00e9, profondeur aromatique Parcelles : Chemin des Martres, La Reina Situ\u00e9es sur le versant sud-est du puy de Marmant et le versant sud du puy de Corent entre 400 [&hellip;]\" \/>\n<meta property=\"og:url\" content=\"https:\/\/www.mesvendanges.com\/fr\/boutique\/vins\/montagne-de-strass-domaine-des-trouilleres-2023-75cl\/\" \/>\n<meta property=\"og:site_name\" content=\"Mes Vendanges\" \/>\n<meta property=\"article:modified_time\" content=\"2025-12-17T10:14:15+00:00\" \/>\n<meta property=\"og:image\" content=\"https:\/\/www.mesvendanges.com\/wp-content\/uploads\/2025\/06\/domaine-des-trouilleres-montagne-de-strass-rouge-2022-png.png\" \/>\n\t<meta property=\"og:image:width\" content=\"400\" \/>\n\t<meta property=\"og:image:height\" content=\"1500\" \/>\n\t<meta property=\"og:image:type\" content=\"image\/png\" \/>\n<meta name=\"twitter:card\" content=\"summary_large_image\" \/>\n<script type=\"application\/ld+json\" class=\"yoast-schema-graph\">{\"@context\":\"https:\/\/schema.org\",\"@graph\":[{\"@type\":\"Organization\",\"@id\":\"https:\/\/www.mesvendanges.com\/en\/#organization\",\"name\":\"Mes Vendanges\",\"url\":\"https:\/\/www.mesvendanges.com\/en\/\",\"sameAs\":[],\"logo\":{\"@type\":\"ImageObject\",\"inLanguage\":\"fr-FR\",\"@id\":\"https:\/\/www.mesvendanges.com\/en\/#\/schema\/logo\/image\/\",\"url\":\"https:\/\/www.mesvendanges.com\/wp-content\/uploads\/2022\/02\/logo-mesvendanges.jpg\",\"contentUrl\":\"https:\/\/www.mesvendanges.com\/wp-content\/uploads\/2022\/02\/logo-mesvendanges.jpg\",\"width\":851,\"height\":260,\"caption\":\"Mes Vendanges\"},\"image\":{\"@id\":\"https:\/\/www.mesvendanges.com\/en\/#\/schema\/logo\/image\/\"}},{\"@type\":\"WebSite\",\"@id\":\"https:\/\/www.mesvendanges.com\/en\/#website\",\"url\":\"https:\/\/www.mesvendanges.com\/en\/\",\"name\":\"Mes Vendanges\",\"description\":\"Des journ\u00e9es enti\u00e8res dans les vignes\",\"publisher\":{\"@id\":\"https:\/\/www.mesvendanges.com\/en\/#organization\"},\"potentialAction\":[{\"@type\":\"SearchAction\",\"target\":{\"@type\":\"EntryPoint\",\"urlTemplate\":\"https:\/\/www.mesvendanges.com\/en\/?s={search_term_string}\"},\"query-input\":\"required name=search_term_string\"}],\"inLanguage\":\"fr-FR\"},{\"@type\":\"ImageObject\",\"inLanguage\":\"fr-FR\",\"@id\":\"https:\/\/www.mesvendanges.com\/fr\/boutique\/vins\/montagne-de-strass-domaine-des-trouilleres-2023-75cl\/#primaryimage\",\"url\":\"https:\/\/www.mesvendanges.com\/wp-content\/uploads\/2025\/06\/domaine-des-trouilleres-montagne-de-strass-rouge-2022-png.png\",\"contentUrl\":\"https:\/\/www.mesvendanges.com\/wp-content\/uploads\/2025\/06\/domaine-des-trouilleres-montagne-de-strass-rouge-2022-png.png\",\"width\":400,\"height\":1500},{\"@type\":\"WebPage\",\"@id\":\"https:\/\/www.mesvendanges.com\/fr\/boutique\/vins\/montagne-de-strass-domaine-des-trouilleres-2023-75cl\/\",\"url\":\"https:\/\/www.mesvendanges.com\/fr\/boutique\/vins\/montagne-de-strass-domaine-des-trouilleres-2023-75cl\/\",\"name\":\"MONTAGNE DE STRASS - Mes Vendanges\",\"isPartOf\":{\"@id\":\"https:\/\/www.mesvendanges.com\/en\/#website\"},\"primaryImageOfPage\":{\"@id\":\"https:\/\/www.mesvendanges.com\/fr\/boutique\/vins\/montagne-de-strass-domaine-des-trouilleres-2023-75cl\/#primaryimage\"},\"datePublished\":\"2025-06-09T10:46:55+00:00\",\"dateModified\":\"2025-12-17T10:14:15+00:00\",\"breadcrumb\":{\"@id\":\"https:\/\/www.mesvendanges.com\/fr\/boutique\/vins\/montagne-de-strass-domaine-des-trouilleres-2023-75cl\/#breadcrumb\"},\"inLanguage\":\"fr-FR\",\"potentialAction\":[{\"@type\":\"ReadAction\",\"target\":[\"https:\/\/www.mesvendanges.com\/fr\/boutique\/vins\/montagne-de-strass-domaine-des-trouilleres-2023-75cl\/\"]}]},{\"@type\":\"BreadcrumbList\",\"@id\":\"https:\/\/www.mesvendanges.com\/fr\/boutique\/vins\/montagne-de-strass-domaine-des-trouilleres-2023-75cl\/#breadcrumb\",\"itemListElement\":[{\"@type\":\"ListItem\",\"position\":1,\"name\":\"Accueil\",\"item\":\"https:\/\/www.mesvendanges.com\/fr\/\"},{\"@type\":\"ListItem\",\"position\":2,\"name\":\"Boutique\",\"item\":\"https:\/\/www.mesvendanges.com\/fr\/boutique\/\"},{\"@type\":\"ListItem\",\"position\":3,\"name\":\"MONTAGNE DE STRASS\"}]}]}<\/script>\n<!-- \/ Yoast SEO plugin. -->","yoast_head_json":{"title":"MONTAGNE DE STRASS - Mes Vendanges","robots":{"index":"index","follow":"follow","max-snippet":"max-snippet:-1","max-image-preview":"max-image-preview:large","max-video-preview":"max-video-preview:-1"},"canonical":"https:\/\/www.mesvendanges.com\/fr\/boutique\/vins\/montagne-de-strass-domaine-des-trouilleres-2023-75cl\/","og_locale":"fr_FR","og_type":"article","og_title":"MONTAGNE DE STRASS - Mes Vendanges","og_description":"Voici la cuv\u00e9e de rouge embl\u00e9matique du domaine, issue d&#8217;un assemblage gamay\/ pinot. On retrouve toute la magie du domaine des Trouill\u00e8res : \u00e9l\u00e9gance, caract\u00e8re a\u00e9rien, infus\u00e9, profondeur aromatique Parcelles : Chemin des Martres, La Reina Situ\u00e9es sur le versant sud-est du puy de Marmant et le versant sud du puy de Corent entre 400 [&hellip;]","og_url":"https:\/\/www.mesvendanges.com\/fr\/boutique\/vins\/montagne-de-strass-domaine-des-trouilleres-2023-75cl\/","og_site_name":"Mes Vendanges","article_modified_time":"2025-12-17T10:14:15+00:00","og_image":[{"width":400,"height":1500,"url":"https:\/\/www.mesvendanges.com\/wp-content\/uploads\/2025\/06\/domaine-des-trouilleres-montagne-de-strass-rouge-2022-png.png","type":"image\/png"}],"twitter_card":"summary_large_image","schema":{"@context":"https:\/\/schema.org","@graph":[{"@type":"Organization","@id":"https:\/\/www.mesvendanges.com\/en\/#organization","name":"Mes Vendanges","url":"https:\/\/www.mesvendanges.com\/en\/","sameAs":[],"logo":{"@type":"ImageObject","inLanguage":"fr-FR","@id":"https:\/\/www.mesvendanges.com\/en\/#\/schema\/logo\/image\/","url":"https:\/\/www.mesvendanges.com\/wp-content\/uploads\/2022\/02\/logo-mesvendanges.jpg","contentUrl":"https:\/\/www.mesvendanges.com\/wp-content\/uploads\/2022\/02\/logo-mesvendanges.jpg","width":851,"height":260,"caption":"Mes Vendanges"},"image":{"@id":"https:\/\/www.mesvendanges.com\/en\/#\/schema\/logo\/image\/"}},{"@type":"WebSite","@id":"https:\/\/www.mesvendanges.com\/en\/#website","url":"https:\/\/www.mesvendanges.com\/en\/","name":"Mes Vendanges","description":"Des journ\u00e9es enti\u00e8res dans les vignes","publisher":{"@id":"https:\/\/www.mesvendanges.com\/en\/#organization"},"potentialAction":[{"@type":"SearchAction","target":{"@type":"EntryPoint","urlTemplate":"https:\/\/www.mesvendanges.com\/en\/?s={search_term_string}"},"query-input":"required name=search_term_string"}],"inLanguage":"fr-FR"},{"@type":"ImageObject","inLanguage":"fr-FR","@id":"https:\/\/www.mesvendanges.com\/fr\/boutique\/vins\/montagne-de-strass-domaine-des-trouilleres-2023-75cl\/#primaryimage","url":"https:\/\/www.mesvendanges.com\/wp-content\/uploads\/2025\/06\/domaine-des-trouilleres-montagne-de-strass-rouge-2022-png.png","contentUrl":"https:\/\/www.mesvendanges.com\/wp-content\/uploads\/2025\/06\/domaine-des-trouilleres-montagne-de-strass-rouge-2022-png.png","width":400,"height":1500},{"@type":"WebPage","@id":"https:\/\/www.mesvendanges.com\/fr\/boutique\/vins\/montagne-de-strass-domaine-des-trouilleres-2023-75cl\/","url":"https:\/\/www.mesvendanges.com\/fr\/boutique\/vins\/montagne-de-strass-domaine-des-trouilleres-2023-75cl\/","name":"MONTAGNE DE STRASS - Mes Vendanges","isPartOf":{"@id":"https:\/\/www.mesvendanges.com\/en\/#website"},"primaryImageOfPage":{"@id":"https:\/\/www.mesvendanges.com\/fr\/boutique\/vins\/montagne-de-strass-domaine-des-trouilleres-2023-75cl\/#primaryimage"},"datePublished":"2025-06-09T10:46:55+00:00","dateModified":"2025-12-17T10:14:15+00:00","breadcrumb":{"@id":"https:\/\/www.mesvendanges.com\/fr\/boutique\/vins\/montagne-de-strass-domaine-des-trouilleres-2023-75cl\/#breadcrumb"},"inLanguage":"fr-FR","potentialAction":[{"@type":"ReadAction","target":["https:\/\/www.mesvendanges.com\/fr\/boutique\/vins\/montagne-de-strass-domaine-des-trouilleres-2023-75cl\/"]}]},{"@type":"BreadcrumbList","@id":"https:\/\/www.mesvendanges.com\/fr\/boutique\/vins\/montagne-de-strass-domaine-des-trouilleres-2023-75cl\/#breadcrumb","itemListElement":[{"@type":"ListItem","position":1,"name":"Accueil","item":"https:\/\/www.mesvendanges.com\/fr\/"},{"@type":"ListItem","position":2,"name":"Boutique","item":"https:\/\/www.mesvendanges.com\/fr\/boutique\/"},{"@type":"ListItem","position":3,"name":"MONTAGNE DE STRASS"}]}]}},"_links":{"self":[{"href":"https:\/\/www.mesvendanges.com\/fr\/wp-json\/wp\/v2\/product\/88433"}],"collection":[{"href":"https:\/\/www.mesvendanges.com\/fr\/wp-json\/wp\/v2\/product"}],"about":[{"href":"https:\/\/www.mesvendanges.com\/fr\/wp-json\/wp\/v2\/types\/product"}],"wp:featuredmedia":[{"embeddable":true,"href":"https:\/\/www.mesvendanges.com\/fr\/wp-json\/wp\/v2\/media\/88435"}],"wp:attachment":[{"href":"https:\/\/www.mesvendanges.com\/fr\/wp-json\/wp\/v2\/media?parent=88433"}],"wp:term":[{"taxonomy":"product_cat","embeddable":true,"href":"https:\/\/www.mesvendanges.com\/fr\/wp-json\/wp\/v2\/product_cat?post=88433"},{"taxonomy":"product_tag","embeddable":true,"href":"https:\/\/www.mesvendanges.com\/fr\/wp-json\/wp\/v2\/product_tag?post=88433"}],"curies":[{"name":"wp","href":"https:\/\/api.w.org\/{rel}","templated":true}]}}