{"id":88691,"date":"2025-07-16T12:00:01","date_gmt":"2025-07-16T10:00:01","guid":{"rendered":"https:\/\/www.mesvendanges.com\/shop\/non%20class\u00e9\/hommage-a-louis-derre-belliviere-dne-de-2022-75cl\/"},"modified":"2025-09-24T14:05:34","modified_gmt":"2025-09-24T12:05:34","slug":"hommage-a-louis-derre-belliviere-dne-de-2022-75cl","status":"publish","type":"product","link":"https:\/\/www.mesvendanges.com\/fr\/boutique\/vins\/hommage-a-louis-derre-belliviere-dne-de-2022-75cl\/","title":{"rendered":"HOMMAGE A LOUIS DERRE"},"content":{"rendered":"<p>&#8220;Hommage \u00e0 Louis Derr\u00e9&#8221; est une cuv\u00e9e issue de vieilles vignes centenaires de pineau d&#8217;aunis . De tous petits rendements, une mac\u00e9ration d&#8217;un mois en cuve, permettent d&#8217;extraire un vin d&#8217;une grande concentration, avec une forte expression du terroir. C&#8217;est un vin singulier. Le nez aux senteurs m\u00e9lang\u00e9es de pivoine, de tabac, de poivre, de prune est envo\u00fbtant. La bouche est tonique, avec un attaque lumineuse, un corps ample sur des tanins pr\u00e9sents mais fins. La finale est min\u00e9rale, presque crayeuse. Cet ensemble va se fondre avec le temps pour donner un vin assur\u00e9ment de haut vol. <\/p>\n<p>terroir : Argilo et argilo siliceux \u00e0 silex sur tuffeaux. La pr\u00e9sence d\u2019argiles fortes est privil\u00e9gi\u00e9e pour les terroirs \u00e0 rouge.<br \/>\n\u00e9levage : 12 mois en barrique de 3 \u00e0 5 vins.<\/p>\n","protected":false},"excerpt":{"rendered":"<p>&#8220;Hommage \u00e0 Louis Derr\u00e9&#8221; est une cuv\u00e9e issue de vieilles vignes centenaires de pineau d&#8217;aunis . De tous petits rendements, une mac\u00e9ration d&#8217;un mois en cuve, permettent d&#8217;extraire un vin d&#8217;une grande concentration, avec une forte expression du terroir. C&#8217;est un vin singulier. Le nez aux senteurs m\u00e9lang\u00e9es de pivoine, de tabac, de poivre, de [&hellip;]<\/p>\n","protected":false},"featured_media":89147,"template":"","meta":[],"product_cat":[3736],"product_tag":[],"acf":[],"yoast_head":"<!-- This site is optimized with the Yoast SEO plugin v19.3 - https:\/\/yoast.com\/wordpress\/plugins\/seo\/ -->\n<title>HOMMAGE A LOUIS DERRE - Mes Vendanges<\/title>\n<meta name=\"robots\" content=\"index, follow, max-snippet:-1, max-image-preview:large, max-video-preview:-1\" \/>\n<link rel=\"canonical\" href=\"https:\/\/www.mesvendanges.com\/fr\/boutique\/vins\/hommage-a-louis-derre-belliviere-dne-de-2022-75cl\/\" \/>\n<meta property=\"og:locale\" content=\"fr_FR\" \/>\n<meta property=\"og:type\" content=\"article\" \/>\n<meta property=\"og:title\" content=\"HOMMAGE A LOUIS DERRE - Mes Vendanges\" \/>\n<meta property=\"og:description\" content=\"&#8220;Hommage \u00e0 Louis Derr\u00e9&#8221; est une cuv\u00e9e issue de vieilles vignes centenaires de pineau d&#8217;aunis . De tous petits rendements, une mac\u00e9ration d&#8217;un mois en cuve, permettent d&#8217;extraire un vin d&#8217;une grande concentration, avec une forte expression du terroir. C&#8217;est un vin singulier. Le nez aux senteurs m\u00e9lang\u00e9es de pivoine, de tabac, de poivre, de [&hellip;]\" \/>\n<meta property=\"og:url\" content=\"https:\/\/www.mesvendanges.com\/fr\/boutique\/vins\/hommage-a-louis-derre-belliviere-dne-de-2022-75cl\/\" \/>\n<meta property=\"og:site_name\" content=\"Mes Vendanges\" \/>\n<meta property=\"article:modified_time\" content=\"2025-09-24T12:05:34+00:00\" \/>\n<meta property=\"og:image\" content=\"https:\/\/www.mesvendanges.com\/wp-content\/uploads\/2025\/08\/domaine-de-belliviere-hommage-a-louis-derre-coteaux-du-loir-2022-png.png\" \/>\n\t<meta property=\"og:image:width\" content=\"376\" \/>\n\t<meta property=\"og:image:height\" content=\"1500\" \/>\n\t<meta property=\"og:image:type\" content=\"image\/png\" \/>\n<meta name=\"twitter:card\" content=\"summary_large_image\" \/>\n<meta name=\"twitter:label1\" content=\"Dur\u00e9e de lecture estim\u00e9e\" \/>\n\t<meta name=\"twitter:data1\" content=\"1 minute\" \/>\n<script type=\"application\/ld+json\" class=\"yoast-schema-graph\">{\"@context\":\"https:\/\/schema.org\",\"@graph\":[{\"@type\":\"Organization\",\"@id\":\"https:\/\/www.mesvendanges.com\/en\/#organization\",\"name\":\"Mes Vendanges\",\"url\":\"https:\/\/www.mesvendanges.com\/en\/\",\"sameAs\":[],\"logo\":{\"@type\":\"ImageObject\",\"inLanguage\":\"fr-FR\",\"@id\":\"https:\/\/www.mesvendanges.com\/en\/#\/schema\/logo\/image\/\",\"url\":\"https:\/\/www.mesvendanges.com\/wp-content\/uploads\/2022\/02\/logo-mesvendanges.jpg\",\"contentUrl\":\"https:\/\/www.mesvendanges.com\/wp-content\/uploads\/2022\/02\/logo-mesvendanges.jpg\",\"width\":851,\"height\":260,\"caption\":\"Mes Vendanges\"},\"image\":{\"@id\":\"https:\/\/www.mesvendanges.com\/en\/#\/schema\/logo\/image\/\"}},{\"@type\":\"WebSite\",\"@id\":\"https:\/\/www.mesvendanges.com\/en\/#website\",\"url\":\"https:\/\/www.mesvendanges.com\/en\/\",\"name\":\"Mes Vendanges\",\"description\":\"Des journ\u00e9es enti\u00e8res dans les vignes\",\"publisher\":{\"@id\":\"https:\/\/www.mesvendanges.com\/en\/#organization\"},\"potentialAction\":[{\"@type\":\"SearchAction\",\"target\":{\"@type\":\"EntryPoint\",\"urlTemplate\":\"https:\/\/www.mesvendanges.com\/en\/?s={search_term_string}\"},\"query-input\":\"required name=search_term_string\"}],\"inLanguage\":\"fr-FR\"},{\"@type\":\"ImageObject\",\"inLanguage\":\"fr-FR\",\"@id\":\"https:\/\/www.mesvendanges.com\/fr\/boutique\/vins\/hommage-a-louis-derre-belliviere-dne-de-2022-75cl\/#primaryimage\",\"url\":\"https:\/\/www.mesvendanges.com\/wp-content\/uploads\/2025\/08\/domaine-de-belliviere-hommage-a-louis-derre-coteaux-du-loir-2022-png.png\",\"contentUrl\":\"https:\/\/www.mesvendanges.com\/wp-content\/uploads\/2025\/08\/domaine-de-belliviere-hommage-a-louis-derre-coteaux-du-loir-2022-png.png\",\"width\":376,\"height\":1500},{\"@type\":\"WebPage\",\"@id\":\"https:\/\/www.mesvendanges.com\/fr\/boutique\/vins\/hommage-a-louis-derre-belliviere-dne-de-2022-75cl\/\",\"url\":\"https:\/\/www.mesvendanges.com\/fr\/boutique\/vins\/hommage-a-louis-derre-belliviere-dne-de-2022-75cl\/\",\"name\":\"HOMMAGE A LOUIS DERRE - Mes Vendanges\",\"isPartOf\":{\"@id\":\"https:\/\/www.mesvendanges.com\/en\/#website\"},\"primaryImageOfPage\":{\"@id\":\"https:\/\/www.mesvendanges.com\/fr\/boutique\/vins\/hommage-a-louis-derre-belliviere-dne-de-2022-75cl\/#primaryimage\"},\"datePublished\":\"2025-07-16T10:00:01+00:00\",\"dateModified\":\"2025-09-24T12:05:34+00:00\",\"breadcrumb\":{\"@id\":\"https:\/\/www.mesvendanges.com\/fr\/boutique\/vins\/hommage-a-louis-derre-belliviere-dne-de-2022-75cl\/#breadcrumb\"},\"inLanguage\":\"fr-FR\",\"potentialAction\":[{\"@type\":\"ReadAction\",\"target\":[\"https:\/\/www.mesvendanges.com\/fr\/boutique\/vins\/hommage-a-louis-derre-belliviere-dne-de-2022-75cl\/\"]}]},{\"@type\":\"BreadcrumbList\",\"@id\":\"https:\/\/www.mesvendanges.com\/fr\/boutique\/vins\/hommage-a-louis-derre-belliviere-dne-de-2022-75cl\/#breadcrumb\",\"itemListElement\":[{\"@type\":\"ListItem\",\"position\":1,\"name\":\"Accueil\",\"item\":\"https:\/\/www.mesvendanges.com\/fr\/\"},{\"@type\":\"ListItem\",\"position\":2,\"name\":\"Boutique\",\"item\":\"https:\/\/www.mesvendanges.com\/fr\/boutique\/\"},{\"@type\":\"ListItem\",\"position\":3,\"name\":\"HOMMAGE A LOUIS DERRE\"}]}]}<\/script>\n<!-- \/ Yoast SEO plugin. -->","yoast_head_json":{"title":"HOMMAGE A LOUIS DERRE - Mes Vendanges","robots":{"index":"index","follow":"follow","max-snippet":"max-snippet:-1","max-image-preview":"max-image-preview:large","max-video-preview":"max-video-preview:-1"},"canonical":"https:\/\/www.mesvendanges.com\/fr\/boutique\/vins\/hommage-a-louis-derre-belliviere-dne-de-2022-75cl\/","og_locale":"fr_FR","og_type":"article","og_title":"HOMMAGE A LOUIS DERRE - Mes Vendanges","og_description":"&#8220;Hommage \u00e0 Louis Derr\u00e9&#8221; est une cuv\u00e9e issue de vieilles vignes centenaires de pineau d&#8217;aunis . De tous petits rendements, une mac\u00e9ration d&#8217;un mois en cuve, permettent d&#8217;extraire un vin d&#8217;une grande concentration, avec une forte expression du terroir. C&#8217;est un vin singulier. Le nez aux senteurs m\u00e9lang\u00e9es de pivoine, de tabac, de poivre, de [&hellip;]","og_url":"https:\/\/www.mesvendanges.com\/fr\/boutique\/vins\/hommage-a-louis-derre-belliviere-dne-de-2022-75cl\/","og_site_name":"Mes Vendanges","article_modified_time":"2025-09-24T12:05:34+00:00","og_image":[{"width":376,"height":1500,"url":"https:\/\/www.mesvendanges.com\/wp-content\/uploads\/2025\/08\/domaine-de-belliviere-hommage-a-louis-derre-coteaux-du-loir-2022-png.png","type":"image\/png"}],"twitter_card":"summary_large_image","twitter_misc":{"Dur\u00e9e de lecture estim\u00e9e":"1 minute"},"schema":{"@context":"https:\/\/schema.org","@graph":[{"@type":"Organization","@id":"https:\/\/www.mesvendanges.com\/en\/#organization","name":"Mes Vendanges","url":"https:\/\/www.mesvendanges.com\/en\/","sameAs":[],"logo":{"@type":"ImageObject","inLanguage":"fr-FR","@id":"https:\/\/www.mesvendanges.com\/en\/#\/schema\/logo\/image\/","url":"https:\/\/www.mesvendanges.com\/wp-content\/uploads\/2022\/02\/logo-mesvendanges.jpg","contentUrl":"https:\/\/www.mesvendanges.com\/wp-content\/uploads\/2022\/02\/logo-mesvendanges.jpg","width":851,"height":260,"caption":"Mes Vendanges"},"image":{"@id":"https:\/\/www.mesvendanges.com\/en\/#\/schema\/logo\/image\/"}},{"@type":"WebSite","@id":"https:\/\/www.mesvendanges.com\/en\/#website","url":"https:\/\/www.mesvendanges.com\/en\/","name":"Mes Vendanges","description":"Des journ\u00e9es enti\u00e8res dans les vignes","publisher":{"@id":"https:\/\/www.mesvendanges.com\/en\/#organization"},"potentialAction":[{"@type":"SearchAction","target":{"@type":"EntryPoint","urlTemplate":"https:\/\/www.mesvendanges.com\/en\/?s={search_term_string}"},"query-input":"required name=search_term_string"}],"inLanguage":"fr-FR"},{"@type":"ImageObject","inLanguage":"fr-FR","@id":"https:\/\/www.mesvendanges.com\/fr\/boutique\/vins\/hommage-a-louis-derre-belliviere-dne-de-2022-75cl\/#primaryimage","url":"https:\/\/www.mesvendanges.com\/wp-content\/uploads\/2025\/08\/domaine-de-belliviere-hommage-a-louis-derre-coteaux-du-loir-2022-png.png","contentUrl":"https:\/\/www.mesvendanges.com\/wp-content\/uploads\/2025\/08\/domaine-de-belliviere-hommage-a-louis-derre-coteaux-du-loir-2022-png.png","width":376,"height":1500},{"@type":"WebPage","@id":"https:\/\/www.mesvendanges.com\/fr\/boutique\/vins\/hommage-a-louis-derre-belliviere-dne-de-2022-75cl\/","url":"https:\/\/www.mesvendanges.com\/fr\/boutique\/vins\/hommage-a-louis-derre-belliviere-dne-de-2022-75cl\/","name":"HOMMAGE A LOUIS DERRE - Mes Vendanges","isPartOf":{"@id":"https:\/\/www.mesvendanges.com\/en\/#website"},"primaryImageOfPage":{"@id":"https:\/\/www.mesvendanges.com\/fr\/boutique\/vins\/hommage-a-louis-derre-belliviere-dne-de-2022-75cl\/#primaryimage"},"datePublished":"2025-07-16T10:00:01+00:00","dateModified":"2025-09-24T12:05:34+00:00","breadcrumb":{"@id":"https:\/\/www.mesvendanges.com\/fr\/boutique\/vins\/hommage-a-louis-derre-belliviere-dne-de-2022-75cl\/#breadcrumb"},"inLanguage":"fr-FR","potentialAction":[{"@type":"ReadAction","target":["https:\/\/www.mesvendanges.com\/fr\/boutique\/vins\/hommage-a-louis-derre-belliviere-dne-de-2022-75cl\/"]}]},{"@type":"BreadcrumbList","@id":"https:\/\/www.mesvendanges.com\/fr\/boutique\/vins\/hommage-a-louis-derre-belliviere-dne-de-2022-75cl\/#breadcrumb","itemListElement":[{"@type":"ListItem","position":1,"name":"Accueil","item":"https:\/\/www.mesvendanges.com\/fr\/"},{"@type":"ListItem","position":2,"name":"Boutique","item":"https:\/\/www.mesvendanges.com\/fr\/boutique\/"},{"@type":"ListItem","position":3,"name":"HOMMAGE A LOUIS DERRE"}]}]}},"_links":{"self":[{"href":"https:\/\/www.mesvendanges.com\/fr\/wp-json\/wp\/v2\/product\/88691"}],"collection":[{"href":"https:\/\/www.mesvendanges.com\/fr\/wp-json\/wp\/v2\/product"}],"about":[{"href":"https:\/\/www.mesvendanges.com\/fr\/wp-json\/wp\/v2\/types\/product"}],"wp:featuredmedia":[{"embeddable":true,"href":"https:\/\/www.mesvendanges.com\/fr\/wp-json\/wp\/v2\/media\/89147"}],"wp:attachment":[{"href":"https:\/\/www.mesvendanges.com\/fr\/wp-json\/wp\/v2\/media?parent=88691"}],"wp:term":[{"taxonomy":"product_cat","embeddable":true,"href":"https:\/\/www.mesvendanges.com\/fr\/wp-json\/wp\/v2\/product_cat?post=88691"},{"taxonomy":"product_tag","embeddable":true,"href":"https:\/\/www.mesvendanges.com\/fr\/wp-json\/wp\/v2\/product_tag?post=88691"}],"curies":[{"name":"wp","href":"https:\/\/api.w.org\/{rel}","templated":true}]}}