{"id":89388,"date":"2025-10-06T18:11:20","date_gmt":"2025-10-06T16:11:20","guid":{"rendered":"https:\/\/www.mesvendanges.com\/shop\/non%20class\u00e9\/and-all-that-i-can-see-its-just-a-yellow-lemon-tree-brasserie-mosaique-75cl\/"},"modified":"2026-01-20T17:34:51","modified_gmt":"2026-01-20T16:34:51","slug":"and-all-that-i-can-see-its-just-a-yellow-lemon-tree-brasserie-mosaique-75cl","status":"publish","type":"product","link":"https:\/\/www.mesvendanges.com\/fr\/boutique\/vins\/and-all-that-i-can-see-its-just-a-yellow-lemon-tree-brasserie-mosaique-75cl\/","title":{"rendered":"AND ALL THAT I CAN SEE, IT&#8217;S JUST A YELLOW LEMON TREE"},"content":{"rendered":"<p>Voici une bi\u00e8re d&#8217;une grande complexit\u00e9 aromatique, on y trouve des notes de miel, de propolys, mais aussi des notes subtiles de menthe aquatique, de chlorophile. La bouche est d&#8217;une puret\u00e9 incroyable, avec une acidit\u00e9 claire, vibrante, une bouche salivante \u00e0 souhait. Incontournable.<\/p>\n<p>Ingr\u00e9dients (Bio) : Eau de source, Malts : Pale Ale, Crystal Pils, Cara Ray, Flocons de 5 c\u00e9r\u00e9ales<br \/>\nFruits \/ plantes : 6 vari\u00e9t\u00e9s de mirabelle, 10 vari\u00e9t\u00e9s de menthe, figues du jardin<br \/>\nHoublons : Perle, Tradition,<br \/>\nLevures indig\u00e8nes : fleurs de vigne, raisins verts, cerises vertes<br \/>\n\u00c9levage : en amphore de terre cuite et en f\u00fbt de ch\u00eane, 8 mois de fermentation et de mac\u00e9ration avec les fruits\/plantes + 8 mois de fermentation en bouteille (2\u00e8me fermentation).<\/p>\n","protected":false},"excerpt":{"rendered":"<p>Voici une bi\u00e8re d&#8217;une grande complexit\u00e9 aromatique, on y trouve des notes de miel, de propolys, mais aussi des notes subtiles de menthe aquatique, de chlorophile. La bouche est d&#8217;une puret\u00e9 incroyable, avec une acidit\u00e9 claire, vibrante, une bouche salivante \u00e0 souhait. Incontournable. Ingr\u00e9dients (Bio) : Eau de source, Malts : Pale Ale, Crystal Pils, [&hellip;]<\/p>\n","protected":false},"featured_media":89518,"template":"","meta":[],"product_cat":[3736],"product_tag":[],"acf":[],"yoast_head":"<!-- This site is optimized with the Yoast SEO plugin v19.3 - https:\/\/yoast.com\/wordpress\/plugins\/seo\/ -->\n<title>AND ALL THAT I CAN SEE, IT&#039;S JUST A YELLOW LEMON TREE - Mes Vendanges<\/title>\n<meta name=\"robots\" content=\"index, follow, max-snippet:-1, max-image-preview:large, max-video-preview:-1\" \/>\n<link rel=\"canonical\" href=\"https:\/\/www.mesvendanges.com\/fr\/boutique\/vins\/and-all-that-i-can-see-its-just-a-yellow-lemon-tree-brasserie-mosaique-75cl\/\" \/>\n<meta property=\"og:locale\" content=\"fr_FR\" \/>\n<meta property=\"og:type\" content=\"article\" \/>\n<meta property=\"og:title\" content=\"AND ALL THAT I CAN SEE, IT&#039;S JUST A YELLOW LEMON TREE - Mes Vendanges\" \/>\n<meta property=\"og:description\" content=\"Voici une bi\u00e8re d&#8217;une grande complexit\u00e9 aromatique, on y trouve des notes de miel, de propolys, mais aussi des notes subtiles de menthe aquatique, de chlorophile. La bouche est d&#8217;une puret\u00e9 incroyable, avec une acidit\u00e9 claire, vibrante, une bouche salivante \u00e0 souhait. Incontournable. Ingr\u00e9dients (Bio) : Eau de source, Malts : Pale Ale, Crystal Pils, [&hellip;]\" \/>\n<meta property=\"og:url\" content=\"https:\/\/www.mesvendanges.com\/fr\/boutique\/vins\/and-all-that-i-can-see-its-just-a-yellow-lemon-tree-brasserie-mosaique-75cl\/\" \/>\n<meta property=\"og:site_name\" content=\"Mes Vendanges\" \/>\n<meta property=\"article:modified_time\" content=\"2026-01-20T16:34:51+00:00\" \/>\n<meta property=\"og:image\" content=\"https:\/\/www.mesvendanges.com\/wp-content\/uploads\/2025\/10\/brasserie-mosaique-and-all-that-i-can-see-its-just-a-yellow-lemon-tree-png.png\" \/>\n\t<meta property=\"og:image:width\" content=\"556\" \/>\n\t<meta property=\"og:image:height\" content=\"1500\" \/>\n\t<meta property=\"og:image:type\" content=\"image\/png\" \/>\n<meta name=\"twitter:card\" content=\"summary_large_image\" \/>\n<meta name=\"twitter:label1\" content=\"Dur\u00e9e de lecture estim\u00e9e\" \/>\n\t<meta name=\"twitter:data1\" content=\"1 minute\" \/>\n<script type=\"application\/ld+json\" class=\"yoast-schema-graph\">{\"@context\":\"https:\/\/schema.org\",\"@graph\":[{\"@type\":\"Organization\",\"@id\":\"https:\/\/www.mesvendanges.com\/en\/#organization\",\"name\":\"Mes Vendanges\",\"url\":\"https:\/\/www.mesvendanges.com\/en\/\",\"sameAs\":[],\"logo\":{\"@type\":\"ImageObject\",\"inLanguage\":\"fr-FR\",\"@id\":\"https:\/\/www.mesvendanges.com\/en\/#\/schema\/logo\/image\/\",\"url\":\"https:\/\/www.mesvendanges.com\/wp-content\/uploads\/2022\/02\/logo-mesvendanges.jpg\",\"contentUrl\":\"https:\/\/www.mesvendanges.com\/wp-content\/uploads\/2022\/02\/logo-mesvendanges.jpg\",\"width\":851,\"height\":260,\"caption\":\"Mes Vendanges\"},\"image\":{\"@id\":\"https:\/\/www.mesvendanges.com\/en\/#\/schema\/logo\/image\/\"}},{\"@type\":\"WebSite\",\"@id\":\"https:\/\/www.mesvendanges.com\/en\/#website\",\"url\":\"https:\/\/www.mesvendanges.com\/en\/\",\"name\":\"Mes Vendanges\",\"description\":\"Des journ\u00e9es enti\u00e8res dans les vignes\",\"publisher\":{\"@id\":\"https:\/\/www.mesvendanges.com\/en\/#organization\"},\"potentialAction\":[{\"@type\":\"SearchAction\",\"target\":{\"@type\":\"EntryPoint\",\"urlTemplate\":\"https:\/\/www.mesvendanges.com\/en\/?s={search_term_string}\"},\"query-input\":\"required name=search_term_string\"}],\"inLanguage\":\"fr-FR\"},{\"@type\":\"ImageObject\",\"inLanguage\":\"fr-FR\",\"@id\":\"https:\/\/www.mesvendanges.com\/fr\/boutique\/vins\/and-all-that-i-can-see-its-just-a-yellow-lemon-tree-brasserie-mosaique-75cl\/#primaryimage\",\"url\":\"https:\/\/www.mesvendanges.com\/wp-content\/uploads\/2025\/10\/brasserie-mosaique-and-all-that-i-can-see-its-just-a-yellow-lemon-tree-png.png\",\"contentUrl\":\"https:\/\/www.mesvendanges.com\/wp-content\/uploads\/2025\/10\/brasserie-mosaique-and-all-that-i-can-see-its-just-a-yellow-lemon-tree-png.png\",\"width\":556,\"height\":1500},{\"@type\":\"WebPage\",\"@id\":\"https:\/\/www.mesvendanges.com\/fr\/boutique\/vins\/and-all-that-i-can-see-its-just-a-yellow-lemon-tree-brasserie-mosaique-75cl\/\",\"url\":\"https:\/\/www.mesvendanges.com\/fr\/boutique\/vins\/and-all-that-i-can-see-its-just-a-yellow-lemon-tree-brasserie-mosaique-75cl\/\",\"name\":\"AND ALL THAT I CAN SEE, IT'S JUST A YELLOW LEMON TREE - Mes Vendanges\",\"isPartOf\":{\"@id\":\"https:\/\/www.mesvendanges.com\/en\/#website\"},\"primaryImageOfPage\":{\"@id\":\"https:\/\/www.mesvendanges.com\/fr\/boutique\/vins\/and-all-that-i-can-see-its-just-a-yellow-lemon-tree-brasserie-mosaique-75cl\/#primaryimage\"},\"datePublished\":\"2025-10-06T16:11:20+00:00\",\"dateModified\":\"2026-01-20T16:34:51+00:00\",\"breadcrumb\":{\"@id\":\"https:\/\/www.mesvendanges.com\/fr\/boutique\/vins\/and-all-that-i-can-see-its-just-a-yellow-lemon-tree-brasserie-mosaique-75cl\/#breadcrumb\"},\"inLanguage\":\"fr-FR\",\"potentialAction\":[{\"@type\":\"ReadAction\",\"target\":[\"https:\/\/www.mesvendanges.com\/fr\/boutique\/vins\/and-all-that-i-can-see-its-just-a-yellow-lemon-tree-brasserie-mosaique-75cl\/\"]}]},{\"@type\":\"BreadcrumbList\",\"@id\":\"https:\/\/www.mesvendanges.com\/fr\/boutique\/vins\/and-all-that-i-can-see-its-just-a-yellow-lemon-tree-brasserie-mosaique-75cl\/#breadcrumb\",\"itemListElement\":[{\"@type\":\"ListItem\",\"position\":1,\"name\":\"Accueil\",\"item\":\"https:\/\/www.mesvendanges.com\/fr\/\"},{\"@type\":\"ListItem\",\"position\":2,\"name\":\"Boutique\",\"item\":\"https:\/\/www.mesvendanges.com\/fr\/boutique\/\"},{\"@type\":\"ListItem\",\"position\":3,\"name\":\"AND ALL THAT I CAN SEE, IT&#8217;S JUST A YELLOW LEMON TREE\"}]}]}<\/script>\n<!-- \/ Yoast SEO plugin. -->","yoast_head_json":{"title":"AND ALL THAT I CAN SEE, IT'S JUST A YELLOW LEMON TREE - Mes Vendanges","robots":{"index":"index","follow":"follow","max-snippet":"max-snippet:-1","max-image-preview":"max-image-preview:large","max-video-preview":"max-video-preview:-1"},"canonical":"https:\/\/www.mesvendanges.com\/fr\/boutique\/vins\/and-all-that-i-can-see-its-just-a-yellow-lemon-tree-brasserie-mosaique-75cl\/","og_locale":"fr_FR","og_type":"article","og_title":"AND ALL THAT I CAN SEE, IT'S JUST A YELLOW LEMON TREE - Mes Vendanges","og_description":"Voici une bi\u00e8re d&#8217;une grande complexit\u00e9 aromatique, on y trouve des notes de miel, de propolys, mais aussi des notes subtiles de menthe aquatique, de chlorophile. La bouche est d&#8217;une puret\u00e9 incroyable, avec une acidit\u00e9 claire, vibrante, une bouche salivante \u00e0 souhait. Incontournable. Ingr\u00e9dients (Bio) : Eau de source, Malts : Pale Ale, Crystal Pils, [&hellip;]","og_url":"https:\/\/www.mesvendanges.com\/fr\/boutique\/vins\/and-all-that-i-can-see-its-just-a-yellow-lemon-tree-brasserie-mosaique-75cl\/","og_site_name":"Mes Vendanges","article_modified_time":"2026-01-20T16:34:51+00:00","og_image":[{"width":556,"height":1500,"url":"https:\/\/www.mesvendanges.com\/wp-content\/uploads\/2025\/10\/brasserie-mosaique-and-all-that-i-can-see-its-just-a-yellow-lemon-tree-png.png","type":"image\/png"}],"twitter_card":"summary_large_image","twitter_misc":{"Dur\u00e9e de lecture estim\u00e9e":"1 minute"},"schema":{"@context":"https:\/\/schema.org","@graph":[{"@type":"Organization","@id":"https:\/\/www.mesvendanges.com\/en\/#organization","name":"Mes Vendanges","url":"https:\/\/www.mesvendanges.com\/en\/","sameAs":[],"logo":{"@type":"ImageObject","inLanguage":"fr-FR","@id":"https:\/\/www.mesvendanges.com\/en\/#\/schema\/logo\/image\/","url":"https:\/\/www.mesvendanges.com\/wp-content\/uploads\/2022\/02\/logo-mesvendanges.jpg","contentUrl":"https:\/\/www.mesvendanges.com\/wp-content\/uploads\/2022\/02\/logo-mesvendanges.jpg","width":851,"height":260,"caption":"Mes Vendanges"},"image":{"@id":"https:\/\/www.mesvendanges.com\/en\/#\/schema\/logo\/image\/"}},{"@type":"WebSite","@id":"https:\/\/www.mesvendanges.com\/en\/#website","url":"https:\/\/www.mesvendanges.com\/en\/","name":"Mes Vendanges","description":"Des journ\u00e9es enti\u00e8res dans les vignes","publisher":{"@id":"https:\/\/www.mesvendanges.com\/en\/#organization"},"potentialAction":[{"@type":"SearchAction","target":{"@type":"EntryPoint","urlTemplate":"https:\/\/www.mesvendanges.com\/en\/?s={search_term_string}"},"query-input":"required name=search_term_string"}],"inLanguage":"fr-FR"},{"@type":"ImageObject","inLanguage":"fr-FR","@id":"https:\/\/www.mesvendanges.com\/fr\/boutique\/vins\/and-all-that-i-can-see-its-just-a-yellow-lemon-tree-brasserie-mosaique-75cl\/#primaryimage","url":"https:\/\/www.mesvendanges.com\/wp-content\/uploads\/2025\/10\/brasserie-mosaique-and-all-that-i-can-see-its-just-a-yellow-lemon-tree-png.png","contentUrl":"https:\/\/www.mesvendanges.com\/wp-content\/uploads\/2025\/10\/brasserie-mosaique-and-all-that-i-can-see-its-just-a-yellow-lemon-tree-png.png","width":556,"height":1500},{"@type":"WebPage","@id":"https:\/\/www.mesvendanges.com\/fr\/boutique\/vins\/and-all-that-i-can-see-its-just-a-yellow-lemon-tree-brasserie-mosaique-75cl\/","url":"https:\/\/www.mesvendanges.com\/fr\/boutique\/vins\/and-all-that-i-can-see-its-just-a-yellow-lemon-tree-brasserie-mosaique-75cl\/","name":"AND ALL THAT I CAN SEE, IT'S JUST A YELLOW LEMON TREE - Mes Vendanges","isPartOf":{"@id":"https:\/\/www.mesvendanges.com\/en\/#website"},"primaryImageOfPage":{"@id":"https:\/\/www.mesvendanges.com\/fr\/boutique\/vins\/and-all-that-i-can-see-its-just-a-yellow-lemon-tree-brasserie-mosaique-75cl\/#primaryimage"},"datePublished":"2025-10-06T16:11:20+00:00","dateModified":"2026-01-20T16:34:51+00:00","breadcrumb":{"@id":"https:\/\/www.mesvendanges.com\/fr\/boutique\/vins\/and-all-that-i-can-see-its-just-a-yellow-lemon-tree-brasserie-mosaique-75cl\/#breadcrumb"},"inLanguage":"fr-FR","potentialAction":[{"@type":"ReadAction","target":["https:\/\/www.mesvendanges.com\/fr\/boutique\/vins\/and-all-that-i-can-see-its-just-a-yellow-lemon-tree-brasserie-mosaique-75cl\/"]}]},{"@type":"BreadcrumbList","@id":"https:\/\/www.mesvendanges.com\/fr\/boutique\/vins\/and-all-that-i-can-see-its-just-a-yellow-lemon-tree-brasserie-mosaique-75cl\/#breadcrumb","itemListElement":[{"@type":"ListItem","position":1,"name":"Accueil","item":"https:\/\/www.mesvendanges.com\/fr\/"},{"@type":"ListItem","position":2,"name":"Boutique","item":"https:\/\/www.mesvendanges.com\/fr\/boutique\/"},{"@type":"ListItem","position":3,"name":"AND ALL THAT I CAN SEE, IT&#8217;S JUST A YELLOW LEMON TREE"}]}]}},"_links":{"self":[{"href":"https:\/\/www.mesvendanges.com\/fr\/wp-json\/wp\/v2\/product\/89388"}],"collection":[{"href":"https:\/\/www.mesvendanges.com\/fr\/wp-json\/wp\/v2\/product"}],"about":[{"href":"https:\/\/www.mesvendanges.com\/fr\/wp-json\/wp\/v2\/types\/product"}],"wp:featuredmedia":[{"embeddable":true,"href":"https:\/\/www.mesvendanges.com\/fr\/wp-json\/wp\/v2\/media\/89518"}],"wp:attachment":[{"href":"https:\/\/www.mesvendanges.com\/fr\/wp-json\/wp\/v2\/media?parent=89388"}],"wp:term":[{"taxonomy":"product_cat","embeddable":true,"href":"https:\/\/www.mesvendanges.com\/fr\/wp-json\/wp\/v2\/product_cat?post=89388"},{"taxonomy":"product_tag","embeddable":true,"href":"https:\/\/www.mesvendanges.com\/fr\/wp-json\/wp\/v2\/product_tag?post=89388"}],"curies":[{"name":"wp","href":"https:\/\/api.w.org\/{rel}","templated":true}]}}