{"id":89476,"date":"2025-10-24T10:18:39","date_gmt":"2025-10-24T08:18:39","guid":{"rendered":"https:\/\/www.mesvendanges.com\/shop\/non%20class\u00e9\/soliste-1er-cru-les-gayeres-magnum-jm-seleque-2017\/"},"modified":"2025-11-16T17:26:22","modified_gmt":"2025-11-16T16:26:22","slug":"soliste-1er-cru-les-gayeres-magnum-jm-seleque-2017","status":"publish","type":"product","link":"https:\/\/www.mesvendanges.com\/fr\/boutique\/vins\/soliste-1er-cru-les-gayeres-magnum-jm-seleque-2017\/","title":{"rendered":"SOLISTE 1ER CRU LES GAYERES MAGNUM"},"content":{"rendered":"<p>ASSEMBLAGE : 100 % Pinot Noir<br \/>\nR\u00c9COLTE : 2019 (75CL) \u2022 2017 (1,5L)<br \/>\nTERROIR : Pierry 1er Cru \u2022 Les Gay\u00e8res plant\u00e9es en 1974.<br \/>\nSOL : Argiles limoneuses charg\u00e9es en calcites \u00e0 silex.<br \/>\nSOUS-SOL : Argiles orang\u00e9s de l\u2019Ypr\u00e9sien avec circulation d\u2019eaux fraiches souterraine. Craie plus en profondeur.<br \/>\nEXPOSITION : Ouest \u00e0 mi-coteau avec une pente de 10 \u00e0 15%.<br \/>\nVINIFICATION : 100 % f\u00fbt de ch\u00eane de 350 \u00e0 600 litres. pendant 10 mois. Pas de collage, ni de filtration<br \/>\nVIEILLISSEMENT : Bouchon fleur de li\u00e8ge pendant 4 ans.<br \/>\nDOSAGE : Extra Brut \u2013 2g\/L<br \/>\nPRODUCTION : 2100 bouteilles et 100 magnums<\/p>\n","protected":false},"excerpt":{"rendered":"<p>ASSEMBLAGE : 100 % Pinot Noir R\u00c9COLTE : 2019 (75CL) \u2022 2017 (1,5L) TERROIR : Pierry 1er Cru \u2022 Les Gay\u00e8res plant\u00e9es en 1974. SOL : Argiles limoneuses charg\u00e9es en calcites \u00e0 silex. SOUS-SOL : Argiles orang\u00e9s de l\u2019Ypr\u00e9sien avec circulation d\u2019eaux fraiches souterraine. Craie plus en profondeur. EXPOSITION : Ouest \u00e0 mi-coteau avec une [&hellip;]<\/p>\n","protected":false},"featured_media":0,"template":"","meta":[],"product_cat":[3736],"product_tag":[],"acf":[],"yoast_head":"<!-- This site is optimized with the Yoast SEO plugin v19.3 - https:\/\/yoast.com\/wordpress\/plugins\/seo\/ -->\n<title>SOLISTE 1ER CRU LES GAYERES MAGNUM - Mes Vendanges<\/title>\n<meta name=\"robots\" content=\"index, follow, max-snippet:-1, max-image-preview:large, max-video-preview:-1\" \/>\n<link rel=\"canonical\" href=\"https:\/\/www.mesvendanges.com\/fr\/boutique\/vins\/soliste-1er-cru-les-gayeres-magnum-jm-seleque-2017\/\" \/>\n<meta property=\"og:locale\" content=\"fr_FR\" \/>\n<meta property=\"og:type\" content=\"article\" \/>\n<meta property=\"og:title\" content=\"SOLISTE 1ER CRU LES GAYERES MAGNUM - Mes Vendanges\" \/>\n<meta property=\"og:description\" content=\"ASSEMBLAGE : 100 % Pinot Noir R\u00c9COLTE : 2019 (75CL) \u2022 2017 (1,5L) TERROIR : Pierry 1er Cru \u2022 Les Gay\u00e8res plant\u00e9es en 1974. SOL : Argiles limoneuses charg\u00e9es en calcites \u00e0 silex. SOUS-SOL : Argiles orang\u00e9s de l\u2019Ypr\u00e9sien avec circulation d\u2019eaux fraiches souterraine. Craie plus en profondeur. EXPOSITION : Ouest \u00e0 mi-coteau avec une [&hellip;]\" \/>\n<meta property=\"og:url\" content=\"https:\/\/www.mesvendanges.com\/fr\/boutique\/vins\/soliste-1er-cru-les-gayeres-magnum-jm-seleque-2017\/\" \/>\n<meta property=\"og:site_name\" content=\"Mes Vendanges\" \/>\n<meta property=\"article:modified_time\" content=\"2025-11-16T16:26:22+00:00\" \/>\n<meta name=\"twitter:card\" content=\"summary_large_image\" \/>\n<script type=\"application\/ld+json\" class=\"yoast-schema-graph\">{\"@context\":\"https:\/\/schema.org\",\"@graph\":[{\"@type\":\"Organization\",\"@id\":\"https:\/\/www.mesvendanges.com\/en\/#organization\",\"name\":\"Mes Vendanges\",\"url\":\"https:\/\/www.mesvendanges.com\/en\/\",\"sameAs\":[],\"logo\":{\"@type\":\"ImageObject\",\"inLanguage\":\"fr-FR\",\"@id\":\"https:\/\/www.mesvendanges.com\/en\/#\/schema\/logo\/image\/\",\"url\":\"https:\/\/www.mesvendanges.com\/wp-content\/uploads\/2022\/02\/logo-mesvendanges.jpg\",\"contentUrl\":\"https:\/\/www.mesvendanges.com\/wp-content\/uploads\/2022\/02\/logo-mesvendanges.jpg\",\"width\":851,\"height\":260,\"caption\":\"Mes Vendanges\"},\"image\":{\"@id\":\"https:\/\/www.mesvendanges.com\/en\/#\/schema\/logo\/image\/\"}},{\"@type\":\"WebSite\",\"@id\":\"https:\/\/www.mesvendanges.com\/en\/#website\",\"url\":\"https:\/\/www.mesvendanges.com\/en\/\",\"name\":\"Mes Vendanges\",\"description\":\"Des journ\u00e9es enti\u00e8res dans les vignes\",\"publisher\":{\"@id\":\"https:\/\/www.mesvendanges.com\/en\/#organization\"},\"potentialAction\":[{\"@type\":\"SearchAction\",\"target\":{\"@type\":\"EntryPoint\",\"urlTemplate\":\"https:\/\/www.mesvendanges.com\/en\/?s={search_term_string}\"},\"query-input\":\"required name=search_term_string\"}],\"inLanguage\":\"fr-FR\"},{\"@type\":\"WebPage\",\"@id\":\"https:\/\/www.mesvendanges.com\/fr\/boutique\/vins\/soliste-1er-cru-les-gayeres-magnum-jm-seleque-2017\/\",\"url\":\"https:\/\/www.mesvendanges.com\/fr\/boutique\/vins\/soliste-1er-cru-les-gayeres-magnum-jm-seleque-2017\/\",\"name\":\"SOLISTE 1ER CRU LES GAYERES MAGNUM - Mes Vendanges\",\"isPartOf\":{\"@id\":\"https:\/\/www.mesvendanges.com\/en\/#website\"},\"datePublished\":\"2025-10-24T08:18:39+00:00\",\"dateModified\":\"2025-11-16T16:26:22+00:00\",\"breadcrumb\":{\"@id\":\"https:\/\/www.mesvendanges.com\/fr\/boutique\/vins\/soliste-1er-cru-les-gayeres-magnum-jm-seleque-2017\/#breadcrumb\"},\"inLanguage\":\"fr-FR\",\"potentialAction\":[{\"@type\":\"ReadAction\",\"target\":[\"https:\/\/www.mesvendanges.com\/fr\/boutique\/vins\/soliste-1er-cru-les-gayeres-magnum-jm-seleque-2017\/\"]}]},{\"@type\":\"BreadcrumbList\",\"@id\":\"https:\/\/www.mesvendanges.com\/fr\/boutique\/vins\/soliste-1er-cru-les-gayeres-magnum-jm-seleque-2017\/#breadcrumb\",\"itemListElement\":[{\"@type\":\"ListItem\",\"position\":1,\"name\":\"Accueil\",\"item\":\"https:\/\/www.mesvendanges.com\/fr\/\"},{\"@type\":\"ListItem\",\"position\":2,\"name\":\"Boutique\",\"item\":\"https:\/\/www.mesvendanges.com\/fr\/boutique\/\"},{\"@type\":\"ListItem\",\"position\":3,\"name\":\"SOLISTE 1ER CRU LES GAYERES MAGNUM\"}]}]}<\/script>\n<!-- \/ Yoast SEO plugin. -->","yoast_head_json":{"title":"SOLISTE 1ER CRU LES GAYERES MAGNUM - Mes Vendanges","robots":{"index":"index","follow":"follow","max-snippet":"max-snippet:-1","max-image-preview":"max-image-preview:large","max-video-preview":"max-video-preview:-1"},"canonical":"https:\/\/www.mesvendanges.com\/fr\/boutique\/vins\/soliste-1er-cru-les-gayeres-magnum-jm-seleque-2017\/","og_locale":"fr_FR","og_type":"article","og_title":"SOLISTE 1ER CRU LES GAYERES MAGNUM - Mes Vendanges","og_description":"ASSEMBLAGE : 100 % Pinot Noir R\u00c9COLTE : 2019 (75CL) \u2022 2017 (1,5L) TERROIR : Pierry 1er Cru \u2022 Les Gay\u00e8res plant\u00e9es en 1974. SOL : Argiles limoneuses charg\u00e9es en calcites \u00e0 silex. SOUS-SOL : Argiles orang\u00e9s de l\u2019Ypr\u00e9sien avec circulation d\u2019eaux fraiches souterraine. Craie plus en profondeur. EXPOSITION : Ouest \u00e0 mi-coteau avec une [&hellip;]","og_url":"https:\/\/www.mesvendanges.com\/fr\/boutique\/vins\/soliste-1er-cru-les-gayeres-magnum-jm-seleque-2017\/","og_site_name":"Mes Vendanges","article_modified_time":"2025-11-16T16:26:22+00:00","twitter_card":"summary_large_image","schema":{"@context":"https:\/\/schema.org","@graph":[{"@type":"Organization","@id":"https:\/\/www.mesvendanges.com\/en\/#organization","name":"Mes Vendanges","url":"https:\/\/www.mesvendanges.com\/en\/","sameAs":[],"logo":{"@type":"ImageObject","inLanguage":"fr-FR","@id":"https:\/\/www.mesvendanges.com\/en\/#\/schema\/logo\/image\/","url":"https:\/\/www.mesvendanges.com\/wp-content\/uploads\/2022\/02\/logo-mesvendanges.jpg","contentUrl":"https:\/\/www.mesvendanges.com\/wp-content\/uploads\/2022\/02\/logo-mesvendanges.jpg","width":851,"height":260,"caption":"Mes Vendanges"},"image":{"@id":"https:\/\/www.mesvendanges.com\/en\/#\/schema\/logo\/image\/"}},{"@type":"WebSite","@id":"https:\/\/www.mesvendanges.com\/en\/#website","url":"https:\/\/www.mesvendanges.com\/en\/","name":"Mes Vendanges","description":"Des journ\u00e9es enti\u00e8res dans les vignes","publisher":{"@id":"https:\/\/www.mesvendanges.com\/en\/#organization"},"potentialAction":[{"@type":"SearchAction","target":{"@type":"EntryPoint","urlTemplate":"https:\/\/www.mesvendanges.com\/en\/?s={search_term_string}"},"query-input":"required name=search_term_string"}],"inLanguage":"fr-FR"},{"@type":"WebPage","@id":"https:\/\/www.mesvendanges.com\/fr\/boutique\/vins\/soliste-1er-cru-les-gayeres-magnum-jm-seleque-2017\/","url":"https:\/\/www.mesvendanges.com\/fr\/boutique\/vins\/soliste-1er-cru-les-gayeres-magnum-jm-seleque-2017\/","name":"SOLISTE 1ER CRU LES GAYERES MAGNUM - Mes Vendanges","isPartOf":{"@id":"https:\/\/www.mesvendanges.com\/en\/#website"},"datePublished":"2025-10-24T08:18:39+00:00","dateModified":"2025-11-16T16:26:22+00:00","breadcrumb":{"@id":"https:\/\/www.mesvendanges.com\/fr\/boutique\/vins\/soliste-1er-cru-les-gayeres-magnum-jm-seleque-2017\/#breadcrumb"},"inLanguage":"fr-FR","potentialAction":[{"@type":"ReadAction","target":["https:\/\/www.mesvendanges.com\/fr\/boutique\/vins\/soliste-1er-cru-les-gayeres-magnum-jm-seleque-2017\/"]}]},{"@type":"BreadcrumbList","@id":"https:\/\/www.mesvendanges.com\/fr\/boutique\/vins\/soliste-1er-cru-les-gayeres-magnum-jm-seleque-2017\/#breadcrumb","itemListElement":[{"@type":"ListItem","position":1,"name":"Accueil","item":"https:\/\/www.mesvendanges.com\/fr\/"},{"@type":"ListItem","position":2,"name":"Boutique","item":"https:\/\/www.mesvendanges.com\/fr\/boutique\/"},{"@type":"ListItem","position":3,"name":"SOLISTE 1ER CRU LES GAYERES MAGNUM"}]}]}},"_links":{"self":[{"href":"https:\/\/www.mesvendanges.com\/fr\/wp-json\/wp\/v2\/product\/89476"}],"collection":[{"href":"https:\/\/www.mesvendanges.com\/fr\/wp-json\/wp\/v2\/product"}],"about":[{"href":"https:\/\/www.mesvendanges.com\/fr\/wp-json\/wp\/v2\/types\/product"}],"wp:attachment":[{"href":"https:\/\/www.mesvendanges.com\/fr\/wp-json\/wp\/v2\/media?parent=89476"}],"wp:term":[{"taxonomy":"product_cat","embeddable":true,"href":"https:\/\/www.mesvendanges.com\/fr\/wp-json\/wp\/v2\/product_cat?post=89476"},{"taxonomy":"product_tag","embeddable":true,"href":"https:\/\/www.mesvendanges.com\/fr\/wp-json\/wp\/v2\/product_tag?post=89476"}],"curies":[{"name":"wp","href":"https:\/\/api.w.org\/{rel}","templated":true}]}}