{"id":89491,"date":"2025-10-25T09:51:14","date_gmt":"2025-10-25T07:51:14","guid":{"rendered":"https:\/\/www.mesvendanges.com\/shop\/non%20class\u00e9\/ratafia-jm-seleque-2024-70cl\/"},"modified":"2025-10-25T10:00:57","modified_gmt":"2025-10-25T08:00:57","slug":"ratafia-jm-seleque-2024-70cl","status":"publish","type":"product","link":"https:\/\/www.mesvendanges.com\/fr\/boutique\/vins\/ratafia-jm-seleque-2024-70cl\/","title":{"rendered":"RATAFIA"},"content":{"rendered":"<p>ASSEMBLAGE : Liqueur compos\u00e9e de mo\u00fbts de raisins (fin de presse des raisins du domaine) et d\u2019alcool pur de la Marne (94,5% Vol.)<br \/>\n50% Chardonnay \u2022 40% Meunier \u2022 10% Pinot Noir.<br \/>\nR\u00c9COLTE : 35% 2024 + 65% R\u00e9serve perpetuelle commenc\u00e9e en 2010.<br \/>\nTERROIR : Pierry \/ Moussy \/ Epernay \/ Mardeuil \/ Dizy \/ Boursault \/ Vertus<br \/>\nSOLS : Argilo-calcaire sur craie du campanien<br \/>\nVINIFICATION : S\u00e9lections des jus de fin de pressurage. L\u00e9ger d\u00e9part en fermentation avant mutage \u00e0 l\u2019alcool pour un produit fini \u00e0 18%<br \/>\nVol. Elevage en f\u00fbt de ch\u00eane 600 litres.<br \/>\nSUCRES R\u00c9SIDUELS NATURELS : 130 g\/L<br \/>\nPRODUCTION : 900 bouteilles<\/p>\n","protected":false},"excerpt":{"rendered":"<p>ASSEMBLAGE : Liqueur compos\u00e9e de mo\u00fbts de raisins (fin de presse des raisins du domaine) et d\u2019alcool pur de la Marne (94,5% Vol.) 50% Chardonnay \u2022 40% Meunier \u2022 10% Pinot Noir. R\u00c9COLTE : 35% 2024 + 65% R\u00e9serve perpetuelle commenc\u00e9e en 2010. TERROIR : Pierry \/ Moussy \/ Epernay \/ Mardeuil \/ Dizy \/ [&hellip;]<\/p>\n","protected":false},"featured_media":73576,"template":"","meta":[],"product_cat":[3736],"product_tag":[],"acf":[],"yoast_head":"<!-- This site is optimized with the Yoast SEO plugin v19.3 - https:\/\/yoast.com\/wordpress\/plugins\/seo\/ -->\n<title>RATAFIA - Mes Vendanges<\/title>\n<meta name=\"robots\" content=\"index, follow, max-snippet:-1, max-image-preview:large, max-video-preview:-1\" \/>\n<link rel=\"canonical\" href=\"https:\/\/www.mesvendanges.com\/fr\/boutique\/vins\/ratafia-jm-seleque-2024-70cl\/\" \/>\n<meta property=\"og:locale\" content=\"fr_FR\" \/>\n<meta property=\"og:type\" content=\"article\" \/>\n<meta property=\"og:title\" content=\"RATAFIA - Mes Vendanges\" \/>\n<meta property=\"og:description\" content=\"ASSEMBLAGE : Liqueur compos\u00e9e de mo\u00fbts de raisins (fin de presse des raisins du domaine) et d\u2019alcool pur de la Marne (94,5% Vol.) 50% Chardonnay \u2022 40% Meunier \u2022 10% Pinot Noir. R\u00c9COLTE : 35% 2024 + 65% R\u00e9serve perpetuelle commenc\u00e9e en 2010. TERROIR : Pierry \/ Moussy \/ Epernay \/ Mardeuil \/ Dizy \/ [&hellip;]\" \/>\n<meta property=\"og:url\" content=\"https:\/\/www.mesvendanges.com\/fr\/boutique\/vins\/ratafia-jm-seleque-2024-70cl\/\" \/>\n<meta property=\"og:site_name\" content=\"Mes Vendanges\" \/>\n<meta property=\"article:modified_time\" content=\"2025-10-25T08:00:57+00:00\" \/>\n<meta property=\"og:image\" content=\"https:\/\/www.mesvendanges.com\/wp-content\/uploads\/2024\/03\/jm-seleque-ratafia-png.png\" \/>\n\t<meta property=\"og:image:width\" content=\"443\" \/>\n\t<meta property=\"og:image:height\" content=\"1500\" \/>\n\t<meta property=\"og:image:type\" content=\"image\/png\" \/>\n<meta name=\"twitter:card\" content=\"summary_large_image\" \/>\n<script type=\"application\/ld+json\" class=\"yoast-schema-graph\">{\"@context\":\"https:\/\/schema.org\",\"@graph\":[{\"@type\":\"Organization\",\"@id\":\"https:\/\/www.mesvendanges.com\/en\/#organization\",\"name\":\"Mes Vendanges\",\"url\":\"https:\/\/www.mesvendanges.com\/en\/\",\"sameAs\":[],\"logo\":{\"@type\":\"ImageObject\",\"inLanguage\":\"fr-FR\",\"@id\":\"https:\/\/www.mesvendanges.com\/en\/#\/schema\/logo\/image\/\",\"url\":\"https:\/\/www.mesvendanges.com\/wp-content\/uploads\/2022\/02\/logo-mesvendanges.jpg\",\"contentUrl\":\"https:\/\/www.mesvendanges.com\/wp-content\/uploads\/2022\/02\/logo-mesvendanges.jpg\",\"width\":851,\"height\":260,\"caption\":\"Mes Vendanges\"},\"image\":{\"@id\":\"https:\/\/www.mesvendanges.com\/en\/#\/schema\/logo\/image\/\"}},{\"@type\":\"WebSite\",\"@id\":\"https:\/\/www.mesvendanges.com\/en\/#website\",\"url\":\"https:\/\/www.mesvendanges.com\/en\/\",\"name\":\"Mes Vendanges\",\"description\":\"Des journ\u00e9es enti\u00e8res dans les vignes\",\"publisher\":{\"@id\":\"https:\/\/www.mesvendanges.com\/en\/#organization\"},\"potentialAction\":[{\"@type\":\"SearchAction\",\"target\":{\"@type\":\"EntryPoint\",\"urlTemplate\":\"https:\/\/www.mesvendanges.com\/en\/?s={search_term_string}\"},\"query-input\":\"required name=search_term_string\"}],\"inLanguage\":\"fr-FR\"},{\"@type\":\"ImageObject\",\"inLanguage\":\"fr-FR\",\"@id\":\"https:\/\/www.mesvendanges.com\/fr\/boutique\/vins\/ratafia-jm-seleque-2024-70cl\/#primaryimage\",\"url\":\"https:\/\/www.mesvendanges.com\/wp-content\/uploads\/2024\/03\/jm-seleque-ratafia-png.png\",\"contentUrl\":\"https:\/\/www.mesvendanges.com\/wp-content\/uploads\/2024\/03\/jm-seleque-ratafia-png.png\",\"width\":443,\"height\":1500},{\"@type\":\"WebPage\",\"@id\":\"https:\/\/www.mesvendanges.com\/fr\/boutique\/vins\/ratafia-jm-seleque-2024-70cl\/\",\"url\":\"https:\/\/www.mesvendanges.com\/fr\/boutique\/vins\/ratafia-jm-seleque-2024-70cl\/\",\"name\":\"RATAFIA - Mes Vendanges\",\"isPartOf\":{\"@id\":\"https:\/\/www.mesvendanges.com\/en\/#website\"},\"primaryImageOfPage\":{\"@id\":\"https:\/\/www.mesvendanges.com\/fr\/boutique\/vins\/ratafia-jm-seleque-2024-70cl\/#primaryimage\"},\"datePublished\":\"2025-10-25T07:51:14+00:00\",\"dateModified\":\"2025-10-25T08:00:57+00:00\",\"breadcrumb\":{\"@id\":\"https:\/\/www.mesvendanges.com\/fr\/boutique\/vins\/ratafia-jm-seleque-2024-70cl\/#breadcrumb\"},\"inLanguage\":\"fr-FR\",\"potentialAction\":[{\"@type\":\"ReadAction\",\"target\":[\"https:\/\/www.mesvendanges.com\/fr\/boutique\/vins\/ratafia-jm-seleque-2024-70cl\/\"]}]},{\"@type\":\"BreadcrumbList\",\"@id\":\"https:\/\/www.mesvendanges.com\/fr\/boutique\/vins\/ratafia-jm-seleque-2024-70cl\/#breadcrumb\",\"itemListElement\":[{\"@type\":\"ListItem\",\"position\":1,\"name\":\"Accueil\",\"item\":\"https:\/\/www.mesvendanges.com\/fr\/\"},{\"@type\":\"ListItem\",\"position\":2,\"name\":\"Boutique\",\"item\":\"https:\/\/www.mesvendanges.com\/fr\/boutique\/\"},{\"@type\":\"ListItem\",\"position\":3,\"name\":\"RATAFIA\"}]}]}<\/script>\n<!-- \/ Yoast SEO plugin. -->","yoast_head_json":{"title":"RATAFIA - Mes Vendanges","robots":{"index":"index","follow":"follow","max-snippet":"max-snippet:-1","max-image-preview":"max-image-preview:large","max-video-preview":"max-video-preview:-1"},"canonical":"https:\/\/www.mesvendanges.com\/fr\/boutique\/vins\/ratafia-jm-seleque-2024-70cl\/","og_locale":"fr_FR","og_type":"article","og_title":"RATAFIA - Mes Vendanges","og_description":"ASSEMBLAGE : Liqueur compos\u00e9e de mo\u00fbts de raisins (fin de presse des raisins du domaine) et d\u2019alcool pur de la Marne (94,5% Vol.) 50% Chardonnay \u2022 40% Meunier \u2022 10% Pinot Noir. R\u00c9COLTE : 35% 2024 + 65% R\u00e9serve perpetuelle commenc\u00e9e en 2010. TERROIR : Pierry \/ Moussy \/ Epernay \/ Mardeuil \/ Dizy \/ [&hellip;]","og_url":"https:\/\/www.mesvendanges.com\/fr\/boutique\/vins\/ratafia-jm-seleque-2024-70cl\/","og_site_name":"Mes Vendanges","article_modified_time":"2025-10-25T08:00:57+00:00","og_image":[{"width":443,"height":1500,"url":"https:\/\/www.mesvendanges.com\/wp-content\/uploads\/2024\/03\/jm-seleque-ratafia-png.png","type":"image\/png"}],"twitter_card":"summary_large_image","schema":{"@context":"https:\/\/schema.org","@graph":[{"@type":"Organization","@id":"https:\/\/www.mesvendanges.com\/en\/#organization","name":"Mes Vendanges","url":"https:\/\/www.mesvendanges.com\/en\/","sameAs":[],"logo":{"@type":"ImageObject","inLanguage":"fr-FR","@id":"https:\/\/www.mesvendanges.com\/en\/#\/schema\/logo\/image\/","url":"https:\/\/www.mesvendanges.com\/wp-content\/uploads\/2022\/02\/logo-mesvendanges.jpg","contentUrl":"https:\/\/www.mesvendanges.com\/wp-content\/uploads\/2022\/02\/logo-mesvendanges.jpg","width":851,"height":260,"caption":"Mes Vendanges"},"image":{"@id":"https:\/\/www.mesvendanges.com\/en\/#\/schema\/logo\/image\/"}},{"@type":"WebSite","@id":"https:\/\/www.mesvendanges.com\/en\/#website","url":"https:\/\/www.mesvendanges.com\/en\/","name":"Mes Vendanges","description":"Des journ\u00e9es enti\u00e8res dans les vignes","publisher":{"@id":"https:\/\/www.mesvendanges.com\/en\/#organization"},"potentialAction":[{"@type":"SearchAction","target":{"@type":"EntryPoint","urlTemplate":"https:\/\/www.mesvendanges.com\/en\/?s={search_term_string}"},"query-input":"required name=search_term_string"}],"inLanguage":"fr-FR"},{"@type":"ImageObject","inLanguage":"fr-FR","@id":"https:\/\/www.mesvendanges.com\/fr\/boutique\/vins\/ratafia-jm-seleque-2024-70cl\/#primaryimage","url":"https:\/\/www.mesvendanges.com\/wp-content\/uploads\/2024\/03\/jm-seleque-ratafia-png.png","contentUrl":"https:\/\/www.mesvendanges.com\/wp-content\/uploads\/2024\/03\/jm-seleque-ratafia-png.png","width":443,"height":1500},{"@type":"WebPage","@id":"https:\/\/www.mesvendanges.com\/fr\/boutique\/vins\/ratafia-jm-seleque-2024-70cl\/","url":"https:\/\/www.mesvendanges.com\/fr\/boutique\/vins\/ratafia-jm-seleque-2024-70cl\/","name":"RATAFIA - Mes Vendanges","isPartOf":{"@id":"https:\/\/www.mesvendanges.com\/en\/#website"},"primaryImageOfPage":{"@id":"https:\/\/www.mesvendanges.com\/fr\/boutique\/vins\/ratafia-jm-seleque-2024-70cl\/#primaryimage"},"datePublished":"2025-10-25T07:51:14+00:00","dateModified":"2025-10-25T08:00:57+00:00","breadcrumb":{"@id":"https:\/\/www.mesvendanges.com\/fr\/boutique\/vins\/ratafia-jm-seleque-2024-70cl\/#breadcrumb"},"inLanguage":"fr-FR","potentialAction":[{"@type":"ReadAction","target":["https:\/\/www.mesvendanges.com\/fr\/boutique\/vins\/ratafia-jm-seleque-2024-70cl\/"]}]},{"@type":"BreadcrumbList","@id":"https:\/\/www.mesvendanges.com\/fr\/boutique\/vins\/ratafia-jm-seleque-2024-70cl\/#breadcrumb","itemListElement":[{"@type":"ListItem","position":1,"name":"Accueil","item":"https:\/\/www.mesvendanges.com\/fr\/"},{"@type":"ListItem","position":2,"name":"Boutique","item":"https:\/\/www.mesvendanges.com\/fr\/boutique\/"},{"@type":"ListItem","position":3,"name":"RATAFIA"}]}]}},"_links":{"self":[{"href":"https:\/\/www.mesvendanges.com\/fr\/wp-json\/wp\/v2\/product\/89491"}],"collection":[{"href":"https:\/\/www.mesvendanges.com\/fr\/wp-json\/wp\/v2\/product"}],"about":[{"href":"https:\/\/www.mesvendanges.com\/fr\/wp-json\/wp\/v2\/types\/product"}],"wp:featuredmedia":[{"embeddable":true,"href":"https:\/\/www.mesvendanges.com\/fr\/wp-json\/wp\/v2\/media\/73576"}],"wp:attachment":[{"href":"https:\/\/www.mesvendanges.com\/fr\/wp-json\/wp\/v2\/media?parent=89491"}],"wp:term":[{"taxonomy":"product_cat","embeddable":true,"href":"https:\/\/www.mesvendanges.com\/fr\/wp-json\/wp\/v2\/product_cat?post=89491"},{"taxonomy":"product_tag","embeddable":true,"href":"https:\/\/www.mesvendanges.com\/fr\/wp-json\/wp\/v2\/product_tag?post=89491"}],"curies":[{"name":"wp","href":"https:\/\/api.w.org\/{rel}","templated":true}]}}