{"id":89971,"date":"2025-12-12T11:29:24","date_gmt":"2025-12-12T10:29:24","guid":{"rendered":"https:\/\/www.mesvendanges.com\/shop\/non%20class\u00e9\/piment-cabe-keriting-de-java-epices-shira\/"},"modified":"2025-12-18T14:44:17","modified_gmt":"2025-12-18T13:44:17","slug":"piment-cabe-keriting-de-java-epices-shira-30-gr","status":"publish","type":"product","link":"https:\/\/www.mesvendanges.com\/fr\/boutique\/epicerie-et-accessoires\/piment-cabe-keriting-de-java-epices-shira-30-gr\/","title":{"rendered":"PIMENT CABE KERITING DE JAVA"},"content":{"rendered":"<p>\u00ab Tr\u00e8s parfum\u00e9, le piment cabe keriting rel\u00e8ve les plats sans effrayer les invit\u00e9s \u00bb<\/p>\n<p>Le cabe keriting (prononcez tchab\u00e9) est un piment embl\u00e9matique d\u2019Indon\u00e9sie poussant essentiellement sur l\u2019\u00eele de Java, sur une terre volcanique d\u2019une fertilit\u00e9 sans \u00e9gale. Ce piment est fin, long et ondul\u00e9. D&#8217;une couleur rouge vif lorsqu&#8217;il est frais, il devient rouge fonc\u00e9 en s\u00e9chant. Il est remarquablement \u00e9quilibr\u00e9 en go\u00fbt et en puissance. Tr\u00e8s fruit\u00e9, il \u00e9voque le poivron avec de discr\u00e8tes notes de cerise et de pruneau ; mod\u00e9r\u00e9ment piquant, il s\u2019int\u00e8gre dans tous les plats et en fait le piment parfait tous ceux qui souhaitent s\u2019initier au piment.<\/p>\n<p>Ce piment pousse dans l\u2019ouest de l\u2019\u00eele de Java, sur une terre qui doit sa fertilit\u00e9 au ruissellement des eaux de pluie sur les contrebas des volcans. Ces eaux transportent avec elles des min\u00e9raux en quantit\u00e9 que la terre r\u00e9cup\u00e8re.<\/p>\n<p>Shira collabore avec quelques fermes situ\u00e9es \u00e0 une dizaine de kilom\u00e8tres de Jakarta. Elles sont tenues par des bouddhistes, ce qui est plut\u00f4t rare dans ce pays de confession musulmane. Le leader de cette communaut\u00e9 agricole a pass\u00e9 de nombreuses d\u2019ann\u00e9es \u00e0 \u00e9tudier la permaculture, notamment au Japon, aupr\u00e8s de Mr Fukuoka, auteur du c\u00e9l\u00e8bre livre R\u00e9volution d&#8217;un seul brin de paille : Une introduction \u00e0 l\u2019agriculture sauvage. M\u00eame s\u2019il continue \u00e0 produire des \u00e9pices, il passe aussi une grande partie de son temps \u00e0 former les paysans du village et de la r\u00e9gion.<\/p>\n<p>Lorsqu\u2019on veut int\u00e9grer des piments entiers dans un plat, deux m\u00e9thodes sont possibles. On les torr\u00e9fie \u00e0 sec avant de les int\u00e9grer dans la pr\u00e9paration pour adoucir le piment et d\u00e9velopper ses parfums ; ou bien on les fait frire dans l\u2019huile pour augmenter leur piquant et distribuer leur parfum. L\u2019utilisation ensuite est la m\u00eame, on les int\u00e8gre dans les plats en sauce puis on les fait cuire, entiers ou en lamelles, afin de parfumer l\u2019int\u00e9gralit\u00e9 du plat.<\/p>\n<p>Si vous optez pour du piment moulu, gr\u00e2ce \u00e0 un moulin \u00e0 piments, mettez-le plut\u00f4t en fin de cuisson.<\/p>\n<p>Surprenez vos invit\u00e9s en ajoutant un twist aux plats traditionnels, tels que le b\u0153uf bourguignon ou la ratatouille. Entier, le cabe keriting parfume les bouillons asiatiques. Coup\u00e9 en fines lamelles, il \u00e9gaye un d\u00e9licieux plats de tofu saut\u00e9 ou des kimchi maison.<\/p>\n<p>Son c\u00f4t\u00e9 fruit\u00e9 le destine aux accords chocolat\u00e9s. Pensez \u00e0 en mettre une pinc\u00e9e dans un chocolat chaud, une mousse au chocolat ou un brownie aux noix de p\u00e9can.<\/p>\n","protected":false},"excerpt":{"rendered":"<p>\u00ab Tr\u00e8s parfum\u00e9, le piment cabe keriting rel\u00e8ve les plats sans effrayer les invit\u00e9s \u00bb Le cabe keriting (prononcez tchab\u00e9) est un piment embl\u00e9matique d\u2019Indon\u00e9sie poussant essentiellement sur l\u2019\u00eele de Java, sur une terre volcanique d\u2019une fertilit\u00e9 sans \u00e9gale. Ce piment est fin, long et ondul\u00e9. D&#8217;une couleur rouge vif lorsqu&#8217;il est frais, il devient [&hellip;]<\/p>\n","protected":false},"featured_media":89976,"template":"","meta":[],"product_cat":[3737],"product_tag":[],"acf":[],"yoast_head":"<!-- This site is optimized with the Yoast SEO plugin v19.3 - https:\/\/yoast.com\/wordpress\/plugins\/seo\/ -->\n<title>PIMENT CABE KERITING DE JAVA - Mes Vendanges<\/title>\n<meta name=\"robots\" content=\"index, follow, max-snippet:-1, max-image-preview:large, max-video-preview:-1\" \/>\n<link rel=\"canonical\" href=\"https:\/\/www.mesvendanges.com\/fr\/boutique\/epicerie-et-accessoires\/piment-cabe-keriting-de-java-epices-shira-30-gr\/\" \/>\n<meta property=\"og:locale\" content=\"fr_FR\" \/>\n<meta property=\"og:type\" content=\"article\" \/>\n<meta property=\"og:title\" content=\"PIMENT CABE KERITING DE JAVA - Mes Vendanges\" \/>\n<meta property=\"og:description\" content=\"\u00ab Tr\u00e8s parfum\u00e9, le piment cabe keriting rel\u00e8ve les plats sans effrayer les invit\u00e9s \u00bb Le cabe keriting (prononcez tchab\u00e9) est un piment embl\u00e9matique d\u2019Indon\u00e9sie poussant essentiellement sur l\u2019\u00eele de Java, sur une terre volcanique d\u2019une fertilit\u00e9 sans \u00e9gale. Ce piment est fin, long et ondul\u00e9. D&#8217;une couleur rouge vif lorsqu&#8217;il est frais, il devient [&hellip;]\" \/>\n<meta property=\"og:url\" content=\"https:\/\/www.mesvendanges.com\/fr\/boutique\/epicerie-et-accessoires\/piment-cabe-keriting-de-java-epices-shira-30-gr\/\" \/>\n<meta property=\"og:site_name\" content=\"Mes Vendanges\" \/>\n<meta property=\"article:modified_time\" content=\"2025-12-18T13:44:17+00:00\" \/>\n<meta name=\"twitter:card\" content=\"summary_large_image\" \/>\n<meta name=\"twitter:label1\" content=\"Dur\u00e9e de lecture estim\u00e9e\" \/>\n\t<meta name=\"twitter:data1\" content=\"2 minutes\" \/>\n<script type=\"application\/ld+json\" class=\"yoast-schema-graph\">{\"@context\":\"https:\/\/schema.org\",\"@graph\":[{\"@type\":\"Organization\",\"@id\":\"https:\/\/www.mesvendanges.com\/en\/#organization\",\"name\":\"Mes Vendanges\",\"url\":\"https:\/\/www.mesvendanges.com\/en\/\",\"sameAs\":[],\"logo\":{\"@type\":\"ImageObject\",\"inLanguage\":\"fr-FR\",\"@id\":\"https:\/\/www.mesvendanges.com\/en\/#\/schema\/logo\/image\/\",\"url\":\"https:\/\/www.mesvendanges.com\/wp-content\/uploads\/2022\/02\/logo-mesvendanges.jpg\",\"contentUrl\":\"https:\/\/www.mesvendanges.com\/wp-content\/uploads\/2022\/02\/logo-mesvendanges.jpg\",\"width\":851,\"height\":260,\"caption\":\"Mes Vendanges\"},\"image\":{\"@id\":\"https:\/\/www.mesvendanges.com\/en\/#\/schema\/logo\/image\/\"}},{\"@type\":\"WebSite\",\"@id\":\"https:\/\/www.mesvendanges.com\/en\/#website\",\"url\":\"https:\/\/www.mesvendanges.com\/en\/\",\"name\":\"Mes Vendanges\",\"description\":\"Des journ\u00e9es enti\u00e8res dans les vignes\",\"publisher\":{\"@id\":\"https:\/\/www.mesvendanges.com\/en\/#organization\"},\"potentialAction\":[{\"@type\":\"SearchAction\",\"target\":{\"@type\":\"EntryPoint\",\"urlTemplate\":\"https:\/\/www.mesvendanges.com\/en\/?s={search_term_string}\"},\"query-input\":\"required name=search_term_string\"}],\"inLanguage\":\"fr-FR\"},{\"@type\":\"ImageObject\",\"inLanguage\":\"fr-FR\",\"@id\":\"https:\/\/www.mesvendanges.com\/fr\/boutique\/epicerie-et-accessoires\/piment-cabe-keriting-de-java-epices-shira-30-gr\/#primaryimage\",\"url\":\"https:\/\/www.mesvendanges.com\/wp-content\/uploads\/2025\/12\/shira-piment-cabe-ketiring-jpg.jpg\",\"contentUrl\":\"https:\/\/www.mesvendanges.com\/wp-content\/uploads\/2025\/12\/shira-piment-cabe-ketiring-jpg.jpg\",\"width\":1040,\"height\":1040},{\"@type\":\"WebPage\",\"@id\":\"https:\/\/www.mesvendanges.com\/fr\/boutique\/epicerie-et-accessoires\/piment-cabe-keriting-de-java-epices-shira-30-gr\/\",\"url\":\"https:\/\/www.mesvendanges.com\/fr\/boutique\/epicerie-et-accessoires\/piment-cabe-keriting-de-java-epices-shira-30-gr\/\",\"name\":\"PIMENT CABE KERITING DE JAVA - Mes Vendanges\",\"isPartOf\":{\"@id\":\"https:\/\/www.mesvendanges.com\/en\/#website\"},\"primaryImageOfPage\":{\"@id\":\"https:\/\/www.mesvendanges.com\/fr\/boutique\/epicerie-et-accessoires\/piment-cabe-keriting-de-java-epices-shira-30-gr\/#primaryimage\"},\"datePublished\":\"2025-12-12T10:29:24+00:00\",\"dateModified\":\"2025-12-18T13:44:17+00:00\",\"breadcrumb\":{\"@id\":\"https:\/\/www.mesvendanges.com\/fr\/boutique\/epicerie-et-accessoires\/piment-cabe-keriting-de-java-epices-shira-30-gr\/#breadcrumb\"},\"inLanguage\":\"fr-FR\",\"potentialAction\":[{\"@type\":\"ReadAction\",\"target\":[\"https:\/\/www.mesvendanges.com\/fr\/boutique\/epicerie-et-accessoires\/piment-cabe-keriting-de-java-epices-shira-30-gr\/\"]}]},{\"@type\":\"BreadcrumbList\",\"@id\":\"https:\/\/www.mesvendanges.com\/fr\/boutique\/epicerie-et-accessoires\/piment-cabe-keriting-de-java-epices-shira-30-gr\/#breadcrumb\",\"itemListElement\":[{\"@type\":\"ListItem\",\"position\":1,\"name\":\"Accueil\",\"item\":\"https:\/\/www.mesvendanges.com\/fr\/\"},{\"@type\":\"ListItem\",\"position\":2,\"name\":\"Boutique\",\"item\":\"https:\/\/www.mesvendanges.com\/fr\/boutique\/\"},{\"@type\":\"ListItem\",\"position\":3,\"name\":\"PIMENT CABE KERITING DE JAVA\"}]}]}<\/script>\n<!-- \/ Yoast SEO plugin. -->","yoast_head_json":{"title":"PIMENT CABE KERITING DE JAVA - Mes Vendanges","robots":{"index":"index","follow":"follow","max-snippet":"max-snippet:-1","max-image-preview":"max-image-preview:large","max-video-preview":"max-video-preview:-1"},"canonical":"https:\/\/www.mesvendanges.com\/fr\/boutique\/epicerie-et-accessoires\/piment-cabe-keriting-de-java-epices-shira-30-gr\/","og_locale":"fr_FR","og_type":"article","og_title":"PIMENT CABE KERITING DE JAVA - Mes Vendanges","og_description":"\u00ab Tr\u00e8s parfum\u00e9, le piment cabe keriting rel\u00e8ve les plats sans effrayer les invit\u00e9s \u00bb Le cabe keriting (prononcez tchab\u00e9) est un piment embl\u00e9matique d\u2019Indon\u00e9sie poussant essentiellement sur l\u2019\u00eele de Java, sur une terre volcanique d\u2019une fertilit\u00e9 sans \u00e9gale. Ce piment est fin, long et ondul\u00e9. D&#8217;une couleur rouge vif lorsqu&#8217;il est frais, il devient [&hellip;]","og_url":"https:\/\/www.mesvendanges.com\/fr\/boutique\/epicerie-et-accessoires\/piment-cabe-keriting-de-java-epices-shira-30-gr\/","og_site_name":"Mes Vendanges","article_modified_time":"2025-12-18T13:44:17+00:00","twitter_card":"summary_large_image","twitter_misc":{"Dur\u00e9e de lecture estim\u00e9e":"2 minutes"},"schema":{"@context":"https:\/\/schema.org","@graph":[{"@type":"Organization","@id":"https:\/\/www.mesvendanges.com\/en\/#organization","name":"Mes Vendanges","url":"https:\/\/www.mesvendanges.com\/en\/","sameAs":[],"logo":{"@type":"ImageObject","inLanguage":"fr-FR","@id":"https:\/\/www.mesvendanges.com\/en\/#\/schema\/logo\/image\/","url":"https:\/\/www.mesvendanges.com\/wp-content\/uploads\/2022\/02\/logo-mesvendanges.jpg","contentUrl":"https:\/\/www.mesvendanges.com\/wp-content\/uploads\/2022\/02\/logo-mesvendanges.jpg","width":851,"height":260,"caption":"Mes Vendanges"},"image":{"@id":"https:\/\/www.mesvendanges.com\/en\/#\/schema\/logo\/image\/"}},{"@type":"WebSite","@id":"https:\/\/www.mesvendanges.com\/en\/#website","url":"https:\/\/www.mesvendanges.com\/en\/","name":"Mes Vendanges","description":"Des journ\u00e9es enti\u00e8res dans les vignes","publisher":{"@id":"https:\/\/www.mesvendanges.com\/en\/#organization"},"potentialAction":[{"@type":"SearchAction","target":{"@type":"EntryPoint","urlTemplate":"https:\/\/www.mesvendanges.com\/en\/?s={search_term_string}"},"query-input":"required name=search_term_string"}],"inLanguage":"fr-FR"},{"@type":"ImageObject","inLanguage":"fr-FR","@id":"https:\/\/www.mesvendanges.com\/fr\/boutique\/epicerie-et-accessoires\/piment-cabe-keriting-de-java-epices-shira-30-gr\/#primaryimage","url":"https:\/\/www.mesvendanges.com\/wp-content\/uploads\/2025\/12\/shira-piment-cabe-ketiring-jpg.jpg","contentUrl":"https:\/\/www.mesvendanges.com\/wp-content\/uploads\/2025\/12\/shira-piment-cabe-ketiring-jpg.jpg","width":1040,"height":1040},{"@type":"WebPage","@id":"https:\/\/www.mesvendanges.com\/fr\/boutique\/epicerie-et-accessoires\/piment-cabe-keriting-de-java-epices-shira-30-gr\/","url":"https:\/\/www.mesvendanges.com\/fr\/boutique\/epicerie-et-accessoires\/piment-cabe-keriting-de-java-epices-shira-30-gr\/","name":"PIMENT CABE KERITING DE JAVA - Mes Vendanges","isPartOf":{"@id":"https:\/\/www.mesvendanges.com\/en\/#website"},"primaryImageOfPage":{"@id":"https:\/\/www.mesvendanges.com\/fr\/boutique\/epicerie-et-accessoires\/piment-cabe-keriting-de-java-epices-shira-30-gr\/#primaryimage"},"datePublished":"2025-12-12T10:29:24+00:00","dateModified":"2025-12-18T13:44:17+00:00","breadcrumb":{"@id":"https:\/\/www.mesvendanges.com\/fr\/boutique\/epicerie-et-accessoires\/piment-cabe-keriting-de-java-epices-shira-30-gr\/#breadcrumb"},"inLanguage":"fr-FR","potentialAction":[{"@type":"ReadAction","target":["https:\/\/www.mesvendanges.com\/fr\/boutique\/epicerie-et-accessoires\/piment-cabe-keriting-de-java-epices-shira-30-gr\/"]}]},{"@type":"BreadcrumbList","@id":"https:\/\/www.mesvendanges.com\/fr\/boutique\/epicerie-et-accessoires\/piment-cabe-keriting-de-java-epices-shira-30-gr\/#breadcrumb","itemListElement":[{"@type":"ListItem","position":1,"name":"Accueil","item":"https:\/\/www.mesvendanges.com\/fr\/"},{"@type":"ListItem","position":2,"name":"Boutique","item":"https:\/\/www.mesvendanges.com\/fr\/boutique\/"},{"@type":"ListItem","position":3,"name":"PIMENT CABE KERITING DE JAVA"}]}]}},"_links":{"self":[{"href":"https:\/\/www.mesvendanges.com\/fr\/wp-json\/wp\/v2\/product\/89971"}],"collection":[{"href":"https:\/\/www.mesvendanges.com\/fr\/wp-json\/wp\/v2\/product"}],"about":[{"href":"https:\/\/www.mesvendanges.com\/fr\/wp-json\/wp\/v2\/types\/product"}],"wp:featuredmedia":[{"embeddable":true,"href":"https:\/\/www.mesvendanges.com\/fr\/wp-json\/wp\/v2\/media\/89976"}],"wp:attachment":[{"href":"https:\/\/www.mesvendanges.com\/fr\/wp-json\/wp\/v2\/media?parent=89971"}],"wp:term":[{"taxonomy":"product_cat","embeddable":true,"href":"https:\/\/www.mesvendanges.com\/fr\/wp-json\/wp\/v2\/product_cat?post=89971"},{"taxonomy":"product_tag","embeddable":true,"href":"https:\/\/www.mesvendanges.com\/fr\/wp-json\/wp\/v2\/product_tag?post=89971"}],"curies":[{"name":"wp","href":"https:\/\/api.w.org\/{rel}","templated":true}]}}