{"id":91002,"date":"2026-04-25T10:38:11","date_gmt":"2026-04-25T08:38:11","guid":{"rendered":"https:\/\/www.mesvendanges.com\/shop\/non%20class\u00e9\/grain-pinot-champ-dury-chappaz-marie-therese-2023-75cl\/"},"modified":"2026-04-26T12:51:27","modified_gmt":"2026-04-26T10:51:27","slug":"grain-pinot-champ-dury-chappaz-marie-therese-2023-75cl","status":"publish","type":"product","link":"https:\/\/www.mesvendanges.com\/fr\/boutique\/vins\/grain-pinot-champ-dury-chappaz-marie-therese-2023-75cl\/","title":{"rendered":"GRAIN PINOT CHAMP DURY"},"content":{"rendered":"<p>C\u00e9page : Pinot Noir de vieilles vignes Terroir : calcaire de Charrat. Champ Dury est le plus grand terroir du secteur de Charrat, versant gauche du Rh\u00f4ne, au frais le matin mais qui profite pleinement du soleil de fin de soir\u00e9e. Id\u00e9al pour la maturit\u00e9 du pinot. Les \u00e9boulis calcaires conf\u00e8rent \u00e0 ce vin une assise min\u00e9rale hors norme. Grand grand pinot tant par sa stature que pour son expression intense. De grande longueur. Une bouteille incontournable pour tous les amateurs de pinot noir.<\/p>\n","protected":false},"excerpt":{"rendered":"<p>C\u00e9page : Pinot Noir de vieilles vignes Terroir : calcaire de Charrat. Champ Dury est le plus grand terroir du secteur de Charrat, versant gauche du Rh\u00f4ne, au frais le matin mais qui profite pleinement du soleil de fin de soir\u00e9e. Id\u00e9al pour la maturit\u00e9 du pinot. Les \u00e9boulis calcaires conf\u00e8rent \u00e0 ce vin une [&hellip;]<\/p>\n","protected":false},"featured_media":91041,"template":"","meta":[],"product_cat":[3736],"product_tag":[],"acf":[],"yoast_head":"<!-- This site is optimized with the Yoast SEO plugin v19.3 - https:\/\/yoast.com\/wordpress\/plugins\/seo\/ -->\n<title>GRAIN PINOT CHAMP DURY - Mes Vendanges<\/title>\n<meta name=\"robots\" content=\"index, follow, max-snippet:-1, max-image-preview:large, max-video-preview:-1\" \/>\n<link rel=\"canonical\" href=\"https:\/\/www.mesvendanges.com\/fr\/boutique\/vins\/grain-pinot-champ-dury-chappaz-marie-therese-2023-75cl\/\" \/>\n<meta property=\"og:locale\" content=\"fr_FR\" \/>\n<meta property=\"og:type\" content=\"article\" \/>\n<meta property=\"og:title\" content=\"GRAIN PINOT CHAMP DURY - Mes Vendanges\" \/>\n<meta property=\"og:description\" content=\"C\u00e9page : Pinot Noir de vieilles vignes Terroir : calcaire de Charrat. Champ Dury est le plus grand terroir du secteur de Charrat, versant gauche du Rh\u00f4ne, au frais le matin mais qui profite pleinement du soleil de fin de soir\u00e9e. Id\u00e9al pour la maturit\u00e9 du pinot. Les \u00e9boulis calcaires conf\u00e8rent \u00e0 ce vin une [&hellip;]\" \/>\n<meta property=\"og:url\" content=\"https:\/\/www.mesvendanges.com\/fr\/boutique\/vins\/grain-pinot-champ-dury-chappaz-marie-therese-2023-75cl\/\" \/>\n<meta property=\"og:site_name\" content=\"Mes Vendanges\" \/>\n<meta property=\"article:modified_time\" content=\"2026-04-26T10:51:27+00:00\" \/>\n<meta name=\"twitter:card\" content=\"summary_large_image\" \/>\n<script type=\"application\/ld+json\" class=\"yoast-schema-graph\">{\"@context\":\"https:\/\/schema.org\",\"@graph\":[{\"@type\":\"Organization\",\"@id\":\"https:\/\/www.mesvendanges.com\/en\/#organization\",\"name\":\"Mes Vendanges\",\"url\":\"https:\/\/www.mesvendanges.com\/en\/\",\"sameAs\":[],\"logo\":{\"@type\":\"ImageObject\",\"inLanguage\":\"fr-FR\",\"@id\":\"https:\/\/www.mesvendanges.com\/en\/#\/schema\/logo\/image\/\",\"url\":\"https:\/\/www.mesvendanges.com\/wp-content\/uploads\/2022\/02\/logo-mesvendanges.jpg\",\"contentUrl\":\"https:\/\/www.mesvendanges.com\/wp-content\/uploads\/2022\/02\/logo-mesvendanges.jpg\",\"width\":851,\"height\":260,\"caption\":\"Mes Vendanges\"},\"image\":{\"@id\":\"https:\/\/www.mesvendanges.com\/en\/#\/schema\/logo\/image\/\"}},{\"@type\":\"WebSite\",\"@id\":\"https:\/\/www.mesvendanges.com\/en\/#website\",\"url\":\"https:\/\/www.mesvendanges.com\/en\/\",\"name\":\"Mes Vendanges\",\"description\":\"Des journ\u00e9es enti\u00e8res dans les vignes\",\"publisher\":{\"@id\":\"https:\/\/www.mesvendanges.com\/en\/#organization\"},\"potentialAction\":[{\"@type\":\"SearchAction\",\"target\":{\"@type\":\"EntryPoint\",\"urlTemplate\":\"https:\/\/www.mesvendanges.com\/en\/?s={search_term_string}\"},\"query-input\":\"required name=search_term_string\"}],\"inLanguage\":\"fr-FR\"},{\"@type\":\"ImageObject\",\"inLanguage\":\"fr-FR\",\"@id\":\"https:\/\/www.mesvendanges.com\/fr\/boutique\/vins\/grain-pinot-champ-dury-chappaz-marie-therese-2023-75cl\/#primaryimage\",\"url\":\"https:\/\/www.mesvendanges.com\/wp-content\/uploads\/2026\/04\/marie-therese-chappaz-grain-pinot-champ-dury-2023-png.png\",\"contentUrl\":\"https:\/\/www.mesvendanges.com\/wp-content\/uploads\/2026\/04\/marie-therese-chappaz-grain-pinot-champ-dury-2023-png.png\",\"width\":433,\"height\":1500},{\"@type\":\"WebPage\",\"@id\":\"https:\/\/www.mesvendanges.com\/fr\/boutique\/vins\/grain-pinot-champ-dury-chappaz-marie-therese-2023-75cl\/\",\"url\":\"https:\/\/www.mesvendanges.com\/fr\/boutique\/vins\/grain-pinot-champ-dury-chappaz-marie-therese-2023-75cl\/\",\"name\":\"GRAIN PINOT CHAMP DURY - Mes Vendanges\",\"isPartOf\":{\"@id\":\"https:\/\/www.mesvendanges.com\/en\/#website\"},\"primaryImageOfPage\":{\"@id\":\"https:\/\/www.mesvendanges.com\/fr\/boutique\/vins\/grain-pinot-champ-dury-chappaz-marie-therese-2023-75cl\/#primaryimage\"},\"datePublished\":\"2026-04-25T08:38:11+00:00\",\"dateModified\":\"2026-04-26T10:51:27+00:00\",\"breadcrumb\":{\"@id\":\"https:\/\/www.mesvendanges.com\/fr\/boutique\/vins\/grain-pinot-champ-dury-chappaz-marie-therese-2023-75cl\/#breadcrumb\"},\"inLanguage\":\"fr-FR\",\"potentialAction\":[{\"@type\":\"ReadAction\",\"target\":[\"https:\/\/www.mesvendanges.com\/fr\/boutique\/vins\/grain-pinot-champ-dury-chappaz-marie-therese-2023-75cl\/\"]}]},{\"@type\":\"BreadcrumbList\",\"@id\":\"https:\/\/www.mesvendanges.com\/fr\/boutique\/vins\/grain-pinot-champ-dury-chappaz-marie-therese-2023-75cl\/#breadcrumb\",\"itemListElement\":[{\"@type\":\"ListItem\",\"position\":1,\"name\":\"Accueil\",\"item\":\"https:\/\/www.mesvendanges.com\/fr\/\"},{\"@type\":\"ListItem\",\"position\":2,\"name\":\"Boutique\",\"item\":\"https:\/\/www.mesvendanges.com\/fr\/boutique\/\"},{\"@type\":\"ListItem\",\"position\":3,\"name\":\"GRAIN PINOT CHAMP DURY\"}]}]}<\/script>\n<!-- \/ Yoast SEO plugin. -->","yoast_head_json":{"title":"GRAIN PINOT CHAMP DURY - Mes Vendanges","robots":{"index":"index","follow":"follow","max-snippet":"max-snippet:-1","max-image-preview":"max-image-preview:large","max-video-preview":"max-video-preview:-1"},"canonical":"https:\/\/www.mesvendanges.com\/fr\/boutique\/vins\/grain-pinot-champ-dury-chappaz-marie-therese-2023-75cl\/","og_locale":"fr_FR","og_type":"article","og_title":"GRAIN PINOT CHAMP DURY - Mes Vendanges","og_description":"C\u00e9page : Pinot Noir de vieilles vignes Terroir : calcaire de Charrat. Champ Dury est le plus grand terroir du secteur de Charrat, versant gauche du Rh\u00f4ne, au frais le matin mais qui profite pleinement du soleil de fin de soir\u00e9e. Id\u00e9al pour la maturit\u00e9 du pinot. Les \u00e9boulis calcaires conf\u00e8rent \u00e0 ce vin une [&hellip;]","og_url":"https:\/\/www.mesvendanges.com\/fr\/boutique\/vins\/grain-pinot-champ-dury-chappaz-marie-therese-2023-75cl\/","og_site_name":"Mes Vendanges","article_modified_time":"2026-04-26T10:51:27+00:00","twitter_card":"summary_large_image","schema":{"@context":"https:\/\/schema.org","@graph":[{"@type":"Organization","@id":"https:\/\/www.mesvendanges.com\/en\/#organization","name":"Mes Vendanges","url":"https:\/\/www.mesvendanges.com\/en\/","sameAs":[],"logo":{"@type":"ImageObject","inLanguage":"fr-FR","@id":"https:\/\/www.mesvendanges.com\/en\/#\/schema\/logo\/image\/","url":"https:\/\/www.mesvendanges.com\/wp-content\/uploads\/2022\/02\/logo-mesvendanges.jpg","contentUrl":"https:\/\/www.mesvendanges.com\/wp-content\/uploads\/2022\/02\/logo-mesvendanges.jpg","width":851,"height":260,"caption":"Mes Vendanges"},"image":{"@id":"https:\/\/www.mesvendanges.com\/en\/#\/schema\/logo\/image\/"}},{"@type":"WebSite","@id":"https:\/\/www.mesvendanges.com\/en\/#website","url":"https:\/\/www.mesvendanges.com\/en\/","name":"Mes Vendanges","description":"Des journ\u00e9es enti\u00e8res dans les vignes","publisher":{"@id":"https:\/\/www.mesvendanges.com\/en\/#organization"},"potentialAction":[{"@type":"SearchAction","target":{"@type":"EntryPoint","urlTemplate":"https:\/\/www.mesvendanges.com\/en\/?s={search_term_string}"},"query-input":"required name=search_term_string"}],"inLanguage":"fr-FR"},{"@type":"ImageObject","inLanguage":"fr-FR","@id":"https:\/\/www.mesvendanges.com\/fr\/boutique\/vins\/grain-pinot-champ-dury-chappaz-marie-therese-2023-75cl\/#primaryimage","url":"https:\/\/www.mesvendanges.com\/wp-content\/uploads\/2026\/04\/marie-therese-chappaz-grain-pinot-champ-dury-2023-png.png","contentUrl":"https:\/\/www.mesvendanges.com\/wp-content\/uploads\/2026\/04\/marie-therese-chappaz-grain-pinot-champ-dury-2023-png.png","width":433,"height":1500},{"@type":"WebPage","@id":"https:\/\/www.mesvendanges.com\/fr\/boutique\/vins\/grain-pinot-champ-dury-chappaz-marie-therese-2023-75cl\/","url":"https:\/\/www.mesvendanges.com\/fr\/boutique\/vins\/grain-pinot-champ-dury-chappaz-marie-therese-2023-75cl\/","name":"GRAIN PINOT CHAMP DURY - Mes Vendanges","isPartOf":{"@id":"https:\/\/www.mesvendanges.com\/en\/#website"},"primaryImageOfPage":{"@id":"https:\/\/www.mesvendanges.com\/fr\/boutique\/vins\/grain-pinot-champ-dury-chappaz-marie-therese-2023-75cl\/#primaryimage"},"datePublished":"2026-04-25T08:38:11+00:00","dateModified":"2026-04-26T10:51:27+00:00","breadcrumb":{"@id":"https:\/\/www.mesvendanges.com\/fr\/boutique\/vins\/grain-pinot-champ-dury-chappaz-marie-therese-2023-75cl\/#breadcrumb"},"inLanguage":"fr-FR","potentialAction":[{"@type":"ReadAction","target":["https:\/\/www.mesvendanges.com\/fr\/boutique\/vins\/grain-pinot-champ-dury-chappaz-marie-therese-2023-75cl\/"]}]},{"@type":"BreadcrumbList","@id":"https:\/\/www.mesvendanges.com\/fr\/boutique\/vins\/grain-pinot-champ-dury-chappaz-marie-therese-2023-75cl\/#breadcrumb","itemListElement":[{"@type":"ListItem","position":1,"name":"Accueil","item":"https:\/\/www.mesvendanges.com\/fr\/"},{"@type":"ListItem","position":2,"name":"Boutique","item":"https:\/\/www.mesvendanges.com\/fr\/boutique\/"},{"@type":"ListItem","position":3,"name":"GRAIN PINOT CHAMP DURY"}]}]}},"_links":{"self":[{"href":"https:\/\/www.mesvendanges.com\/fr\/wp-json\/wp\/v2\/product\/91002"}],"collection":[{"href":"https:\/\/www.mesvendanges.com\/fr\/wp-json\/wp\/v2\/product"}],"about":[{"href":"https:\/\/www.mesvendanges.com\/fr\/wp-json\/wp\/v2\/types\/product"}],"wp:featuredmedia":[{"embeddable":true,"href":"https:\/\/www.mesvendanges.com\/fr\/wp-json\/wp\/v2\/media\/91041"}],"wp:attachment":[{"href":"https:\/\/www.mesvendanges.com\/fr\/wp-json\/wp\/v2\/media?parent=91002"}],"wp:term":[{"taxonomy":"product_cat","embeddable":true,"href":"https:\/\/www.mesvendanges.com\/fr\/wp-json\/wp\/v2\/product_cat?post=91002"},{"taxonomy":"product_tag","embeddable":true,"href":"https:\/\/www.mesvendanges.com\/fr\/wp-json\/wp\/v2\/product_tag?post=91002"}],"curies":[{"name":"wp","href":"https:\/\/api.w.org\/{rel}","templated":true}]}}