{"id":91004,"date":"2026-04-25T10:43:01","date_gmt":"2026-04-25T08:43:01","guid":{"rendered":"https:\/\/www.mesvendanges.com\/shop\/non%20class\u00e9\/grain-mariage-chappaz-marie-therese-2023-75cl\/"},"modified":"2026-04-26T12:51:22","modified_gmt":"2026-04-26T10:51:22","slug":"grain-mariage-chappaz-marie-therese-2023-75cl","status":"publish","type":"product","link":"https:\/\/www.mesvendanges.com\/fr\/boutique\/vins\/grain-mariage-chappaz-marie-therese-2023-75cl\/","title":{"rendered":"GRAIN MARIAGE"},"content":{"rendered":"<p>Le Grain Mariage est un assemblage de Cornalin et d&#8217;Humagne rouge, c\u00e9pages embl\u00e9matiques du Valais. Terroir calcaire de Leyton. Elevage 12 mois en f\u00fbt<br \/>\nRobe dense, nez toujours tr\u00e8s marqu\u00e9 par une belle cerise, un a\u00e9rien menthol\u00e9. La bouche est pleine, ample, tram\u00e9e par les riches tanins du cornalin. D\u00e8s l&#8217;attaque le fruit est soyeux, voir velout\u00e9 et profond, avec ce caract\u00e8re \u00e9tonnant des c\u00e9pages valaisans.<\/p>\n","protected":false},"excerpt":{"rendered":"<p>Le Grain Mariage est un assemblage de Cornalin et d&#8217;Humagne rouge, c\u00e9pages embl\u00e9matiques du Valais. Terroir calcaire de Leyton. Elevage 12 mois en f\u00fbt Robe dense, nez toujours tr\u00e8s marqu\u00e9 par une belle cerise, un a\u00e9rien menthol\u00e9. La bouche est pleine, ample, tram\u00e9e par les riches tanins du cornalin. D\u00e8s l&#8217;attaque le fruit est soyeux, [&hellip;]<\/p>\n","protected":false},"featured_media":91035,"template":"","meta":[],"product_cat":[3736],"product_tag":[],"acf":[],"yoast_head":"<!-- This site is optimized with the Yoast SEO plugin v19.3 - https:\/\/yoast.com\/wordpress\/plugins\/seo\/ -->\n<title>GRAIN MARIAGE - Mes Vendanges<\/title>\n<meta name=\"robots\" content=\"index, follow, max-snippet:-1, max-image-preview:large, max-video-preview:-1\" \/>\n<link rel=\"canonical\" href=\"https:\/\/www.mesvendanges.com\/fr\/boutique\/vins\/grain-mariage-chappaz-marie-therese-2023-75cl\/\" \/>\n<meta property=\"og:locale\" content=\"fr_FR\" \/>\n<meta property=\"og:type\" content=\"article\" \/>\n<meta property=\"og:title\" content=\"GRAIN MARIAGE - Mes Vendanges\" \/>\n<meta property=\"og:description\" content=\"Le Grain Mariage est un assemblage de Cornalin et d&#8217;Humagne rouge, c\u00e9pages embl\u00e9matiques du Valais. Terroir calcaire de Leyton. Elevage 12 mois en f\u00fbt Robe dense, nez toujours tr\u00e8s marqu\u00e9 par une belle cerise, un a\u00e9rien menthol\u00e9. La bouche est pleine, ample, tram\u00e9e par les riches tanins du cornalin. D\u00e8s l&#8217;attaque le fruit est soyeux, [&hellip;]\" \/>\n<meta property=\"og:url\" content=\"https:\/\/www.mesvendanges.com\/fr\/boutique\/vins\/grain-mariage-chappaz-marie-therese-2023-75cl\/\" \/>\n<meta property=\"og:site_name\" content=\"Mes Vendanges\" \/>\n<meta property=\"article:modified_time\" content=\"2026-04-26T10:51:22+00:00\" \/>\n<meta name=\"twitter:card\" content=\"summary_large_image\" \/>\n<script type=\"application\/ld+json\" class=\"yoast-schema-graph\">{\"@context\":\"https:\/\/schema.org\",\"@graph\":[{\"@type\":\"Organization\",\"@id\":\"https:\/\/www.mesvendanges.com\/en\/#organization\",\"name\":\"Mes Vendanges\",\"url\":\"https:\/\/www.mesvendanges.com\/en\/\",\"sameAs\":[],\"logo\":{\"@type\":\"ImageObject\",\"inLanguage\":\"fr-FR\",\"@id\":\"https:\/\/www.mesvendanges.com\/en\/#\/schema\/logo\/image\/\",\"url\":\"https:\/\/www.mesvendanges.com\/wp-content\/uploads\/2022\/02\/logo-mesvendanges.jpg\",\"contentUrl\":\"https:\/\/www.mesvendanges.com\/wp-content\/uploads\/2022\/02\/logo-mesvendanges.jpg\",\"width\":851,\"height\":260,\"caption\":\"Mes Vendanges\"},\"image\":{\"@id\":\"https:\/\/www.mesvendanges.com\/en\/#\/schema\/logo\/image\/\"}},{\"@type\":\"WebSite\",\"@id\":\"https:\/\/www.mesvendanges.com\/en\/#website\",\"url\":\"https:\/\/www.mesvendanges.com\/en\/\",\"name\":\"Mes Vendanges\",\"description\":\"Des journ\u00e9es enti\u00e8res dans les vignes\",\"publisher\":{\"@id\":\"https:\/\/www.mesvendanges.com\/en\/#organization\"},\"potentialAction\":[{\"@type\":\"SearchAction\",\"target\":{\"@type\":\"EntryPoint\",\"urlTemplate\":\"https:\/\/www.mesvendanges.com\/en\/?s={search_term_string}\"},\"query-input\":\"required name=search_term_string\"}],\"inLanguage\":\"fr-FR\"},{\"@type\":\"ImageObject\",\"inLanguage\":\"fr-FR\",\"@id\":\"https:\/\/www.mesvendanges.com\/fr\/boutique\/vins\/grain-mariage-chappaz-marie-therese-2023-75cl\/#primaryimage\",\"url\":\"https:\/\/www.mesvendanges.com\/wp-content\/uploads\/2026\/04\/marie-therese-chappaz-grain-mariage-2023-png.png\",\"contentUrl\":\"https:\/\/www.mesvendanges.com\/wp-content\/uploads\/2026\/04\/marie-therese-chappaz-grain-mariage-2023-png.png\",\"width\":459,\"height\":1500},{\"@type\":\"WebPage\",\"@id\":\"https:\/\/www.mesvendanges.com\/fr\/boutique\/vins\/grain-mariage-chappaz-marie-therese-2023-75cl\/\",\"url\":\"https:\/\/www.mesvendanges.com\/fr\/boutique\/vins\/grain-mariage-chappaz-marie-therese-2023-75cl\/\",\"name\":\"GRAIN MARIAGE - Mes Vendanges\",\"isPartOf\":{\"@id\":\"https:\/\/www.mesvendanges.com\/en\/#website\"},\"primaryImageOfPage\":{\"@id\":\"https:\/\/www.mesvendanges.com\/fr\/boutique\/vins\/grain-mariage-chappaz-marie-therese-2023-75cl\/#primaryimage\"},\"datePublished\":\"2026-04-25T08:43:01+00:00\",\"dateModified\":\"2026-04-26T10:51:22+00:00\",\"breadcrumb\":{\"@id\":\"https:\/\/www.mesvendanges.com\/fr\/boutique\/vins\/grain-mariage-chappaz-marie-therese-2023-75cl\/#breadcrumb\"},\"inLanguage\":\"fr-FR\",\"potentialAction\":[{\"@type\":\"ReadAction\",\"target\":[\"https:\/\/www.mesvendanges.com\/fr\/boutique\/vins\/grain-mariage-chappaz-marie-therese-2023-75cl\/\"]}]},{\"@type\":\"BreadcrumbList\",\"@id\":\"https:\/\/www.mesvendanges.com\/fr\/boutique\/vins\/grain-mariage-chappaz-marie-therese-2023-75cl\/#breadcrumb\",\"itemListElement\":[{\"@type\":\"ListItem\",\"position\":1,\"name\":\"Accueil\",\"item\":\"https:\/\/www.mesvendanges.com\/fr\/\"},{\"@type\":\"ListItem\",\"position\":2,\"name\":\"Boutique\",\"item\":\"https:\/\/www.mesvendanges.com\/fr\/boutique\/\"},{\"@type\":\"ListItem\",\"position\":3,\"name\":\"GRAIN MARIAGE\"}]}]}<\/script>\n<!-- \/ Yoast SEO plugin. -->","yoast_head_json":{"title":"GRAIN MARIAGE - Mes Vendanges","robots":{"index":"index","follow":"follow","max-snippet":"max-snippet:-1","max-image-preview":"max-image-preview:large","max-video-preview":"max-video-preview:-1"},"canonical":"https:\/\/www.mesvendanges.com\/fr\/boutique\/vins\/grain-mariage-chappaz-marie-therese-2023-75cl\/","og_locale":"fr_FR","og_type":"article","og_title":"GRAIN MARIAGE - Mes Vendanges","og_description":"Le Grain Mariage est un assemblage de Cornalin et d&#8217;Humagne rouge, c\u00e9pages embl\u00e9matiques du Valais. Terroir calcaire de Leyton. Elevage 12 mois en f\u00fbt Robe dense, nez toujours tr\u00e8s marqu\u00e9 par une belle cerise, un a\u00e9rien menthol\u00e9. La bouche est pleine, ample, tram\u00e9e par les riches tanins du cornalin. D\u00e8s l&#8217;attaque le fruit est soyeux, [&hellip;]","og_url":"https:\/\/www.mesvendanges.com\/fr\/boutique\/vins\/grain-mariage-chappaz-marie-therese-2023-75cl\/","og_site_name":"Mes Vendanges","article_modified_time":"2026-04-26T10:51:22+00:00","twitter_card":"summary_large_image","schema":{"@context":"https:\/\/schema.org","@graph":[{"@type":"Organization","@id":"https:\/\/www.mesvendanges.com\/en\/#organization","name":"Mes Vendanges","url":"https:\/\/www.mesvendanges.com\/en\/","sameAs":[],"logo":{"@type":"ImageObject","inLanguage":"fr-FR","@id":"https:\/\/www.mesvendanges.com\/en\/#\/schema\/logo\/image\/","url":"https:\/\/www.mesvendanges.com\/wp-content\/uploads\/2022\/02\/logo-mesvendanges.jpg","contentUrl":"https:\/\/www.mesvendanges.com\/wp-content\/uploads\/2022\/02\/logo-mesvendanges.jpg","width":851,"height":260,"caption":"Mes Vendanges"},"image":{"@id":"https:\/\/www.mesvendanges.com\/en\/#\/schema\/logo\/image\/"}},{"@type":"WebSite","@id":"https:\/\/www.mesvendanges.com\/en\/#website","url":"https:\/\/www.mesvendanges.com\/en\/","name":"Mes Vendanges","description":"Des journ\u00e9es enti\u00e8res dans les vignes","publisher":{"@id":"https:\/\/www.mesvendanges.com\/en\/#organization"},"potentialAction":[{"@type":"SearchAction","target":{"@type":"EntryPoint","urlTemplate":"https:\/\/www.mesvendanges.com\/en\/?s={search_term_string}"},"query-input":"required name=search_term_string"}],"inLanguage":"fr-FR"},{"@type":"ImageObject","inLanguage":"fr-FR","@id":"https:\/\/www.mesvendanges.com\/fr\/boutique\/vins\/grain-mariage-chappaz-marie-therese-2023-75cl\/#primaryimage","url":"https:\/\/www.mesvendanges.com\/wp-content\/uploads\/2026\/04\/marie-therese-chappaz-grain-mariage-2023-png.png","contentUrl":"https:\/\/www.mesvendanges.com\/wp-content\/uploads\/2026\/04\/marie-therese-chappaz-grain-mariage-2023-png.png","width":459,"height":1500},{"@type":"WebPage","@id":"https:\/\/www.mesvendanges.com\/fr\/boutique\/vins\/grain-mariage-chappaz-marie-therese-2023-75cl\/","url":"https:\/\/www.mesvendanges.com\/fr\/boutique\/vins\/grain-mariage-chappaz-marie-therese-2023-75cl\/","name":"GRAIN MARIAGE - Mes Vendanges","isPartOf":{"@id":"https:\/\/www.mesvendanges.com\/en\/#website"},"primaryImageOfPage":{"@id":"https:\/\/www.mesvendanges.com\/fr\/boutique\/vins\/grain-mariage-chappaz-marie-therese-2023-75cl\/#primaryimage"},"datePublished":"2026-04-25T08:43:01+00:00","dateModified":"2026-04-26T10:51:22+00:00","breadcrumb":{"@id":"https:\/\/www.mesvendanges.com\/fr\/boutique\/vins\/grain-mariage-chappaz-marie-therese-2023-75cl\/#breadcrumb"},"inLanguage":"fr-FR","potentialAction":[{"@type":"ReadAction","target":["https:\/\/www.mesvendanges.com\/fr\/boutique\/vins\/grain-mariage-chappaz-marie-therese-2023-75cl\/"]}]},{"@type":"BreadcrumbList","@id":"https:\/\/www.mesvendanges.com\/fr\/boutique\/vins\/grain-mariage-chappaz-marie-therese-2023-75cl\/#breadcrumb","itemListElement":[{"@type":"ListItem","position":1,"name":"Accueil","item":"https:\/\/www.mesvendanges.com\/fr\/"},{"@type":"ListItem","position":2,"name":"Boutique","item":"https:\/\/www.mesvendanges.com\/fr\/boutique\/"},{"@type":"ListItem","position":3,"name":"GRAIN MARIAGE"}]}]}},"_links":{"self":[{"href":"https:\/\/www.mesvendanges.com\/fr\/wp-json\/wp\/v2\/product\/91004"}],"collection":[{"href":"https:\/\/www.mesvendanges.com\/fr\/wp-json\/wp\/v2\/product"}],"about":[{"href":"https:\/\/www.mesvendanges.com\/fr\/wp-json\/wp\/v2\/types\/product"}],"wp:featuredmedia":[{"embeddable":true,"href":"https:\/\/www.mesvendanges.com\/fr\/wp-json\/wp\/v2\/media\/91035"}],"wp:attachment":[{"href":"https:\/\/www.mesvendanges.com\/fr\/wp-json\/wp\/v2\/media?parent=91004"}],"wp:term":[{"taxonomy":"product_cat","embeddable":true,"href":"https:\/\/www.mesvendanges.com\/fr\/wp-json\/wp\/v2\/product_cat?post=91004"},{"taxonomy":"product_tag","embeddable":true,"href":"https:\/\/www.mesvendanges.com\/fr\/wp-json\/wp\/v2\/product_tag?post=91004"}],"curies":[{"name":"wp","href":"https:\/\/api.w.org\/{rel}","templated":true}]}}